{"id":738,"date":"2018-09-11T00:40:29","date_gmt":"2018-09-10T21:40:29","guid":{"rendered":"http:\/\/pood.desolbeauty.ee\/?post_type=product&#038;p=738"},"modified":"2025-12-30T21:25:24","modified_gmt":"2025-12-30T19:25:24","slug":"dadi-koorija","status":"publish","type":"product","link":"https:\/\/shop.bestudio.ee\/et\/toode\/dadi-koorija\/","title":{"rendered":"DADI koorija, 311g"},"content":{"rendered":"<p>Kuidas kasutada:<\/p>\n<p>Kandke Dadi'koorija k\u00e4te, jalgade v\u00f5i keha niisutatud aladele.<br \/>\nMasseeri sisse. P\u00e4rast koorimist loputa sooja veega. L\u00f5peta Dadi Oil v\u00f5i Dadi Lotioniga.<\/p>\n<p>Dadi&#039; Scrub ei sisalda sulfaate, parabeene ega kunstlikke v\u00e4rvaineid.<\/p>\n<p>Suurused:<\/p>\n<p>311 g<\/p>","protected":false},"excerpt":{"rendered":"<p>ETTEVAATUST PROFESSIONAALSETE HINNADELE \u2013 PALUN LOGI SISSE!<\/p>\n<p>Soodne ja luksuslik kooriv ja konditsioneeriv k\u00e4te-, jalgade- ja kehapesuvahend, millel on sama aroom nagu auhinnatud Dadi \u00f5lil.<\/p>\n<p>Mida see teeb?<\/p>\n<p>Niisutab, koorib ja hooldab, j\u00e4ttes teie k\u00e4ed, jalad ja naha pehmeks, niisutatuks ja noorendatuks.<\/p>\n<p>Kasutamine:<\/p>\n<p>Kasuta eelmanik\u00fc\u00fcrina\/pedik\u00fc\u00fcrina, salongis v\u00f5i massaa\u017eis. Seisundi parandamiseks sobib seda ka kodus vaadata.<\/p>\n<p>100% orgaaniline koostis:<\/p>\n<p>Sool Suhkur<\/p>\n<p>Kookos\u00f5li<\/p>\n<p>Dadi \u00f5li\u00f5lid<\/p>","protected":false},"featured_media":10497,"template":"","meta":[],"product_brand":[],"product_cat":[52,63,234,237,244,246,245],"product_tag":[208,209,207,206],"class_list":{"0":"post-738","1":"product","2":"type-product","3":"status-publish","4":"has-post-thumbnail","6":"product_cat-famous-names","7":"product_cat-dadi-scrub","8":"product_cat-homecare-products","9":"product_cat-scrub","10":"product_cat-pedicure","11":"product_cat-homecare-products-pedicure","12":"product_cat-professional-products","13":"product_tag-koorimine","14":"product_tag-orgaaniline","15":"product_tag-organic","16":"product_tag-scrub","18":"first","19":"outofstock","20":"sold-individually","21":"taxable","22":"shipping-taxable","23":"purchasable","24":"product-type-simple"},"jetpack_sharing_enabled":true,"_links":{"self":[{"href":"https:\/\/shop.bestudio.ee\/et\/wp-json\/wp\/v2\/product\/738","targetHints":{"allow":["GET"]}}],"collection":[{"href":"https:\/\/shop.bestudio.ee\/et\/wp-json\/wp\/v2\/product"}],"about":[{"href":"https:\/\/shop.bestudio.ee\/et\/wp-json\/wp\/v2\/types\/product"}],"wp:featuredmedia":[{"embeddable":true,"href":"https:\/\/shop.bestudio.ee\/et\/wp-json\/wp\/v2\/media\/10497"}],"wp:attachment":[{"href":"https:\/\/shop.bestudio.ee\/et\/wp-json\/wp\/v2\/media?parent=738"}],"wp:term":[{"taxonomy":"product_brand","embeddable":true,"href":"https:\/\/shop.bestudio.ee\/et\/wp-json\/wp\/v2\/product_brand?post=738"},{"taxonomy":"product_cat","embeddable":true,"href":"https:\/\/shop.bestudio.ee\/et\/wp-json\/wp\/v2\/product_cat?post=738"},{"taxonomy":"product_tag","embeddable":true,"href":"https:\/\/shop.bestudio.ee\/et\/wp-json\/wp\/v2\/product_tag?post=738"}],"curies":[{"name":"t\u00f6\u00f6leht","href":"https:\/\/api.w.org\/{rel}","templated":true}]}}