{"id":8430,"date":"2021-09-23T14:58:13","date_gmt":"2021-09-23T11:58:13","guid":{"rendered":"https:\/\/pood.desolbeauty.ee\/?post_type=product&#038;p=8430"},"modified":"2025-01-06T11:19:44","modified_gmt":"2025-01-06T09:19:44","slug":"dadi-koorija-gold","status":"publish","type":"product","link":"https:\/\/shop.bestudio.ee\/et\/toode\/dadi-koorija-gold\/","title":{"rendered":"DADI scrub Gold, 454g"},"content":{"rendered":"<p>454 g<\/p>","protected":false},"excerpt":{"rendered":"<p>ETTEVAATUST PROFESSIONAALIDE HINDADEGA \u2013 LOGI SISSE!<\/p>\n<p>Meie auhinnatud Dadi Scrub on AU Complexiga viidud j\u00e4rgmisele tasemele! Kogege kahte \u00f5livaba koorimise ja niisutamise lainet.<\/p>\n<p>Peamised koostisained:<br \/>\n\u2022 AU kompleks: meie j\u00f5uline koostisosa t\u00e4iuslikuks pedik\u00fc\u00fcriks. Allantoiini ja uurea kombinatsioon. Lisateabe saamiseks vaadake AU Drenchi<br \/>\n\u2022 Sool, suhkur ja pimsskivi sobivad ideaalselt \u00f5rnaks nahakoorijaks<br \/>\n\u2022 P\u00f5hineb meie auhinnatud Dadi &#039;Oil&#039;il, millel on sama imeline aroom<br \/>\n\u2022 Koduhoolduse jaem\u00fc\u00fcgi v\u00f5imalus!<\/p>\n<p>\u2666 Toru on valmistatud biolagunevast suhkruroost<\/p>","protected":false},"featured_media":8431,"template":"","meta":[],"product_brand":[],"product_cat":[52,94,234,237,244,246,245],"product_tag":[208,209,207,206],"class_list":{"0":"post-8430","1":"product","2":"type-product","3":"status-publish","4":"has-post-thumbnail","6":"product_cat-famous-names","7":"product_cat-releaf","8":"product_cat-homecare-products","9":"product_cat-scrub","10":"product_cat-pedicure","11":"product_cat-homecare-products-pedicure","12":"product_cat-professional-products","13":"product_tag-koorimine","14":"product_tag-orgaaniline","15":"product_tag-organic","16":"product_tag-scrub","18":"first","19":"outofstock","20":"sale","21":"taxable","22":"shipping-taxable","23":"purchasable","24":"product-type-simple"},"jetpack_sharing_enabled":true,"_links":{"self":[{"href":"https:\/\/shop.bestudio.ee\/et\/wp-json\/wp\/v2\/product\/8430","targetHints":{"allow":["GET"]}}],"collection":[{"href":"https:\/\/shop.bestudio.ee\/et\/wp-json\/wp\/v2\/product"}],"about":[{"href":"https:\/\/shop.bestudio.ee\/et\/wp-json\/wp\/v2\/types\/product"}],"wp:featuredmedia":[{"embeddable":true,"href":"https:\/\/shop.bestudio.ee\/et\/wp-json\/wp\/v2\/media\/8431"}],"wp:attachment":[{"href":"https:\/\/shop.bestudio.ee\/et\/wp-json\/wp\/v2\/media?parent=8430"}],"wp:term":[{"taxonomy":"product_brand","embeddable":true,"href":"https:\/\/shop.bestudio.ee\/et\/wp-json\/wp\/v2\/product_brand?post=8430"},{"taxonomy":"product_cat","embeddable":true,"href":"https:\/\/shop.bestudio.ee\/et\/wp-json\/wp\/v2\/product_cat?post=8430"},{"taxonomy":"product_tag","embeddable":true,"href":"https:\/\/shop.bestudio.ee\/et\/wp-json\/wp\/v2\/product_tag?post=8430"}],"curies":[{"name":"t\u00f6\u00f6leht","href":"https:\/\/api.w.org\/{rel}","templated":true}]}}