{"id":8457,"date":"2021-12-05T17:55:20","date_gmt":"2021-12-05T17:55:20","guid":{"rendered":"https:\/\/pood.desolbeauty.ee\/?post_type=product&#038;p=8457"},"modified":"2024-12-02T00:01:46","modified_gmt":"2024-12-01T22:01:46","slug":"au-drench-91g","status":"publish","type":"product","link":"https:\/\/shop.bestudio.ee\/et\/toode\/au-drench-91g\/","title":{"rendered":"AU Drench, 91g"},"content":{"rendered":"<p>91 g,<\/p>\n<p>Koostis: Allantoiin<\/p>\n<p>\u2022 Nahakaitse: kasutatud iidsetest aegadest rahustamiseks, \u00e4rrituse v\u00e4hendamiseks ja paranemise parandamiseks<\/p>\n<p>\u2022 Soodustab rakkude taastumist<\/p>\n<p>\u2022 Superniisutaja nahale<\/p>\n<p>\u2022 Rahustab nahka ja p\u00f5letikuvastast Uurea<\/p>\n<p>\u2022 Niiskusemagnet nahale<\/p>\n<p>\u2022 T\u00f5mbab vett epidermisesse ja hoiab seda seal<\/p>\n<p>\u2022 Antimikroobsed omadused<\/p>\n<p>\u2022 Soodustab naha paranemist ja omab p\u00f5letikuvastaseid omadusi<\/p>","protected":false},"excerpt":{"rendered":"<p>ETTEVAATUST PROFESSIONAALIDE HINDADEGA \u2013 LOGI SISSE!<\/p>\n<p>Anname allantoiini ja uurea v\u00e4e TEIE k\u00e4tesse. Teie otsustate oma kliendi jaoks \u00f5ige protsendi. Vaadake koostisosi... Allantoiin ja uurea. Drenchis pole &quot;t\u00e4iteaineid&quot;! Valmistatud 100% AU kompleksist\u2026 &quot;Meie v\u00f5imas koostisaine puhta naha niisutamiseks&quot;<\/p>\n<p>Parema kogemuse saamiseks kasutage oma jalavannis \u00fchte teelusikat\u00e4it AU Drenchi koos SOAK-A-LYPYUS\u2122-iga.<\/p>","protected":false},"featured_media":8458,"template":"","meta":[],"product_brand":[],"product_cat":[52,94,244,245],"product_tag":[],"class_list":{"0":"post-8457","1":"product","2":"type-product","3":"status-publish","4":"has-post-thumbnail","6":"product_cat-famous-names","7":"product_cat-releaf","8":"product_cat-pedicure","9":"product_cat-professional-products","11":"first","12":"instock","13":"taxable","14":"shipping-taxable","15":"purchasable","16":"product-type-simple"},"jetpack_sharing_enabled":true,"_links":{"self":[{"href":"https:\/\/shop.bestudio.ee\/et\/wp-json\/wp\/v2\/product\/8457","targetHints":{"allow":["GET"]}}],"collection":[{"href":"https:\/\/shop.bestudio.ee\/et\/wp-json\/wp\/v2\/product"}],"about":[{"href":"https:\/\/shop.bestudio.ee\/et\/wp-json\/wp\/v2\/types\/product"}],"wp:featuredmedia":[{"embeddable":true,"href":"https:\/\/shop.bestudio.ee\/et\/wp-json\/wp\/v2\/media\/8458"}],"wp:attachment":[{"href":"https:\/\/shop.bestudio.ee\/et\/wp-json\/wp\/v2\/media?parent=8457"}],"wp:term":[{"taxonomy":"product_brand","embeddable":true,"href":"https:\/\/shop.bestudio.ee\/et\/wp-json\/wp\/v2\/product_brand?post=8457"},{"taxonomy":"product_cat","embeddable":true,"href":"https:\/\/shop.bestudio.ee\/et\/wp-json\/wp\/v2\/product_cat?post=8457"},{"taxonomy":"product_tag","embeddable":true,"href":"https:\/\/shop.bestudio.ee\/et\/wp-json\/wp\/v2\/product_tag?post=8457"}],"curies":[{"name":"t\u00f6\u00f6leht","href":"https:\/\/api.w.org\/{rel}","templated":true}]}}