{"id":8459,"date":"2021-12-05T17:59:54","date_gmt":"2021-12-05T17:59:54","guid":{"rendered":"https:\/\/pood.desolbeauty.ee\/?post_type=product&#038;p=8459"},"modified":"2024-07-04T07:12:18","modified_gmt":"2024-07-04T07:12:18","slug":"dadi-kreem-gold-130g","status":"publish","type":"product","link":"https:\/\/shop.bestudio.ee\/et\/toode\/dadi-kreem-gold-130g\/","title":{"rendered":"DADI kreem Gold, 145ml"},"content":{"rendered":"<p>130 g,<\/p>\n<p>Peamised koostisained:<br \/>\n\u2022 AU Complex: meie v\u00f5imsad koostisosad t\u00e4iuslikuks pedik\u00fc\u00fcriks. Allantoiini ja uurea kombinatsioon. Lisateabe saamiseks vaadake AU Drenchi<br \/>\n\u2022 Niisutav valem t\u00f5stab naha niiskustaset<br \/>\n\u2022 P\u00f5hineb meie auhinnatud Dadi \u00f5lil, millel on sama imeline aroom<\/p>","protected":false},"excerpt":{"rendered":"<p>ETTEVAATUST PROFESSIONAALIDE HINDADEGA \u2013 LOGI SISSE!<\/p>\n<p>Meie auhinnatud Luxury Dadi&#039; Lotion koos AU Complexiga\u2026 Kiiresti imenduv, mitterasvane preemia jalgadele, k\u00e4tele ja n\u00e4ole!<\/p>\n<p>\u2666 Toru on valmistatud biolagunevast suhkruroost<\/p>","protected":false},"featured_media":8460,"template":"","meta":[],"product_brand":[],"product_cat":[52,94,234,236,244,246],"product_tag":[183,184,185,101],"class_list":{"0":"post-8459","1":"product","2":"type-product","3":"status-publish","4":"has-post-thumbnail","6":"product_cat-famous-names","7":"product_cat-releaf","8":"product_cat-homecare-products","9":"product_cat-lotion-cream","10":"product_cat-pedicure","11":"product_cat-homecare-products-pedicure","12":"product_tag-cream","13":"product_tag-kreem","14":"product_tag-losjoon","15":"product_tag-lotion","17":"first","18":"outofstock","19":"sale","20":"taxable","21":"shipping-taxable","22":"purchasable","23":"product-type-simple"},"jetpack_sharing_enabled":true,"_links":{"self":[{"href":"https:\/\/shop.bestudio.ee\/et\/wp-json\/wp\/v2\/product\/8459","targetHints":{"allow":["GET"]}}],"collection":[{"href":"https:\/\/shop.bestudio.ee\/et\/wp-json\/wp\/v2\/product"}],"about":[{"href":"https:\/\/shop.bestudio.ee\/et\/wp-json\/wp\/v2\/types\/product"}],"wp:featuredmedia":[{"embeddable":true,"href":"https:\/\/shop.bestudio.ee\/et\/wp-json\/wp\/v2\/media\/8460"}],"wp:attachment":[{"href":"https:\/\/shop.bestudio.ee\/et\/wp-json\/wp\/v2\/media?parent=8459"}],"wp:term":[{"taxonomy":"product_brand","embeddable":true,"href":"https:\/\/shop.bestudio.ee\/et\/wp-json\/wp\/v2\/product_brand?post=8459"},{"taxonomy":"product_cat","embeddable":true,"href":"https:\/\/shop.bestudio.ee\/et\/wp-json\/wp\/v2\/product_cat?post=8459"},{"taxonomy":"product_tag","embeddable":true,"href":"https:\/\/shop.bestudio.ee\/et\/wp-json\/wp\/v2\/product_tag?post=8459"}],"curies":[{"name":"t\u00f6\u00f6leht","href":"https:\/\/api.w.org\/{rel}","templated":true}]}}