{"id":8461,"date":"2021-12-05T18:02:24","date_gmt":"2021-12-05T18:02:24","guid":{"rendered":"https:\/\/pood.desolbeauty.ee\/?post_type=product&#038;p=8461"},"modified":"2024-12-02T00:01:46","modified_gmt":"2024-12-01T22:01:46","slug":"cuti-cal-124ml","status":"publish","type":"product","link":"https:\/\/shop.bestudio.ee\/et\/toode\/cuti-cal-124ml\/","title":{"rendered":"Cuti-cal, 124ml"},"content":{"rendered":"<p>124 ml,<\/p>\n<p>Peamised koostisained:<br \/>\n\u2022 AU Complex: meie v\u00f5imas koostisosa t\u00e4iuslikuks pedik\u00fc\u00fcriks. Allantoiini ja uurea kombinatsioon. Lisateabe saamiseks vaadake AU Complexi<br \/>\n\u2022 Nahka kaitsvad ained, mis t\u00f5mbavad ligi ja hoiavad nahas niiskust<br \/>\n\u2022 Pakub kaitset \u00e4rritajate ja p\u00f5letike eest<br \/>\n\u2022 Imeline spaalaadne l\u00f5hn<\/p>","protected":false},"excerpt":{"rendered":"<p>ETTEVAATUST PROFESSIONAALIDE HINDADEGA \u2013 LOGI SISSE!<\/p>\n<p>K\u00f5ik-\u00fches loputamata kalluseeemaldaja ja k\u00fc\u00fcnenaha eemaldaja. Toimib kiiresti ja t\u00f5husalt surnud naharakkude koorimiseks. Ideaalne ka manik\u00fc\u00fcriks!<\/p>","protected":false},"featured_media":8462,"template":"","meta":[],"product_brand":[],"product_cat":[52,94,227,244,245],"product_tag":[189,188],"class_list":{"0":"post-8461","1":"product","2":"type-product","3":"status-publish","4":"has-post-thumbnail","6":"product_cat-famous-names","7":"product_cat-releaf","8":"product_cat-liquids-and-prep","9":"product_cat-pedicure","10":"product_cat-professional-products","11":"product_tag-cuticle-remover","12":"product_tag-kuunenaha-eemaldaja","14":"first","15":"instock","16":"taxable","17":"shipping-taxable","18":"purchasable","19":"product-type-simple"},"jetpack_sharing_enabled":true,"_links":{"self":[{"href":"https:\/\/shop.bestudio.ee\/et\/wp-json\/wp\/v2\/product\/8461","targetHints":{"allow":["GET"]}}],"collection":[{"href":"https:\/\/shop.bestudio.ee\/et\/wp-json\/wp\/v2\/product"}],"about":[{"href":"https:\/\/shop.bestudio.ee\/et\/wp-json\/wp\/v2\/types\/product"}],"wp:featuredmedia":[{"embeddable":true,"href":"https:\/\/shop.bestudio.ee\/et\/wp-json\/wp\/v2\/media\/8462"}],"wp:attachment":[{"href":"https:\/\/shop.bestudio.ee\/et\/wp-json\/wp\/v2\/media?parent=8461"}],"wp:term":[{"taxonomy":"product_brand","embeddable":true,"href":"https:\/\/shop.bestudio.ee\/et\/wp-json\/wp\/v2\/product_brand?post=8461"},{"taxonomy":"product_cat","embeddable":true,"href":"https:\/\/shop.bestudio.ee\/et\/wp-json\/wp\/v2\/product_cat?post=8461"},{"taxonomy":"product_tag","embeddable":true,"href":"https:\/\/shop.bestudio.ee\/et\/wp-json\/wp\/v2\/product_tag?post=8461"}],"curies":[{"name":"t\u00f6\u00f6leht","href":"https:\/\/api.w.org\/{rel}","templated":true}]}}