{"id":8463,"date":"2021-12-05T18:05:12","date_gmt":"2021-12-05T18:05:12","guid":{"rendered":"https:\/\/pood.desolbeauty.ee\/?post_type=product&#038;p=8463"},"modified":"2024-12-02T00:01:46","modified_gmt":"2024-12-01T22:01:46","slug":"finish-124ml","status":"publish","type":"product","link":"https:\/\/shop.bestudio.ee\/et\/toode\/finish-124ml\/","title":{"rendered":"Viimistlus, 124 ml"},"content":{"rendered":"<p>124 ml,<\/p>\n<p>Peamised koostisained:<br \/>\n\u2022 AU Complex: meie v\u00f5imsad koostisosad t\u00e4iuslikuks pedik\u00fc\u00fcriks. Allantoiini ja uurea kombinatsioon. Lisateabe saamiseks vaadake AU Complexi<br \/>\n\u2022 Nahka kaitsvad ained, mis t\u00f5mbavad ligi ja hoiavad nahas niiskust<br \/>\n\u2022 Pakub kaitset \u00e4rritajate ja p\u00f5letike eest<br \/>\n\u2022 Jahutab ja v\u00e4rskendab nahka\u2026 ideaalne p\u00e4rast treeningut!<\/p>","protected":false},"excerpt":{"rendered":"<p>ETTEVAATUST PROFESSIONAALIDE HINDADEGA \u2013 LOGI SISSE!<\/p>\n<p>T\u00e4iuslik viimistlus t\u00e4iuslikuks pedik\u00fc\u00fcriks\u2026 Stimuleeriv ja v\u00e4rskendav isekuivav sprei jalgadele, k\u00e4tele ja n\u00e4ole.<\/p>","protected":false},"featured_media":8464,"template":"","meta":[],"product_brand":[],"product_cat":[52,94,244,245],"product_tag":[],"class_list":{"0":"post-8463","1":"product","2":"type-product","3":"status-publish","4":"has-post-thumbnail","6":"product_cat-famous-names","7":"product_cat-releaf","8":"product_cat-pedicure","9":"product_cat-professional-products","11":"first","12":"instock","13":"taxable","14":"shipping-taxable","15":"purchasable","16":"product-type-simple"},"jetpack_sharing_enabled":true,"_links":{"self":[{"href":"https:\/\/shop.bestudio.ee\/et\/wp-json\/wp\/v2\/product\/8463","targetHints":{"allow":["GET"]}}],"collection":[{"href":"https:\/\/shop.bestudio.ee\/et\/wp-json\/wp\/v2\/product"}],"about":[{"href":"https:\/\/shop.bestudio.ee\/et\/wp-json\/wp\/v2\/types\/product"}],"wp:featuredmedia":[{"embeddable":true,"href":"https:\/\/shop.bestudio.ee\/et\/wp-json\/wp\/v2\/media\/8464"}],"wp:attachment":[{"href":"https:\/\/shop.bestudio.ee\/et\/wp-json\/wp\/v2\/media?parent=8463"}],"wp:term":[{"taxonomy":"product_brand","embeddable":true,"href":"https:\/\/shop.bestudio.ee\/et\/wp-json\/wp\/v2\/product_brand?post=8463"},{"taxonomy":"product_cat","embeddable":true,"href":"https:\/\/shop.bestudio.ee\/et\/wp-json\/wp\/v2\/product_cat?post=8463"},{"taxonomy":"product_tag","embeddable":true,"href":"https:\/\/shop.bestudio.ee\/et\/wp-json\/wp\/v2\/product_tag?post=8463"}],"curies":[{"name":"t\u00f6\u00f6leht","href":"https:\/\/api.w.org\/{rel}","templated":true}]}}