{"id":8465,"date":"2021-12-05T18:08:29","date_gmt":"2021-12-05T18:08:29","guid":{"rendered":"https:\/\/pood.desolbeauty.ee\/?post_type=product&#038;p=8465"},"modified":"2024-07-04T07:12:34","modified_gmt":"2024-07-04T07:12:34","slug":"dadi-koorija-golg-145g","status":"publish","type":"product","link":"https:\/\/shop.bestudio.ee\/et\/toode\/dadi-koorija-golg-145g\/","title":{"rendered":"DADI koorija Golg, 145g"},"content":{"rendered":"<p>145 g,<\/p>\n<p>Peamised koostisained:<br \/>\n\u2022 AU Complex: meie v\u00f5imsad koostisosad t\u00e4iuslikuks pedik\u00fc\u00fcriks. Allantoiini ja uurea kombinatsioon. Lisateabe saamiseks vaadake AU Drenchi<br \/>\n\u2022 Sool, suhkur ja pimsskivi moodustavad nahale ideaalse \u00f5rna koorija<br \/>\n\u2022 P\u00f5hineb meie auhinnatud Dadi \u00f5lil, millel on sama imeline aroom<\/p>","protected":false},"excerpt":{"rendered":"<p>ETTEVAATUST PROFESSIONAALIDE HINDADEGA \u2013 LOGI SISSE!<\/p>\n<p>Meie auhinnatud Dadi Scrub on AU Complexiga viidud j\u00e4rgmisele tasemele! Kogege kahte rasvavaba koorimise ja niisutamise lainet.<\/p>\n<p>\u2666 Toru on valmistatud biolagunevast suhkruroost<\/p>","protected":false},"featured_media":8431,"template":"","meta":[],"product_brand":[],"product_cat":[52,94,234,237,244,246],"product_tag":[208,209,207,206],"class_list":{"0":"post-8465","1":"product","2":"type-product","3":"status-publish","4":"has-post-thumbnail","6":"product_cat-famous-names","7":"product_cat-releaf","8":"product_cat-homecare-products","9":"product_cat-scrub","10":"product_cat-pedicure","11":"product_cat-homecare-products-pedicure","12":"product_tag-koorimine","13":"product_tag-orgaaniline","14":"product_tag-organic","15":"product_tag-scrub","17":"first","18":"outofstock","19":"sale","20":"taxable","21":"shipping-taxable","22":"purchasable","23":"product-type-simple"},"jetpack_sharing_enabled":true,"_links":{"self":[{"href":"https:\/\/shop.bestudio.ee\/et\/wp-json\/wp\/v2\/product\/8465","targetHints":{"allow":["GET"]}}],"collection":[{"href":"https:\/\/shop.bestudio.ee\/et\/wp-json\/wp\/v2\/product"}],"about":[{"href":"https:\/\/shop.bestudio.ee\/et\/wp-json\/wp\/v2\/types\/product"}],"wp:featuredmedia":[{"embeddable":true,"href":"https:\/\/shop.bestudio.ee\/et\/wp-json\/wp\/v2\/media\/8431"}],"wp:attachment":[{"href":"https:\/\/shop.bestudio.ee\/et\/wp-json\/wp\/v2\/media?parent=8465"}],"wp:term":[{"taxonomy":"product_brand","embeddable":true,"href":"https:\/\/shop.bestudio.ee\/et\/wp-json\/wp\/v2\/product_brand?post=8465"},{"taxonomy":"product_cat","embeddable":true,"href":"https:\/\/shop.bestudio.ee\/et\/wp-json\/wp\/v2\/product_cat?post=8465"},{"taxonomy":"product_tag","embeddable":true,"href":"https:\/\/shop.bestudio.ee\/et\/wp-json\/wp\/v2\/product_tag?post=8465"}],"curies":[{"name":"t\u00f6\u00f6leht","href":"https:\/\/api.w.org\/{rel}","templated":true}]}}