{"id":8579,"date":"2022-06-01T01:30:47","date_gmt":"2022-06-01T01:30:47","guid":{"rendered":"https:\/\/pood.desolbeauty.ee\/?post_type=product&#038;p=8579"},"modified":"2025-12-01T00:32:10","modified_gmt":"2025-11-30T22:32:10","slug":"balancing-care-gel-tasakaalustav-hooldusgeel","status":"publish","type":"product","link":"https:\/\/shop.bestudio.ee\/et\/toode\/balancing-care-gel-tasakaalustav-hooldusgeel\/","title":{"rendered":"Tasakaalustav hooldusgeel"},"content":{"rendered":"<p>50 ml,<\/p>\n<p>Hamamelis reguleerib higin\u00e4\u00e4rmeid, v\u00e4rskendab, h\u00e4vitab baktereid nahapoorides, on erakordse antiseptilise, p\u00f5letiku- ja seenevastase toimega. See rahustab ja aitab paraneda pragusid ja kriimustusi, toimib v\u00f5imsa antioks\u00fcdandina.<\/p>\n<p>Escin on hobukastani seemneekstraktist toodetud toimeaine. Leevendab turset ja v\u00e4simust, on venotoonilise ja p\u00f5letikuvastase toimega, taastab kapillaaride l\u00e4bilaskvuse ja v\u00e4hendab angiasteeniat.<\/p>\n<p>Mustikaekstrakt niisutab ja rahustab nahka t\u00e4nu oma kergele valuvaigistavale toimele. Stimuleerib rakkude paljunemist ja haavade paranemist, parandab pragusid ja eemaldab kareda ja kuiva naha laigud. Ruskuse ekstrakt on v\u00f5imas turse- ja tursetevastane loodusravim, mis tugevdab veresooni, parandab mikrotsirkulatsiooni, on vasokonstriktsiooni ja p\u00f5letikuvastase toimega, leevendab jalgade punetust ja v\u00e4simust.<\/p>\n<p>Mentool aitab v\u00e4hendada p\u00f5letikku, leevendab valu ja s\u00fcgelust ning rahustab nahka.<\/p>\n<p>Ment\u00fc\u00fcllaktaat on rahustava p\u00f5letikuvastase toimega, stimuleerib mikrotsirkulatsiooni, toniseerib nahka.<\/p>\n<p>Kandke puhtale kuivale nahale, masseerige kuni t\u00e4ieliku imendumiseni.<\/p>","protected":false},"excerpt":{"rendered":"<p>ETTEVAATUST PROFESSIONAALIDE HINDADEGA \u2013 PALUN LOGI SISSE!<\/p>\n<p>Tasakaalustav hooldusgeel m\u00e4rgadele jalgadele sisaldab v\u00e4ga kontsentreeritud ekstraktide ja bioaktiivsete komponentide kompleksi. Rahustab ja optimeerib higin\u00e4\u00e4rmete t\u00f6\u00f6d, on antiseptilise ja kokkut\u00f5mbava toimega. Annab jalgadele p\u00fcsiva v\u00e4rskustunde, m\u00f5jub jahutavalt. Toniseerib, parandab mikrotsirkulatsiooni ja ainevahetusprotsesse, v\u00e4ltides raskustunnet ja v\u00e4simust jalgades ning omab tursevastast toimet. See on parabeeni- ja silikoonivaba.<\/p>","protected":false},"featured_media":8580,"template":"","meta":[],"product_brand":[],"product_cat":[99,97,98,234,236,244,246],"product_tag":[187,186],"class_list":{"0":"post-8579","1":"product","2":"type-product","3":"status-publish","4":"has-post-thumbnail","6":"product_cat-straderm","7":"product_cat-personal-use","8":"product_cat-professional-use","9":"product_cat-homecare-products","10":"product_cat-lotion-cream","11":"product_cat-pedicure","12":"product_cat-homecare-products-pedicure","13":"product_tag-care-gel","14":"product_tag-hooldusgeel","16":"first","17":"instock","18":"taxable","19":"shipping-taxable","20":"purchasable","21":"product-type-simple"},"jetpack_sharing_enabled":true,"_links":{"self":[{"href":"https:\/\/shop.bestudio.ee\/et\/wp-json\/wp\/v2\/product\/8579","targetHints":{"allow":["GET"]}}],"collection":[{"href":"https:\/\/shop.bestudio.ee\/et\/wp-json\/wp\/v2\/product"}],"about":[{"href":"https:\/\/shop.bestudio.ee\/et\/wp-json\/wp\/v2\/types\/product"}],"wp:featuredmedia":[{"embeddable":true,"href":"https:\/\/shop.bestudio.ee\/et\/wp-json\/wp\/v2\/media\/8580"}],"wp:attachment":[{"href":"https:\/\/shop.bestudio.ee\/et\/wp-json\/wp\/v2\/media?parent=8579"}],"wp:term":[{"taxonomy":"product_brand","embeddable":true,"href":"https:\/\/shop.bestudio.ee\/et\/wp-json\/wp\/v2\/product_brand?post=8579"},{"taxonomy":"product_cat","embeddable":true,"href":"https:\/\/shop.bestudio.ee\/et\/wp-json\/wp\/v2\/product_cat?post=8579"},{"taxonomy":"product_tag","embeddable":true,"href":"https:\/\/shop.bestudio.ee\/et\/wp-json\/wp\/v2\/product_tag?post=8579"}],"curies":[{"name":"t\u00f6\u00f6leht","href":"https:\/\/api.w.org\/{rel}","templated":true}]}}