{"id":8584,"date":"2022-06-03T03:50:16","date_gmt":"2022-06-03T00:50:16","guid":{"rendered":"https:\/\/pood.desolbeauty.ee\/?post_type=product&#038;p=8584"},"modified":"2025-12-01T00:32:10","modified_gmt":"2025-11-30T22:32:10","slug":"revitalizing-cream-taaselastav-kreem","status":"publish","type":"product","link":"https:\/\/shop.bestudio.ee\/et\/toode\/revitalizing-cream-taaselastav-kreem\/","title":{"rendered":"Taaselustav kreem"},"content":{"rendered":"<p>50 ml,<\/p>\n<p>Jojobaseemne\u00f5li niisutab, toidab ja suurendab naha pinguldatust, eemaldades esimesed vananemise m\u00e4rgid. See kiirendab nahka<br \/>\nnoorendab, parandab selle elastsust ja heledab vanuselaike.<\/p>\n<p>Niatsiinamiid aitab kaasa kollageeni tootmisele, t\u00f5stab naha toonust, taastab naha elastsuse, neutraliseerib ketendust, \u00e4rritust ja deh\u00fcdratsiooni ning aeglustab vananemist.<\/p>\n<p>Magusa mandli \u00f5li pehmendab ja niisutab, \u00fchtlustab nahatooni ja leevendab, leevendab kuivust, \u00e4rritust ja ketendust.<\/p>\n<p>Pantenool niisutab ja tervendab, normaliseerib rakkude ainevahetust, kiirendab kollageeni tootmist, taastab ainevahetusprotsesse, mis hoiab naha toonust ja noorust.<\/p>\n<p>Antioks\u00fcdant E-vitamiin tungib nahakihtidesse ja taastab kahjustatud struktuure, tugevdades naha barj\u00e4\u00e4rifunktsiooni ja v\u00e4hendades transepidermaalset veekadu.<\/p>\n<p>UV-filtrid hoiavad \u00e4ra pigmentatsiooni.<\/p>\n<p>&nbsp;<\/p>\n<p>Kandke puhtale kuivale nahale, masseerige kuni t\u00e4ieliku imendumiseni.<\/p>","protected":false},"excerpt":{"rendered":"<p>ETTEVAATUST PROFESSIONAALIDE HINDADEGA \u2013 LOGI SISSE!<\/p>\n<p>Niisutab ja toidab t\u00f5husalt, stimuleerib kollageeni ja elastiini tootmist, suurendades naha tugevust ja elastsust. Ainulaadne antioks\u00fcdantide, vitamiinide ja niatsiinamiidi kompleks tagab maksimaalse toitumise ja taaselustamise rakutasandil, kaitseb nahka deh\u00fcdratsiooni ja elastsuse kadumise eest, j\u00e4ttes naha vabaks kleepumisest ja rasvasest l\u00e4ikest. UV-filtrite kompleks aitab v\u00e4ltida pigmentatsiooni ja naha fotovananemist. See on parabeeni- ja silikoonivaba.<\/p>","protected":false},"featured_media":8585,"template":"","meta":[],"product_brand":[],"product_cat":[99,97,98,234,236,244,246],"product_tag":[183,184,185,101],"class_list":{"0":"post-8584","1":"product","2":"type-product","3":"status-publish","4":"has-post-thumbnail","6":"product_cat-straderm","7":"product_cat-personal-use","8":"product_cat-professional-use","9":"product_cat-homecare-products","10":"product_cat-lotion-cream","11":"product_cat-pedicure","12":"product_cat-homecare-products-pedicure","13":"product_tag-cream","14":"product_tag-kreem","15":"product_tag-losjoon","16":"product_tag-lotion","18":"first","19":"instock","20":"taxable","21":"shipping-taxable","22":"purchasable","23":"product-type-simple"},"jetpack_sharing_enabled":true,"_links":{"self":[{"href":"https:\/\/shop.bestudio.ee\/et\/wp-json\/wp\/v2\/product\/8584","targetHints":{"allow":["GET"]}}],"collection":[{"href":"https:\/\/shop.bestudio.ee\/et\/wp-json\/wp\/v2\/product"}],"about":[{"href":"https:\/\/shop.bestudio.ee\/et\/wp-json\/wp\/v2\/types\/product"}],"wp:featuredmedia":[{"embeddable":true,"href":"https:\/\/shop.bestudio.ee\/et\/wp-json\/wp\/v2\/media\/8585"}],"wp:attachment":[{"href":"https:\/\/shop.bestudio.ee\/et\/wp-json\/wp\/v2\/media?parent=8584"}],"wp:term":[{"taxonomy":"product_brand","embeddable":true,"href":"https:\/\/shop.bestudio.ee\/et\/wp-json\/wp\/v2\/product_brand?post=8584"},{"taxonomy":"product_cat","embeddable":true,"href":"https:\/\/shop.bestudio.ee\/et\/wp-json\/wp\/v2\/product_cat?post=8584"},{"taxonomy":"product_tag","embeddable":true,"href":"https:\/\/shop.bestudio.ee\/et\/wp-json\/wp\/v2\/product_tag?post=8584"}],"curies":[{"name":"t\u00f6\u00f6leht","href":"https:\/\/api.w.org\/{rel}","templated":true}]}}