{"id":8587,"date":"2022-06-03T01:06:30","date_gmt":"2022-06-03T01:06:30","guid":{"rendered":"https:\/\/pood.desolbeauty.ee\/?post_type=product&#038;p=8587"},"modified":"2026-03-03T12:40:32","modified_gmt":"2026-03-03T10:40:32","slug":"ultra-moisturizing-repair-cream-ultra-moisturizing-repair-kreem","status":"publish","type":"product","link":"https:\/\/shop.bestudio.ee\/et\/toode\/ultra-moisturizing-repair-cream-ultra-moisturizing-repair-kreem\/","title":{"rendered":"Ultraniisutav parandus"},"content":{"rendered":"<p>50 ml,<\/p>\n<p>Keramiidid (keramiidid) taastavad nahale vajalikke lipiide, leevendavad kuivust ja deh\u00fcdratsiooni, tugevdavad kohalikku immuunsust ning stimuleerivad loomulikku kollageeni ja elastiini tootmist. Nad leevendavad p\u00f5letikku ja \u00e4rritust, kaitstes nahka agressiivsete keskkonnam\u00f5jude eest.<\/p>\n<p>Piimhape niisutab ja s\u00e4ilitab niiskust, jaotades selle \u00fchtlaselt epidermise s\u00fcgavates kihtides. See stimuleerib fibroblastide tootmist, mis suurendavad nende h\u00fcaluroonhappe s\u00fcnteesi, mis on v\u00f5imas looduslik niisutaja. Looduslik t\u00e4iteaine hoiab naha sileda ja elastsena.<\/p>\n<p>3D h\u00fcaluroonhape tagab p\u00fcsiva niisutuse ja suurendab naha elastsust. Stimuleerib enda kollageeni ja elastiini tootmist, samuti h\u00fcaluroonhappe tootmist.<\/p>\n<p>Karbamiid niisutab, leevendab naha pingulolekut, kompenseerib veekadu, kiirendab rakkude taastumist. 10% kontsentratsioonil on p\u00f5letikuvastane toime, see v\u00e4hendab \u00e4rritust ja aitab kaasa rakkude uuenemisele.<\/p>\n<p>Niatsiinamiid (B3) ja biotiin (B7) tugevdavad ja toidavad nahka, stimuleerivad kollageeni tootmist ja t\u00f5stavad naha toonust, taastavad naha elastsuse, neutraliseerivad ketendust, \u00e4rritust ja deh\u00fcdratsiooni, aeglustavad naha vananemist.<\/p>\n<p>Pantenool niisutab ja aitab paraneda, normaliseerib rakkude ainevahetust, kiirendab kollageeni tootmist, taastades ainevahetusprotsesse, mis aitab kaasa naha toonusele ja noorusele.<\/p>\n<p>Magusa mandli \u00f5li toidab, niisutab ja leevendab kuivust, \u00e4rritust ja ketendust. \u00dchtlustab nahatooni, ennetab ja eemaldab h\u00fcperpigmentatsiooni.<\/p>\n<p>Vitamiinid E + C toimivad vitamiinide s\u00fcnergiana, niisutades ja rahustades, hoides \u00e4ra naha enneaegse vananemise m\u00e4rke.<\/p>\n<p>&nbsp;<\/p>\n<p>Kandke kreem puhtale nahale ja masseerige kuni t\u00e4ieliku imendumiseni. Kasutage mitu korda p\u00e4evas naha s\u00fcgavaks niisutamiseks, toitmiseks ja taastamiseks.<\/p>","protected":false},"excerpt":{"rendered":"<p>ETTEVAATUST PROFESSIONAALIDE HINDADEGA \u2013 PALUN LOGI SISSE!<\/p>\n<p>Intensiivselt niisutav k\u00e4te- ja jalakreem sisaldab bioaktiivsete keramiidide, vitamiinide, h\u00fcaluroon- ja piimhapete kompleksi, niisutab koheselt ja leevendab kuivust, ketendamist, taastab l\u00f5henenud nahka. See rahustab t\u00f5husalt \u00e4rritunud nahka, eemaldab punetuse, p\u00f5letiku ja dermatiidi. See kaitseb negatiivse eest<br \/>\nkeskkonnategurid kogu p\u00e4eva jooksul. See on parabeeni- ja silikoonivaba.<\/p>","protected":false},"featured_media":8588,"template":"","meta":[],"product_brand":[],"product_cat":[99,97,98,234,236,244,246],"product_tag":[183,184,185,101],"class_list":{"0":"post-8587","1":"product","2":"type-product","3":"status-publish","4":"has-post-thumbnail","6":"product_cat-straderm","7":"product_cat-personal-use","8":"product_cat-professional-use","9":"product_cat-homecare-products","10":"product_cat-lotion-cream","11":"product_cat-pedicure","12":"product_cat-homecare-products-pedicure","13":"product_tag-cream","14":"product_tag-kreem","15":"product_tag-losjoon","16":"product_tag-lotion","18":"first","19":"instock","20":"taxable","21":"shipping-taxable","22":"purchasable","23":"product-type-simple"},"jetpack_sharing_enabled":true,"_links":{"self":[{"href":"https:\/\/shop.bestudio.ee\/et\/wp-json\/wp\/v2\/product\/8587","targetHints":{"allow":["GET"]}}],"collection":[{"href":"https:\/\/shop.bestudio.ee\/et\/wp-json\/wp\/v2\/product"}],"about":[{"href":"https:\/\/shop.bestudio.ee\/et\/wp-json\/wp\/v2\/types\/product"}],"wp:featuredmedia":[{"embeddable":true,"href":"https:\/\/shop.bestudio.ee\/et\/wp-json\/wp\/v2\/media\/8588"}],"wp:attachment":[{"href":"https:\/\/shop.bestudio.ee\/et\/wp-json\/wp\/v2\/media?parent=8587"}],"wp:term":[{"taxonomy":"product_brand","embeddable":true,"href":"https:\/\/shop.bestudio.ee\/et\/wp-json\/wp\/v2\/product_brand?post=8587"},{"taxonomy":"product_cat","embeddable":true,"href":"https:\/\/shop.bestudio.ee\/et\/wp-json\/wp\/v2\/product_cat?post=8587"},{"taxonomy":"product_tag","embeddable":true,"href":"https:\/\/shop.bestudio.ee\/et\/wp-json\/wp\/v2\/product_tag?post=8587"}],"curies":[{"name":"t\u00f6\u00f6leht","href":"https:\/\/api.w.org\/{rel}","templated":true}]}}