{"id":8589,"date":"2022-06-03T17:56:08","date_gmt":"2022-06-03T17:56:08","guid":{"rendered":"https:\/\/pood.desolbeauty.ee\/?post_type=product&#038;p=8589"},"modified":"2026-01-16T20:00:29","modified_gmt":"2026-01-16T18:00:29","slug":"treatment-soap-hooldusseep","status":"publish","type":"product","link":"https:\/\/shop.bestudio.ee\/et\/toode\/treatment-soap-hooldusseep\/","title":{"rendered":"Raviseep"},"content":{"rendered":"<p>250 ml,<\/p>\n<p>Kookos\u00f5li ja F-vitamiin \u2013 trigl\u00fctseriidid toimivad koos vetikaekstraktiga, emulgeerivad ja puhastavad \u00f5rnalt nahka, taastades rakuhingamise.<\/p>\n<p>Vetikad \u2013 parandavad naha ainevahetusprotsesse, kiirendavad selle uuenemist, parandavad selle elastsust ja elastsust, intensiivselt niisutavad.<\/p>\n<p>Piimhape \u2013 niisutab, aktiveerib h\u00fcaluroonhappe tootmist, parandab naha struktuuri, t\u00e4iendades vajalikul hulgal niiskust ja taastades nahka. Samuti stimuleerib see kollageeni s\u00fcnteesi, parandades naha elastsust ja elastsust.<\/p>\n<p>Hamamelis ekstrakt ja f\u00fctiinhape on p\u00f5letikuvastased komponendid, mis kaitsevad aktiivselt bakterite eest, aktiveerides naha noorendamise ja ainevahetusprotsesse.<\/p>\n<p>Helichrysumi ekstraktil ja Climbazolil on antiseptiline, seenevastane ja bakteritsiidne toime.<\/p>\n<p>Kaerahelbevalgud ja pantenool rahustavad, leevendavad \u00e4rritust ja ravivad pragusid. Nad toidavad, suurendavad rakkude keratiniseerumist, leevendavad s\u00fcgelust ja kiirendavad naha taastumist.<\/p>\n<p>&nbsp;<\/p>\n<p>Kandke v\u00e4ike kogus seepi m\u00e4rjale nahale, masseerige h\u00e4sti ja loputage sooja veega.<\/p>","protected":false},"excerpt":{"rendered":"<p>ETTEVAATUST PROFESSIONAALIDE HINDADEGA \u2013 PALUN LOGI SISSE!<\/p>\n<p>Puhastab ja niisutab nahka s\u00fcgavuti, k\u00e4ivitades loomuliku rakkude detoksikatsiooniprotsessi. Tasakaalustatud pH-ga rikastatud koostis toitainete ja antimikroobse toimega annab rahustava p\u00f5letiku- ja seenevastase toime, neutraliseerib t\u00f5husalt l\u00f5hnu.<br \/>\nIdeaalne professionaalseks ja koduseks kasutamiseks.<\/p>","protected":false},"featured_media":8590,"template":"","meta":[],"product_brand":[],"product_cat":[99,97,98,234,239,238,244,246],"product_tag":[193,192],"class_list":{"0":"post-8589","1":"product","2":"type-product","3":"status-publish","4":"has-post-thumbnail","6":"product_cat-straderm","7":"product_cat-personal-use","8":"product_cat-professional-use","9":"product_cat-homecare-products","10":"product_cat-nail-care-products","11":"product_cat-soap","12":"product_cat-pedicure","13":"product_cat-homecare-products-pedicure","14":"product_tag-seep","15":"product_tag-soap","17":"first","18":"instock","19":"taxable","20":"shipping-taxable","21":"purchasable","22":"product-type-simple"},"jetpack_sharing_enabled":true,"_links":{"self":[{"href":"https:\/\/shop.bestudio.ee\/et\/wp-json\/wp\/v2\/product\/8589","targetHints":{"allow":["GET"]}}],"collection":[{"href":"https:\/\/shop.bestudio.ee\/et\/wp-json\/wp\/v2\/product"}],"about":[{"href":"https:\/\/shop.bestudio.ee\/et\/wp-json\/wp\/v2\/types\/product"}],"wp:featuredmedia":[{"embeddable":true,"href":"https:\/\/shop.bestudio.ee\/et\/wp-json\/wp\/v2\/media\/8590"}],"wp:attachment":[{"href":"https:\/\/shop.bestudio.ee\/et\/wp-json\/wp\/v2\/media?parent=8589"}],"wp:term":[{"taxonomy":"product_brand","embeddable":true,"href":"https:\/\/shop.bestudio.ee\/et\/wp-json\/wp\/v2\/product_brand?post=8589"},{"taxonomy":"product_cat","embeddable":true,"href":"https:\/\/shop.bestudio.ee\/et\/wp-json\/wp\/v2\/product_cat?post=8589"},{"taxonomy":"product_tag","embeddable":true,"href":"https:\/\/shop.bestudio.ee\/et\/wp-json\/wp\/v2\/product_tag?post=8589"}],"curies":[{"name":"t\u00f6\u00f6leht","href":"https:\/\/api.w.org\/{rel}","templated":true}]}}