{"id":8591,"date":"2022-06-03T21:04:28","date_gmt":"2022-06-03T18:04:28","guid":{"rendered":"https:\/\/pood.desolbeauty.ee\/?post_type=product&#038;p=8591"},"modified":"2025-12-01T00:32:09","modified_gmt":"2025-11-30T22:32:09","slug":"nail-and-cuticle-treatment-kuunte-ja-kuunnanaha-hooldus","status":"publish","type":"product","link":"https:\/\/shop.bestudio.ee\/et\/toode\/nail-and-cuticle-treatment-kuunte-ja-kuunnanaha-hooldus\/","title":{"rendered":"K\u00fc\u00fcnte ja k\u00fc\u00fcnenaha hooldus"},"content":{"rendered":"<p>10 ml,<\/p>\n<p>Keratiin taastab ja k\u00f5vestab k\u00fc\u00fcneplaati, v\u00e4hendab rabedust. Niisutab intensiivselt ja taastab naha tasakaalu.<\/p>\n<p>Biotiin (vitamiin B7) aitab tugevdada k\u00fc\u00fcneplaati ja kiirendada selle kasvu, taastab naha p\u00e4rast kahjustusi. See stimuleerib rakke tootma rohkem keratiini.<\/p>\n<p>Mesilasvaha muudab k\u00fc\u00fcneplaadi elastseks, tihendab soomused, takistades delaminatsiooni.<\/p>\n<p>PP-vitamiin tugevdab tundliku ja\/v\u00f5i \u00e4rritunud naha kaitsebarj\u00e4\u00e4ri ning hoiab \u00e4ra vedelikupuuduse, on p\u00f5letikuvastase toimega.<\/p>\n<p>Niatsiinamiid stimuleerib vereringet, mille tulemusel algavad taastumisprotsessid. See leevendab ketendust, \u00e4rritust ja deh\u00fcdratsiooni, v\u00e4hendab punetust, rahustab p\u00f5letikku ja ahendab poore.<\/p>\n<p>Makadaamia\u00f5li niisutab, hoides \u00e4ra k\u00fc\u00fcnte rabeduse ja k\u00fc\u00fcneplaadi ketenduse.<\/p>\n<p>Kastoor\u00f5li ravib ja takistab k\u00fc\u00fcnte teket, aeglustab k\u00fc\u00fcnenaha kasvu, toidab ja niisutab.<\/p>\n<p>Sheav\u00f5i ja magusmandli\u00f5li niisutavad ja toidavad, pidurdavad k\u00fc\u00fcnenaha kasvu, leevendavad kuivust, ennetavad haprust, aitavad vabaneda k\u00fc\u00fcnte ketendamisest.<\/p>\n<p>Kummeli\u00f5ie ekstrakt on p\u00f5letikuvastase ja rahustava toimega, aitab leevendada \u00e4rritust.<\/p>\n<p>E-vitamiin toidab, tugevdab ja taastab k\u00fc\u00fcneplaati, hoiab \u00e4ra rabeduse, hoolitseb kuivade ja l\u00f5henenud k\u00fc\u00fcnenahkade eest.<\/p>\n<p>Letsitiin taastab naha barj\u00e4\u00e4rifunktsioonid, s\u00fcgavalt toidab ja kaitseb rakke kahjustuste eest. T\u00e4nu oma lipiidsele p\u00e4ritolule, mis on l\u00e4hedane naha omale, tungib see kergesti s\u00fcgavatesse kihtidesse, pakkudes aktiivseid koostisosi.<\/p>\n<p>&nbsp;<\/p>\n<p>Kandke kaks korda p\u00e4evas, masseerige ja h\u00f5\u00f5ruge nahka. \u00c4rge peske maha 2-3 tundi.<\/p>","protected":false},"excerpt":{"rendered":"<p>ETTEVAATUST PROFESSIONAARI HINNAGA \u2013 LOGI SISSE!<\/p>\n<p>Aktiivsed komponendid ja vitamiinid taastavad k\u00fc\u00fcneplaadi struktuuri, suurendavad selle tihedust, tugevust ja takistavad delaminatsiooni. Geel tagab k\u00fc\u00fcnte tugevnemise ja loomuliku kasvu, samuti taastab lipiidse k\u00fc\u00fcnenaha karva, toidab, tugevdab ja ravib haigeid k\u00fc\u00fcsi, on p\u00f5letikuvastase toimega.<\/p>","protected":false},"featured_media":8592,"template":"","meta":[],"product_brand":[],"product_cat":[99,97,98,234,239,244,246],"product_tag":[194,195],"class_list":{"0":"post-8591","1":"product","2":"type-product","3":"status-publish","4":"has-post-thumbnail","6":"product_cat-straderm","7":"product_cat-personal-use","8":"product_cat-professional-use","9":"product_cat-homecare-products","10":"product_cat-nail-care-products","11":"product_cat-pedicure","12":"product_cat-homecare-products-pedicure","13":"product_tag-kuunte-geel","14":"product_tag-nail-care-gel","16":"first","17":"instock","18":"taxable","19":"shipping-taxable","20":"purchasable","21":"product-type-simple"},"jetpack_sharing_enabled":true,"_links":{"self":[{"href":"https:\/\/shop.bestudio.ee\/et\/wp-json\/wp\/v2\/product\/8591","targetHints":{"allow":["GET"]}}],"collection":[{"href":"https:\/\/shop.bestudio.ee\/et\/wp-json\/wp\/v2\/product"}],"about":[{"href":"https:\/\/shop.bestudio.ee\/et\/wp-json\/wp\/v2\/types\/product"}],"wp:featuredmedia":[{"embeddable":true,"href":"https:\/\/shop.bestudio.ee\/et\/wp-json\/wp\/v2\/media\/8592"}],"wp:attachment":[{"href":"https:\/\/shop.bestudio.ee\/et\/wp-json\/wp\/v2\/media?parent=8591"}],"wp:term":[{"taxonomy":"product_brand","embeddable":true,"href":"https:\/\/shop.bestudio.ee\/et\/wp-json\/wp\/v2\/product_brand?post=8591"},{"taxonomy":"product_cat","embeddable":true,"href":"https:\/\/shop.bestudio.ee\/et\/wp-json\/wp\/v2\/product_cat?post=8591"},{"taxonomy":"product_tag","embeddable":true,"href":"https:\/\/shop.bestudio.ee\/et\/wp-json\/wp\/v2\/product_tag?post=8591"}],"curies":[{"name":"t\u00f6\u00f6leht","href":"https:\/\/api.w.org\/{rel}","templated":true}]}}