{"id":8594,"date":"2022-06-03T21:22:08","date_gmt":"2022-06-03T18:22:08","guid":{"rendered":"https:\/\/pood.desolbeauty.ee\/?post_type=product&#038;p=8594"},"modified":"2026-01-16T20:00:40","modified_gmt":"2026-01-16T18:00:40","slug":"treatment-soap-hooldusseep-2","status":"publish","type":"product","link":"https:\/\/shop.bestudio.ee\/et\/toode\/treatment-soap-hooldusseep-2\/","title":{"rendered":"Raviseep"},"content":{"rendered":"<blockquote>\n<p style=\"text-align: center\">500 ml,<\/p>\n<\/blockquote>\n<p>Koostis:<\/p>\n<p>Vesi, naatriumlauretsulfaat, kokamidoprop\u00fc\u00fclbetain, kookosgl\u00fckosiid, gl\u00fctseriin, parf\u00fc\u00fcm, naatriumkloriid, h\u00fcdrol\u00fc\u00fcsitud kaeraproteiin, PEG-7 gl\u00fctser\u00fc\u00fclkokoaat, PEG-15 kopol\u00fcamiin, pantenool, gl\u00fctser\u00fc\u00fcloleaat, piimhape, hatsiid, f\u00fct\u00fctser Piimhape, et\u00fc\u00fcl-A-gl\u00fctseri lehtede ekstrakt, vetikaekstrakt, immortelle lille ekstrakt, klimbasool, bens\u00fc\u00fclalkohol, deh\u00fcdro\u00e4\u00e4dikhape, CI 42051.<\/p>","protected":false},"excerpt":{"rendered":"<p>T\u00c4HELEPANU! TOODET M\u00dc\u00dcAKSE AINULT PROFESSIONAALIDELE! HINNA N\u00c4GEMISEKS LOGI SISSE!<\/p>\n<p>Antibakteriaalne seep. Puhastab ja niisutab nahka s\u00fcgavuti, k\u00e4ivitab loomuliku rakkude v\u00f5\u00f5rutusprotsessi. Toitaineterikas, tasakaalustatud pH-valem, millel on antimikroobsed, p\u00f5letikuvastased, rahustavad ja seenevastased omadused, neutraliseerib t\u00f5husalt l\u00f5hnad. Ideaalne professionaalseks ja koduseks kasutamiseks.<\/p>","protected":false},"featured_media":8595,"template":"","meta":[],"product_brand":[],"product_cat":[99,97,98,238,244,246,245],"product_tag":[193,192],"class_list":{"0":"post-8594","1":"product","2":"type-product","3":"status-publish","4":"has-post-thumbnail","6":"product_cat-straderm","7":"product_cat-personal-use","8":"product_cat-professional-use","9":"product_cat-soap","10":"product_cat-pedicure","11":"product_cat-homecare-products-pedicure","12":"product_cat-professional-products","13":"product_tag-seep","14":"product_tag-soap","16":"first","17":"instock","18":"taxable","19":"shipping-taxable","20":"purchasable","21":"product-type-simple"},"jetpack_sharing_enabled":true,"_links":{"self":[{"href":"https:\/\/shop.bestudio.ee\/et\/wp-json\/wp\/v2\/product\/8594","targetHints":{"allow":["GET"]}}],"collection":[{"href":"https:\/\/shop.bestudio.ee\/et\/wp-json\/wp\/v2\/product"}],"about":[{"href":"https:\/\/shop.bestudio.ee\/et\/wp-json\/wp\/v2\/types\/product"}],"wp:featuredmedia":[{"embeddable":true,"href":"https:\/\/shop.bestudio.ee\/et\/wp-json\/wp\/v2\/media\/8595"}],"wp:attachment":[{"href":"https:\/\/shop.bestudio.ee\/et\/wp-json\/wp\/v2\/media?parent=8594"}],"wp:term":[{"taxonomy":"product_brand","embeddable":true,"href":"https:\/\/shop.bestudio.ee\/et\/wp-json\/wp\/v2\/product_brand?post=8594"},{"taxonomy":"product_cat","embeddable":true,"href":"https:\/\/shop.bestudio.ee\/et\/wp-json\/wp\/v2\/product_cat?post=8594"},{"taxonomy":"product_tag","embeddable":true,"href":"https:\/\/shop.bestudio.ee\/et\/wp-json\/wp\/v2\/product_tag?post=8594"}],"curies":[{"name":"t\u00f6\u00f6leht","href":"https:\/\/api.w.org\/{rel}","templated":true}]}}