{"id":8596,"date":"2022-06-03T18:27:15","date_gmt":"2022-06-03T18:27:15","guid":{"rendered":"https:\/\/pood.desolbeauty.ee\/?post_type=product&#038;p=8596"},"modified":"2023-10-29T16:35:39","modified_gmt":"2023-10-29T16:35:39","slug":"callus-softener-spray-rahjupehmenda-spray","status":"publish","type":"product","link":"https:\/\/shop.bestudio.ee\/et\/toode\/callus-softener-spray-rahjupehmenda-spray\/","title":{"rendered":"Kalluse pehmendaja sprei"},"content":{"rendered":"<p>200 ml,<\/p>\n<p>Kuidas kasutada:<\/p>\n<p>Pihustage toodet 10 cm kauguselt keratiniseeritud nahale, laske tootel imenduda umbes 2-5 minutit. Aeg varieerub s\u00f5ltuvalt kooriku moodustumise astmest. J\u00e4tkake saagimist\/seadet, vajadusel korrake. Keratol\u00fc\u00fctikumi pole vaja maha loputada, kuna see niisutab nahka isegi p\u00e4rast pedik\u00fc\u00fcri l\u00f5ppu, avaldades kumulatiivset pikaajalist toimet.<\/p>\n<p>Ettevaatust: Hoida lastele k\u00e4ttesaamatus kohas. Ainult v\u00e4lispidiseks kasutamiseks.<\/p>\n<p>Koostis: uurea, vesi (vesi), prop\u00fcleengl\u00fckool, naatriumh\u00fcdroksiid, piimhape, etoks\u00fcdigl\u00fckool.<\/p>","protected":false},"excerpt":{"rendered":"<p>T\u00c4HELEPANU! TOODET M\u00dc\u00dcAKSE AINULT PROFESSIONAALIDELE! HINNA N\u00c4GEMISEKS LOGI SISSE!<\/p>\n<p>Callus Softener Spray on keratol\u00fc\u00fctiline sprei professionaalseks kasutamiseks. Pehmendab kiiresti kalluseid, kuiva\/keratiniseerunud nahka, h\u00fcperkeratoosi, valmistab ette praod paranemiseks. Ohutu neutraalse Ph-ga valem sobib k\u00f5ikidele nahat\u00fc\u00fcpidele, niisutab, eemaldab kuivuse ja on antibakteriaalse toimega. Nagu k\u00f5igi pedik\u00fc\u00fcritehnikate puhul, v\u00e4hendab see meistri t\u00f6\u00f6aega ja muudab protseduuri kliendile mugavaks. Ei sisalda leelist ja happeid.<\/p>","protected":false},"featured_media":8597,"template":"","meta":[],"product_brand":[],"product_cat":[99,98],"product_tag":[191,190],"class_list":{"0":"post-8596","1":"product","2":"type-product","3":"status-publish","4":"has-post-thumbnail","6":"product_cat-straderm","7":"product_cat-professional-use","8":"product_tag-callus-softener-spray","9":"product_tag-kalluse-pehmendaja-pihusti","11":"first","12":"instock","13":"taxable","14":"shipping-taxable","15":"product-type-simple"},"jetpack_sharing_enabled":true,"_links":{"self":[{"href":"https:\/\/shop.bestudio.ee\/et\/wp-json\/wp\/v2\/product\/8596","targetHints":{"allow":["GET"]}}],"collection":[{"href":"https:\/\/shop.bestudio.ee\/et\/wp-json\/wp\/v2\/product"}],"about":[{"href":"https:\/\/shop.bestudio.ee\/et\/wp-json\/wp\/v2\/types\/product"}],"wp:featuredmedia":[{"embeddable":true,"href":"https:\/\/shop.bestudio.ee\/et\/wp-json\/wp\/v2\/media\/8597"}],"wp:attachment":[{"href":"https:\/\/shop.bestudio.ee\/et\/wp-json\/wp\/v2\/media?parent=8596"}],"wp:term":[{"taxonomy":"product_brand","embeddable":true,"href":"https:\/\/shop.bestudio.ee\/et\/wp-json\/wp\/v2\/product_brand?post=8596"},{"taxonomy":"product_cat","embeddable":true,"href":"https:\/\/shop.bestudio.ee\/et\/wp-json\/wp\/v2\/product_cat?post=8596"},{"taxonomy":"product_tag","embeddable":true,"href":"https:\/\/shop.bestudio.ee\/et\/wp-json\/wp\/v2\/product_tag?post=8596"}],"curies":[{"name":"t\u00f6\u00f6leht","href":"https:\/\/api.w.org\/{rel}","templated":true}]}}