{"id":8598,"date":"2022-06-03T18:34:40","date_gmt":"2022-06-03T18:34:40","guid":{"rendered":"https:\/\/pood.desolbeauty.ee\/?post_type=product&#038;p=8598"},"modified":"2024-05-29T08:38:19","modified_gmt":"2024-05-29T08:38:19","slug":"callus-softener-spray-rahjupehmenda-spray-2","status":"publish","type":"product","link":"https:\/\/shop.bestudio.ee\/et\/toode\/callus-softener-spray-rahjupehmenda-spray-2\/","title":{"rendered":"Kalluse pehmendaja sprei"},"content":{"rendered":"<p>500 ml,<\/p>\n<p>Kasutusmeetod:<br \/>\nPihustage toodet 10 cm kauguselt keratiniseeritud nahale, laske tootel imenduda umbes 2-5 minutit. Aeg varieerub s\u00f5ltuvalt kooriku moodustumise astmest. J\u00e4tkake saagimist\/seadet, vajadusel korrake. Keratol\u00fc\u00fctikumi pole vaja maha loputada, kuna see niisutab nahka isegi p\u00e4rast pedik\u00fc\u00fcri l\u00f5ppu, avaldades kumulatiivset pikaajalist toimet.<br \/>\nEttevaatust: Hoida lastele k\u00e4ttesaamatus kohas. Ainult v\u00e4lispidiseks kasutamiseks.<\/p>\n<p>Koostis:<\/p>\n<p>Uurea, vesi (vesi), prop\u00fcleengl\u00fckool, naatriumh\u00fcdroksiid, piimhape, etoks\u00fcdigl\u00fckool.<\/p>","protected":false},"excerpt":{"rendered":"<p>100 ml,<\/p>\n<p>Kasutusmeetod:<br \/>\nKandke geel t\u00f6\u00f6deldud alale, 30 sekundi p\u00e4rast t\u00f6\u00f6delge k\u00fc\u00fcnenaha sobiva tootega ja j\u00e4tkake j\u00e4rgmiste protseduuridega. L\u00f5pus eemaldage j\u00e4relej\u00e4\u00e4nud geel vee v\u00f5i vatitikuga.<br \/>\nEttevaatust: Hoida lastele k\u00e4ttesaamatus kohas. Ainult v\u00e4lispidiseks kasutamiseks.<\/p>\n<p>Koostis:<\/p>\n<p>Vesi (vesi), prop\u00fcleengl\u00fckool, etoks\u00fcdigl\u00fckool, ksantaankummi, naatriumh\u00fcdroksiid, pantenool, dinaatrium-EDTA, biotiin, h\u00fcdrol\u00fc\u00fcsitud keratiin, saialille (saialille) \u00f5ieekstrakt, niatsiinamiid, bisabolool, achillea millefolium lilleekstrakt.<\/p>","protected":false},"featured_media":8599,"template":"","meta":[],"product_brand":[],"product_cat":[99,98,244,245],"product_tag":[191,190],"class_list":{"0":"post-8598","1":"product","2":"type-product","3":"status-publish","4":"has-post-thumbnail","6":"product_cat-straderm","7":"product_cat-professional-use","8":"product_cat-pedicure","9":"product_cat-professional-products","10":"product_tag-callus-softener-spray","11":"product_tag-kalluse-pehmendaja-pihusti","13":"first","14":"instock","15":"taxable","16":"shipping-taxable","17":"product-type-simple"},"jetpack_sharing_enabled":true,"_links":{"self":[{"href":"https:\/\/shop.bestudio.ee\/et\/wp-json\/wp\/v2\/product\/8598","targetHints":{"allow":["GET"]}}],"collection":[{"href":"https:\/\/shop.bestudio.ee\/et\/wp-json\/wp\/v2\/product"}],"about":[{"href":"https:\/\/shop.bestudio.ee\/et\/wp-json\/wp\/v2\/types\/product"}],"wp:featuredmedia":[{"embeddable":true,"href":"https:\/\/shop.bestudio.ee\/et\/wp-json\/wp\/v2\/media\/8599"}],"wp:attachment":[{"href":"https:\/\/shop.bestudio.ee\/et\/wp-json\/wp\/v2\/media?parent=8598"}],"wp:term":[{"taxonomy":"product_brand","embeddable":true,"href":"https:\/\/shop.bestudio.ee\/et\/wp-json\/wp\/v2\/product_brand?post=8598"},{"taxonomy":"product_cat","embeddable":true,"href":"https:\/\/shop.bestudio.ee\/et\/wp-json\/wp\/v2\/product_cat?post=8598"},{"taxonomy":"product_tag","embeddable":true,"href":"https:\/\/shop.bestudio.ee\/et\/wp-json\/wp\/v2\/product_tag?post=8598"}],"curies":[{"name":"t\u00f6\u00f6leht","href":"https:\/\/api.w.org\/{rel}","templated":true}]}}