{"id":8600,"date":"2022-06-03T18:41:13","date_gmt":"2022-06-03T18:41:13","guid":{"rendered":"https:\/\/pood.desolbeauty.ee\/?post_type=product&#038;p=8600"},"modified":"2025-03-24T23:46:45","modified_gmt":"2025-03-24T21:46:45","slug":"cuticle-softener-kuunanahapehendus","status":"publish","type":"product","link":"https:\/\/shop.bestudio.ee\/et\/toode\/cuticle-softener-kuunanahapehendus\/","title":{"rendered":"K\u00fc\u00fcnenaha pehmendaja"},"content":{"rendered":"<p>100 ml,<\/p>\n<p>Kasutusmeetod:<br \/>\nKandke geel t\u00f6\u00f6deldud alale, 30 sekundi p\u00e4rast t\u00f6\u00f6delge k\u00fc\u00fcnenaha sobiva tootega ja j\u00e4tkake j\u00e4rgmiste protseduuridega. L\u00f5pus eemaldage j\u00e4relej\u00e4\u00e4nud geel vee v\u00f5i vatitikuga.<br \/>\nEttevaatust: Hoida lastele k\u00e4ttesaamatus kohas. Ainult v\u00e4lispidiseks kasutamiseks.<\/p>\n<p>Koostis:<\/p>\n<p>Vesi (vesi), prop\u00fcleengl\u00fckool, etoks\u00fcdigl\u00fckool, ksantaankummi, naatriumh\u00fcdroksiid, pantenool, dinaatrium-EDTA, biotiin, h\u00fcdrol\u00fc\u00fcsitud keratiin, saialille (saialille) \u00f5ieekstrakt, niatsiinamiid, bisabolool, achillea millefolium lilleekstrakt.<\/p>","protected":false},"excerpt":{"rendered":"<p>T\u00c4HELEPANU! TOODET M\u00dc\u00dcAKSE AINULT PROFESSIONAALIDELE! HINNA N\u00c4GEMISEKS LOGI SISSE!<\/p>\n<p>K\u00fc\u00fcnenaha pehmendaja on professionaalne k\u00fc\u00fcnenaha eemaldaja. T\u00e4nu oma erilisele valemile ja geeljas tekstuurile pehmendab ja eemaldab k\u00fc\u00fcnenaha pehmendaja t\u00f5husalt k\u00fc\u00fcnenaha ilma agressiivse efektita. Taimeekstraktidel ja vitamiinidel p\u00f5hinev koostis on rahustavate ja desinfitseerivate omadustega. Sobib k\u00f5ikidele manik\u00fc\u00fcritehnikatele.<\/p>","protected":false},"featured_media":8601,"template":"","meta":[],"product_brand":[],"product_cat":[99,98,227,244,245],"product_tag":[189,188],"class_list":{"0":"post-8600","1":"product","2":"type-product","3":"status-publish","4":"has-post-thumbnail","6":"product_cat-straderm","7":"product_cat-professional-use","8":"product_cat-liquids-and-prep","9":"product_cat-pedicure","10":"product_cat-professional-products","11":"product_tag-cuticle-remover","12":"product_tag-kuunenaha-eemaldaja","14":"first","15":"instock","16":"taxable","17":"shipping-taxable","18":"product-type-simple"},"jetpack_sharing_enabled":true,"_links":{"self":[{"href":"https:\/\/shop.bestudio.ee\/et\/wp-json\/wp\/v2\/product\/8600","targetHints":{"allow":["GET"]}}],"collection":[{"href":"https:\/\/shop.bestudio.ee\/et\/wp-json\/wp\/v2\/product"}],"about":[{"href":"https:\/\/shop.bestudio.ee\/et\/wp-json\/wp\/v2\/types\/product"}],"wp:featuredmedia":[{"embeddable":true,"href":"https:\/\/shop.bestudio.ee\/et\/wp-json\/wp\/v2\/media\/8601"}],"wp:attachment":[{"href":"https:\/\/shop.bestudio.ee\/et\/wp-json\/wp\/v2\/media?parent=8600"}],"wp:term":[{"taxonomy":"product_brand","embeddable":true,"href":"https:\/\/shop.bestudio.ee\/et\/wp-json\/wp\/v2\/product_brand?post=8600"},{"taxonomy":"product_cat","embeddable":true,"href":"https:\/\/shop.bestudio.ee\/et\/wp-json\/wp\/v2\/product_cat?post=8600"},{"taxonomy":"product_tag","embeddable":true,"href":"https:\/\/shop.bestudio.ee\/et\/wp-json\/wp\/v2\/product_tag?post=8600"}],"curies":[{"name":"t\u00f6\u00f6leht","href":"https:\/\/api.w.org\/{rel}","templated":true}]}}