{"id":8602,"date":"2022-06-03T18:51:14","date_gmt":"2022-06-03T18:51:14","guid":{"rendered":"https:\/\/pood.desolbeauty.ee\/?post_type=product&#038;p=8602"},"modified":"2026-01-16T20:01:46","modified_gmt":"2026-01-16T18:01:46","slug":"ultra-moisturizing-repair-cream-ultra-moisturizing-repair-creem","status":"publish","type":"product","link":"https:\/\/shop.bestudio.ee\/et\/toode\/ultra-moisturizing-repair-cream-ultra-moisturizing-repair-creem\/","title":{"rendered":"Ultraniisutav taastav kreem"},"content":{"rendered":"<p>150 ml,<\/p>\n<p>Aktiivsed koostisosad<br \/>\nKeramiidid taastavad nahale vajalikke lipiide, k\u00f5rvaldades kuivuse ja deh\u00fcdratsiooni, suurendades kohalikku immuunsust ning stimuleerides loodusliku kollageeni ja elastiini tootmist. Nad leevendavad \u00e4rritust ja p\u00f5letikku, kaitstes nahka agressiivsete keskkonnam\u00f5jude eest.<\/p>\n<p>Piimhape niisutab ja s\u00e4ilitab niiskust ning jaotab selle \u00fchtlaselt \u00fcle epidermise s\u00fcgavamate kihtide. Stimuleerib fibroblastide tootmist, mis suurendavad nende endi h\u00fcaluroonhappe, v\u00f5imsa loodusliku niisutaja, s\u00fcnteesi. Looduslik t\u00e4iteaine hoiab naha sileda ja elastsena.<\/p>\n<p>3D h\u00fcaluroonhape tagab pikaajalise niisutuse ja suurendab naha elastsust. Stimuleerib teie enda kollageeni ja elastiini tootmist, samuti teie enda h\u00fcaluroonhappe tootmist.<\/p>\n<p>Karbamiid (Urea) \u2013 niisutab, leevendab pakitsustunnet, kompenseerib naha niiskuskadu, kiirendab rakkude taastumist. 10% kontsentratsioonis on sellel p\u00f5letikuvastane toime ja see peatab \u00e4rrituse ja soodustab rakkude uuenemist.<\/p>\n<p>Niatsamiid + Biotiin tugevdavad ja toidavad nahka, soodustavad kollageeni tootmist ja t\u00f5stavad naha toonust, taastavad naha elastsuse, siluvad koorumist, \u00e4rritust ja deh\u00fcdratsiooni, aeglustavad vananemisprotsesse.<\/p>\n<p>Pantenool niisutab ja tervendab, normaliseerib ainevahetusprotsesse rakkudes, kiirendab kollageeni tootmist, taastades ainevahetusprotsesse, mis aitab s\u00e4ilitada naha toonust ja noorust.<\/p>\n<p>Magusa mandli \u00f5li toidab, niisutab ja k\u00f5rvaldab kuivuse, \u00e4rrituse ja ketenduse. \u00dchtlustab tooni, k\u00f5rvaldab ja ennetab h\u00fcperpigmentatsiooni.<\/p>\n<p>Vitamiinid E + C \u2013 vitamiinide s\u00fcnergia, niisutab ja pehmendab, ennetab naha enneaegseid vananemisilminguid.<\/p>\n<p>Ei sisalda parabeene ja silikoone.<\/p>","protected":false},"excerpt":{"rendered":"<p>T\u00c4HELEPANU! TOODET M\u00dc\u00dcAKSE AINULT PROFESSIONAALIDELE! HINNA N\u00c4GEMISEKS LOGI SISSE!<\/p>\n<p>Taastava ja kaitsva toimega \u00fcliniisutav kreem.<\/p>\n<p>Intensiivne niisutav kreem k\u00e4tele ja jalgadele sisaldab bioaktiivsete keramiidide, vitamiinide, h\u00fcaluroon- ja piimhappe kompleksi, niisutab koheselt ja k\u00f5rvaldab kuivuse, ketenduse ja taastab l\u00f5henenud naha.<\/p>\n<p>Rahustab t\u00f5husalt \u00e4rritunud nahka ning leevendab punetust, p\u00f5letikku ja dermatiiti. Kaitseb negatiivsete keskkonnategurite eest kogu p\u00e4eva jooksul.<\/p>","protected":false},"featured_media":8603,"template":"","meta":[],"product_brand":[],"product_cat":[99,97,98,236,244,246,245],"product_tag":[183,184,185,101],"class_list":{"0":"post-8602","1":"product","2":"type-product","3":"status-publish","4":"has-post-thumbnail","6":"product_cat-straderm","7":"product_cat-personal-use","8":"product_cat-professional-use","9":"product_cat-lotion-cream","10":"product_cat-pedicure","11":"product_cat-homecare-products-pedicure","12":"product_cat-professional-products","13":"product_tag-cream","14":"product_tag-kreem","15":"product_tag-losjoon","16":"product_tag-lotion","18":"first","19":"instock","20":"taxable","21":"shipping-taxable","22":"purchasable","23":"product-type-simple"},"jetpack_sharing_enabled":true,"_links":{"self":[{"href":"https:\/\/shop.bestudio.ee\/et\/wp-json\/wp\/v2\/product\/8602","targetHints":{"allow":["GET"]}}],"collection":[{"href":"https:\/\/shop.bestudio.ee\/et\/wp-json\/wp\/v2\/product"}],"about":[{"href":"https:\/\/shop.bestudio.ee\/et\/wp-json\/wp\/v2\/types\/product"}],"wp:featuredmedia":[{"embeddable":true,"href":"https:\/\/shop.bestudio.ee\/et\/wp-json\/wp\/v2\/media\/8603"}],"wp:attachment":[{"href":"https:\/\/shop.bestudio.ee\/et\/wp-json\/wp\/v2\/media?parent=8602"}],"wp:term":[{"taxonomy":"product_brand","embeddable":true,"href":"https:\/\/shop.bestudio.ee\/et\/wp-json\/wp\/v2\/product_brand?post=8602"},{"taxonomy":"product_cat","embeddable":true,"href":"https:\/\/shop.bestudio.ee\/et\/wp-json\/wp\/v2\/product_cat?post=8602"},{"taxonomy":"product_tag","embeddable":true,"href":"https:\/\/shop.bestudio.ee\/et\/wp-json\/wp\/v2\/product_tag?post=8602"}],"curies":[{"name":"t\u00f6\u00f6leht","href":"https:\/\/api.w.org\/{rel}","templated":true}]}}