{"id":8607,"date":"2022-06-05T18:20:27","date_gmt":"2022-06-05T18:20:27","guid":{"rendered":"https:\/\/pood.desolbeauty.ee\/?post_type=product&#038;p=8607"},"modified":"2025-12-01T00:32:09","modified_gmt":"2025-11-30T22:32:09","slug":"balancing-care-gel-tasakaalustav-hooldusgeel-2","status":"publish","type":"product","link":"https:\/\/shop.bestudio.ee\/et\/toode\/balancing-care-gel-tasakaalustav-hooldusgeel-2\/","title":{"rendered":"Tasakaalustav hooldusgeel"},"content":{"rendered":"<p>140 ml,<\/p>\n<p>Aktiivsed koostisosad:<br \/>\nN\u00f5iapuu reguleerib higin\u00e4\u00e4rmete t\u00f6\u00f6d, v\u00e4rskendab, h\u00e4vitab baktereid nahapoorides, on erakordse antiseptilise, antibakteriaalse ja seenevastase toimega. Rahustab ja kiirendab nahal\u00f5hede ja kriimustuste paranemist, v\u00f5imas antioks\u00fcdant.<\/p>\n<p>Escin on hobukastani ekstraktist saadud toimeaine. Eemaldab turse ja raskustunde. Sellel on p\u00f5letikuvastane ja venotooniline toime, see taastab l\u00e4bilaskvuse ja v\u00e4hendab kapillaaride haprust.<\/p>\n<p>Mustikaekstrakt niisutab ja rahustab nahka, pakkudes kerget valuvaigistavat toimet. Stimuleerib rakkude jagunemist ja haavade paranemist, k\u00f5rvaldab praod ja karedad, \u00fclekuivanud nahapiirkonnad.<\/p>\n<p>Ruscus Spiral Root Extract on v\u00f5imas turset leevendav ja turset leevendav looduslik vahend, tugevdab veresooni, parandab mikrotsirkulatsiooni, omab vasokonstriktsiooni ja p\u00f5letikuvastast toimet, leevendab punetust ja k\u00f5rvaldab raskustunnet jalgades.<\/p>\n<p>Mentool aitab k\u00f5rvaldada p\u00f5letikku, v\u00e4hendab valu ja s\u00fcgelust ning m\u00f5jub nahka rahustavalt.<\/p>\n<p>Ment\u00fc\u00fcllaktaat on rahustava, p\u00f5letikuvastase toimega, stimuleerib mikrotsirkulatsiooni, toniseerib nahka.<\/p>","protected":false},"excerpt":{"rendered":"<p>T\u00c4HELEPANU! TOODET M\u00dc\u00dcAKSE AINULT PROFESSIONAALIDELE! HINNA N\u00c4GEMISEKS LOGI SISSE! Tasakaalustatud hooldus niiskele jalanahale sisaldab suures kontsentratsioonis ekstraktide ja bioaktiivsete komponentide kompleksi. Rahustab ja optimeerib higin\u00e4\u00e4rmete t\u00f6\u00f6d, omab antiseptilisi ja kokkut\u00f5mbavaid omadusi. Annab jalgadele kauakestva v\u00e4rskustunde, m\u00f5jub jahutavalt. Toniseerib, parandab mikrotsirkulatsiooni ja ainevahetusprotsesse, ennetab raskustunnet ja v\u00e4simust jalgades, pakkudes tursevastast toimet. Ei sisalda parabeene ja silikoone.<\/p>","protected":false},"featured_media":8916,"template":"","meta":[],"product_brand":[],"product_cat":[99,97,98,236,244,246,245],"product_tag":[187,186],"class_list":{"0":"post-8607","1":"product","2":"type-product","3":"status-publish","4":"has-post-thumbnail","6":"product_cat-straderm","7":"product_cat-personal-use","8":"product_cat-professional-use","9":"product_cat-lotion-cream","10":"product_cat-pedicure","11":"product_cat-homecare-products-pedicure","12":"product_cat-professional-products","13":"product_tag-care-gel","14":"product_tag-hooldusgeel","16":"first","17":"instock","18":"taxable","19":"shipping-taxable","20":"purchasable","21":"product-type-simple"},"jetpack_sharing_enabled":true,"_links":{"self":[{"href":"https:\/\/shop.bestudio.ee\/et\/wp-json\/wp\/v2\/product\/8607","targetHints":{"allow":["GET"]}}],"collection":[{"href":"https:\/\/shop.bestudio.ee\/et\/wp-json\/wp\/v2\/product"}],"about":[{"href":"https:\/\/shop.bestudio.ee\/et\/wp-json\/wp\/v2\/types\/product"}],"wp:featuredmedia":[{"embeddable":true,"href":"https:\/\/shop.bestudio.ee\/et\/wp-json\/wp\/v2\/media\/8916"}],"wp:attachment":[{"href":"https:\/\/shop.bestudio.ee\/et\/wp-json\/wp\/v2\/media?parent=8607"}],"wp:term":[{"taxonomy":"product_brand","embeddable":true,"href":"https:\/\/shop.bestudio.ee\/et\/wp-json\/wp\/v2\/product_brand?post=8607"},{"taxonomy":"product_cat","embeddable":true,"href":"https:\/\/shop.bestudio.ee\/et\/wp-json\/wp\/v2\/product_cat?post=8607"},{"taxonomy":"product_tag","embeddable":true,"href":"https:\/\/shop.bestudio.ee\/et\/wp-json\/wp\/v2\/product_tag?post=8607"}],"curies":[{"name":"t\u00f6\u00f6leht","href":"https:\/\/api.w.org\/{rel}","templated":true}]}}