{"id":9263,"date":"2023-03-28T15:39:18","date_gmt":"2023-03-28T12:39:18","guid":{"rendered":"https:\/\/shop.bestudio.ee\/?post_type=product&#038;p=9263"},"modified":"2026-01-19T20:50:25","modified_gmt":"2026-01-19T18:50:25","slug":"perfect-blush-15ml-geltix-thixotropic-gel-gto1","status":"publish","type":"product","link":"https:\/\/shop.bestudio.ee\/et\/toode\/perfect-blush-15ml-geltix-thixotropic-gel-gto1\/","title":{"rendered":"Perfect Blush 15ml, GELTIX tiksotroopne geel GTO1"},"content":{"rendered":"<p lang=\"en-GB\"><strong>Geltix<\/strong><\/p>\n<p lang=\"en-GB\">Kasutage Makeari valmistatud Geltixit geeli \u00fcle t\u00e4ielikku kontrolli<\/p>\n<p>Tiksotroopia on \u00fcks meie ehitusgeeli omadusi. Seda funktsiooni nimetatakse nn vedelm\u00e4luks ja see muudab toote pintsliga ideaalseks koost\u00f6\u00f6ks. Lisaks levib see meie puudutusega \u2013 ainult seal, kus tahame. Pintslit liigutades muutub geel paksust keskmise paksuseks. Selle tulemusena on seda lihtne k\u00fc\u00fcntele laiali kanda. Kui aga l\u00f5petame pintsliga t\u00f6\u00f6tamise, muutub geeli struktuur ja see j\u00e4\u00e4b sinna, kuhu me selle paneme. K\u00f5ik need tegurid p\u00f5hjustavad selle, et meil ei ole k\u00fc\u00fcnenahadel Geltixit. Veelgi enam, kui see on korralikult asetatud, loob see ilma igasuguste h\u00e4ireteta ideaalse k\u00fc\u00fcnevalguse joone.<\/p>\n<p lang=\"en-GB\">See on ideaalne toode inimestele, kes t\u00f6\u00f6tavad viilimisvaba tehnika ja fantaasia prantsuse meetodiga.<\/p>\n<p lang=\"en-GB\">V\u00f5rreldes teiste tiksotroopsete geelidega on Geltix v\u00e4ga paksu geeli konsistentsiga, ilma sellistele toodetele omaste t\u00fckkideta.<\/p>\n<p lang=\"en-GB\"><strong>Funktsioonid:<\/strong><\/p>\n<ul>\n<li>3-faasiline toode<\/li>\n<li>paks muutuva konsistentsiga<\/li>\n<li>mis sisaldab tiksotroopia tehnoloogiat<\/li>\n<li>keskmiselt paindlik<\/li>\n<li>t\u00e4ielikult kattev<\/li>\n<\/ul>\n<p lang=\"en-GB\"><strong>Kasutamine:<\/strong><\/p>\n<ul>\n<li>mitteviimise tehnika<\/li>\n<li>k\u00fc\u00fcnte pikendamine vormi abil<\/li>\n<li>loodusliku k\u00fc\u00fcneplaadi tugevdamine<\/li>\n<li>\u00fcles ehitama<\/li>\n<\/ul>\n<p lang=\"en-GB\"><strong>Eelised:<\/strong><\/p>\n<ul>\n<li>T\u00e4ielik kontroll toote \u00fcle t\u00e4nu tiksotroopiatehnoloogiale<\/li>\n<li>Ideaalne viilimisvaba tehnika jaoks<\/li>\n<li>Ideaalne fantaasia prantsuse meetodi jaoks<\/li>\n<li>&quot;K\u00fc\u00fcnevalguse joone&quot; loomine<\/li>\n<li>Ei levi k\u00fc\u00fcnenahale<\/li>\n<\/ul>\n<ul>\n<li><strong>Toode sobib kokku k\u00f5igi manik\u00fc\u00fcritoodetega. LED lambid min. 48W \u2013 1min. 36W UV lamp \u2013 2min.<\/strong><\/li>\n<li><strong>MAKEAR\u2122\u00a0<\/strong>on br\u00e4nd, mis \u00fcllatab pidevalt oma kliente, tehes sellest innovatsiooni liidri.<\/li>\n<li><strong>MAKEAR\u2122\u00a0<\/strong>h\u00fcbriid k\u00fc\u00fcnelakid on valmistatud k\u00f5rgeima kvaliteediga komponentidest, et vastata k\u00f5ige n\u00f5udlikumate klientide ootustele.<\/li>\n<li>S\u00fcgav v\u00e4rvik\u00fcllastus, laiad ja mitmekesised v\u00e4rvid ning vastupidavus tegid Makearist liidri olemasolevate kaubam\u00e4rkide seas.<\/li>\n<\/ul>\n<p>________________________________________________________________________<\/p>\n<p><strong>Geltix by Makear on m\u00f5eldud professionaalseks kasutamiseks.<\/strong><\/p>","protected":false},"excerpt":{"rendered":"<p>15 ml<\/p>","protected":false},"featured_media":9264,"template":"","meta":[],"product_brand":[],"product_cat":[116,119,120,222,225],"product_tag":[164,149,151,150],"class_list":{"0":"post-9263","1":"product","2":"type-product","3":"status-publish","4":"has-post-thumbnail","6":"product_cat-makear","7":"product_cat-gel","8":"product_cat-geltix-thixotropic-gel","9":"product_cat-sculpting-gel-acrygel","10":"product_cat-geltix-thixotropic-gel-sculpting-gel-acrygel","11":"product_tag-ehitugeel","12":"product_tag-gel","13":"product_tag-gel-nails","14":"product_tag-kuuntegeel","16":"first","17":"instock","18":"sale","19":"taxable","20":"shipping-taxable","21":"purchasable","22":"product-type-simple"},"jetpack_sharing_enabled":true,"_links":{"self":[{"href":"https:\/\/shop.bestudio.ee\/et\/wp-json\/wp\/v2\/product\/9263","targetHints":{"allow":["GET"]}}],"collection":[{"href":"https:\/\/shop.bestudio.ee\/et\/wp-json\/wp\/v2\/product"}],"about":[{"href":"https:\/\/shop.bestudio.ee\/et\/wp-json\/wp\/v2\/types\/product"}],"wp:featuredmedia":[{"embeddable":true,"href":"https:\/\/shop.bestudio.ee\/et\/wp-json\/wp\/v2\/media\/9264"}],"wp:attachment":[{"href":"https:\/\/shop.bestudio.ee\/et\/wp-json\/wp\/v2\/media?parent=9263"}],"wp:term":[{"taxonomy":"product_brand","embeddable":true,"href":"https:\/\/shop.bestudio.ee\/et\/wp-json\/wp\/v2\/product_brand?post=9263"},{"taxonomy":"product_cat","embeddable":true,"href":"https:\/\/shop.bestudio.ee\/et\/wp-json\/wp\/v2\/product_cat?post=9263"},{"taxonomy":"product_tag","embeddable":true,"href":"https:\/\/shop.bestudio.ee\/et\/wp-json\/wp\/v2\/product_tag?post=9263"}],"curies":[{"name":"t\u00f6\u00f6leht","href":"https:\/\/api.w.org\/{rel}","templated":true}]}}