{"id":9360,"date":"2023-03-29T14:00:15","date_gmt":"2023-03-29T11:00:15","guid":{"rendered":"https:\/\/shop.bestudio.ee\/?post_type=product&#038;p=9360"},"modified":"2025-03-14T18:41:32","modified_gmt":"2025-03-14T16:41:32","slug":"top-no-wipe-8ml","status":"publish","type":"product","link":"https:\/\/shop.bestudio.ee\/et\/toode\/top-no-wipe-8ml\/","title":{"rendered":"Top No Wipe, 8ml"},"content":{"rendered":"<section id=\"projector_longdescription\" class=\"longdescription cm\" data-dictionary=\"true\"><strong>\u00dclemine P\u00fchkimata<\/strong>Kas soovite oma k\u00fc\u00fcntele k\u00f5ige vastupidavamat ja ilusamat s\u00e4ra? Esitleme Top No Wipe- Our Bestseller, mis j\u00f5udis edetabelitesse.<\/p>\n<ul>\n<li>Flexible Top, mida kasutatakse pealiskihina, ilma dispersioonikihita, tagab t\u00e4iusliku l\u00e4ike ja vastupidavuse,<\/li>\n<li>See kaitseb v\u00e4rve kollasuse eest ega muuda v\u00e4rve \u2013 must p\u00e4rast katmist ei muuda oma v\u00e4rvi tumesiniseks,<\/li>\n<li>See on toode, mis on loodud h\u00f5\u00f5rduma mis tahes kroomi \u00f5ietolmu v\u00f5i peegliefektiga,<\/li>\n<li>Konsistents - vedel \/ isetasanduv,<\/li>\n<li><strong>Kasutusmeetod:<\/strong> Kanna keskmine kogus toodet \u00f5rnade liigutustega peaaegu \u00f5hus k\u00fc\u00fcneplaadile, k\u00f5vendada min. 60 sek. w lampie led \/ dualed. Soovitame p\u00e4rast lambist eemaldamist oodata umbes 15-20 sekundit, kuni Top jahtub, p\u00e4rast seda v\u00f5ite oliivi\u00f5li peale kanda ja nautida manik\u00fc\u00fcri maksimaalset kestvat m\u00f5ju,<\/li>\n<li>Maht: 8 ml,<\/li>\n<li>M\u00e4rgistus: TNW.<\/li>\n<\/ul>\n<p>LED lamp min. 48W \u2013 1min. UV 36W lamp \u2013 2min.<\/p>\n<ul>\n<li><strong>MAKEAR\u2122 <\/strong>on br\u00e4nd, mis \u00fcllatab pidevalt oma kliente, tehes sellest innovatsiooni liidri.<\/li>\n<li><strong>MAKEAR\u2122 <\/strong>h\u00fcbriid k\u00fc\u00fcnelakid on valmistatud k\u00f5rgeima kvaliteediga komponentidest, et vastata k\u00f5ige n\u00f5udlikumate klientide ootustele.<\/li>\n<li>S\u00fcgav v\u00e4rvik\u00fcllastus, laiad ja mitmekesised v\u00e4rvid ning vastupidavus tegid Makearist liidri olemasolevate kaubam\u00e4rkide seas.<\/li>\n<\/ul>\n<p>________________________________________________________________________<\/p>\n<p><strong>Makeari h\u00fcbriidk\u00fc\u00fcnelakid on m\u00f5eldud professionaalseks kasutamiseks.<\/strong><\/p>\n<\/section>","protected":false},"excerpt":{"rendered":"<p>8 ml<\/p>","protected":false},"featured_media":9361,"template":"","meta":[],"product_brand":[],"product_cat":[116,219,228,118],"product_tag":[163,162],"class_list":{"0":"post-9360","1":"product","2":"type-product","3":"status-publish","4":"has-post-thumbnail","6":"product_cat-makear","7":"product_cat-base-and-top-coat","8":"product_cat-clear-base-and-top-coat","9":"product_cat-top-cover","10":"product_tag-pealislakk","11":"product_tag-top-coat","13":"first","14":"instock","15":"taxable","16":"shipping-taxable","17":"purchasable","18":"product-type-simple"},"jetpack_sharing_enabled":true,"_links":{"self":[{"href":"https:\/\/shop.bestudio.ee\/et\/wp-json\/wp\/v2\/product\/9360","targetHints":{"allow":["GET"]}}],"collection":[{"href":"https:\/\/shop.bestudio.ee\/et\/wp-json\/wp\/v2\/product"}],"about":[{"href":"https:\/\/shop.bestudio.ee\/et\/wp-json\/wp\/v2\/types\/product"}],"wp:featuredmedia":[{"embeddable":true,"href":"https:\/\/shop.bestudio.ee\/et\/wp-json\/wp\/v2\/media\/9361"}],"wp:attachment":[{"href":"https:\/\/shop.bestudio.ee\/et\/wp-json\/wp\/v2\/media?parent=9360"}],"wp:term":[{"taxonomy":"product_brand","embeddable":true,"href":"https:\/\/shop.bestudio.ee\/et\/wp-json\/wp\/v2\/product_brand?post=9360"},{"taxonomy":"product_cat","embeddable":true,"href":"https:\/\/shop.bestudio.ee\/et\/wp-json\/wp\/v2\/product_cat?post=9360"},{"taxonomy":"product_tag","embeddable":true,"href":"https:\/\/shop.bestudio.ee\/et\/wp-json\/wp\/v2\/product_tag?post=9360"}],"curies":[{"name":"t\u00f6\u00f6leht","href":"https:\/\/api.w.org\/{rel}","templated":true}]}}