{"id":9362,"date":"2023-03-29T14:14:44","date_gmt":"2023-03-29T11:14:44","guid":{"rendered":"https:\/\/shop.bestudio.ee\/?post_type=product&#038;p=9362"},"modified":"2025-02-13T23:43:51","modified_gmt":"2025-02-13T21:43:51","slug":"base-coat-8ml","status":"publish","type":"product","link":"https:\/\/shop.bestudio.ee\/et\/toode\/base-coat-8ml\/","title":{"rendered":"Aluslakk, 8ml"},"content":{"rendered":"<section id=\"projector_longdescription\" class=\"longdescription cm\" data-dictionary=\"true\"><strong>Aluslakk <\/strong>Klassikaline h\u00fcbriidalus, mida saab kasutada ehitusaluste v\u00f5i geeli nakkuvust suurendava tootena. H\u00fcbriidmanik\u00fc\u00fcri asendamatu element.<\/p>\n<ul>\n<li>Omadused: aluslakina. Soovitame seda kasutada nii h\u00fcbriidv\u00e4rvi, Builder Base kui ka geelmassi all. Korralikult ettevalmistatud k\u00fc\u00fcnele kantuna tagab see t\u00e4iusliku nakkuvuse ja kauakestva stiili.<\/li>\n<li>ei vaja krunti,<\/li>\n<li>Konsistents: \u00f5huke \/ isetasanduv,<\/li>\n<li><strong>Kuidas kasutada: <\/strong>v\u00e4rvige h\u00fcbriidi alla \u00f5huke kiht, h\u00f5\u00f5ruge geelimassi all oleva pintsliga plaadile ja kuivatage 60 sekundit led \/ dual led lambis,<\/li>\n<li>Ei vaja pesemist enne teise toote pealekandmist,<\/li>\n<li>Mahutavus: 8 ml,<\/li>\n<li>M\u00e4rgistus: B<\/li>\n<\/ul>\n<p>LED lamp min. 48W \u2013 1min. 36W UV lamp \u2013 2min.<\/p>\n<ul>\n<li><strong>MAKEAR\u2122 <\/strong>on br\u00e4nd, mis \u00fcllatab pidevalt oma kliente, tehes sellest innovatsiooni liidri.<\/li>\n<li><strong>MAKEAR\u2122 <\/strong>h\u00fcbriid k\u00fc\u00fcnelakid on valmistatud k\u00f5rgeima kvaliteediga komponentidest, et vastata k\u00f5ige n\u00f5udlikumate klientide ootustele.<\/li>\n<li>S\u00fcgav v\u00e4rvik\u00fcllastus, laiad ja mitmekesised v\u00e4rvid ning vastupidavus tegid Makearist liidri olemasolevate kaubam\u00e4rkide seas.<\/li>\n<\/ul>\n<p>________________________________________________________________________<\/p>\n<p><strong>Makeari aluslakk on professionaalseks kasutamiseks.<\/strong><\/p>\n<p>&nbsp;<\/p>\n<p>KOOSTISOSAD: POL\u00dcURETANAKR\u00dc\u00dcLVAIK, HEMA, TRIMET\u00dc\u00dcLBENSO\u00dc\u00dcLDIFEN\u00dc\u00dcLFOSFIINOKSIID, H\u00dcDROKS\u00dcTS\u00dcKLOHEKS\u00dc\u00dcLFEN\u00dc\u00dcLKETOON, BIS(METAKR\u00dcLO\u00dcLOKS\u00dcET\u00dc\u00dcL)FOSFAAT.<\/p>\n<\/section>","protected":false},"excerpt":{"rendered":"<p>8 ml<\/p>","protected":false},"featured_media":9363,"template":"","meta":[],"product_brand":[],"product_cat":[116,219,228,117,136],"product_tag":[179,180],"class_list":{"0":"post-9362","1":"product","2":"type-product","3":"status-publish","4":"has-post-thumbnail","6":"product_cat-makear","7":"product_cat-base-and-top-coat","8":"product_cat-clear-base-and-top-coat","9":"product_cat-base","10":"product_cat-base-clear","11":"product_tag-kuunte-aluslakk","12":"product_tag-nail-base-coat","14":"first","15":"instock","16":"taxable","17":"shipping-taxable","18":"purchasable","19":"product-type-simple"},"jetpack_sharing_enabled":true,"_links":{"self":[{"href":"https:\/\/shop.bestudio.ee\/et\/wp-json\/wp\/v2\/product\/9362","targetHints":{"allow":["GET"]}}],"collection":[{"href":"https:\/\/shop.bestudio.ee\/et\/wp-json\/wp\/v2\/product"}],"about":[{"href":"https:\/\/shop.bestudio.ee\/et\/wp-json\/wp\/v2\/types\/product"}],"wp:featuredmedia":[{"embeddable":true,"href":"https:\/\/shop.bestudio.ee\/et\/wp-json\/wp\/v2\/media\/9363"}],"wp:attachment":[{"href":"https:\/\/shop.bestudio.ee\/et\/wp-json\/wp\/v2\/media?parent=9362"}],"wp:term":[{"taxonomy":"product_brand","embeddable":true,"href":"https:\/\/shop.bestudio.ee\/et\/wp-json\/wp\/v2\/product_brand?post=9362"},{"taxonomy":"product_cat","embeddable":true,"href":"https:\/\/shop.bestudio.ee\/et\/wp-json\/wp\/v2\/product_cat?post=9362"},{"taxonomy":"product_tag","embeddable":true,"href":"https:\/\/shop.bestudio.ee\/et\/wp-json\/wp\/v2\/product_tag?post=9362"}],"curies":[{"name":"t\u00f6\u00f6leht","href":"https:\/\/api.w.org\/{rel}","templated":true}]}}