{"id":9381,"date":"2023-04-05T21:11:56","date_gmt":"2023-04-05T18:11:56","guid":{"rendered":"https:\/\/shop.bestudio.ee\/?post_type=product&#038;p=9381"},"modified":"2025-12-01T00:41:39","modified_gmt":"2025-11-30T22:41:39","slug":"builder-base-clear-8ml","status":"publish","type":"product","link":"https:\/\/shop.bestudio.ee\/et\/toode\/builder-base-clear-8ml\/","title":{"rendered":"Builder Base Clear, 8ml"},"content":{"rendered":"<p>8 ml,<\/p>\n<p>Koostis: akr\u00fc\u00fclaadid kopol\u00fcmeerid, HEMA, isoborn\u00fc\u00fclmetakr\u00fclaat, h\u00fcdroks\u00fcts\u00fckloheks\u00fc\u00fclfen\u00fc\u00fclketooni, trimet\u00fc\u00fclbenso\u00fc\u00fcldifosfiinoksiid, +\/-: CI 45410, CI 15850, CI 19140, CI 77742, CI 77510, CI 77510.<\/p>","protected":false},"excerpt":{"rendered":"<p><strong>Ehitaja alus selge <\/strong><\/p>\n<p>Universaalne l\u00e4bipaistev alus, mis t\u00e4iuslikult tugevdab naturaalset k\u00fc\u00fcneplaati ja valmistab selle ette v\u00e4rvimiseks.<\/p>\n<ul>\n<li>Omadused: k\u00f5va, l\u00e4bipaistev ehitusalus,<\/li>\n<li>Sobib ideaalselt naturaalsete plaatide k\u00f5vendamiseks ja mehaaniliste kahjustuste eest kaitsva kaare ehitamiseks,<\/li>\n<li>Konsistents: tihe \/ isetasanduv,<\/li>\n<li><strong>Kuidas kasutada: <\/strong>soovitame kasutada eelnevalt karastatud klassikalisel \u201cBase\u201d peal. Kuumendame v\u00e4hemalt 60 sekundit led-\/kahelampi valguses. Enne v\u00e4rvi pealekandmist ei pea p\u00fchkima,<\/li>\n<li>Mahutavus: 8 ml,<\/li>\n<li>M\u00e4rgistus: BB Clear<\/li>\n<\/ul>\n<p>LED lamp min. 24W \u2013 1 min. 36W UV lamp \u2013 2min.<\/p>\n<ul>\n<li><strong>MAKEAR\u2122 <\/strong>on br\u00e4nd, mis \u00fcllatab pidevalt oma kliente, tehes sellest innovatsiooni liidri.<\/li>\n<li><strong>MAKEAR\u2122 <\/strong>h\u00fcbriid k\u00fc\u00fcnelakid on valmistatud k\u00f5rgeima kvaliteediga komponentidest, et vastata k\u00f5ige n\u00f5udlikumate klientide ootustele.<\/li>\n<li>S\u00fcgav v\u00e4rvik\u00fcllastus, laiad ja mitmekesised v\u00e4rvid ning vastupidavus tegid Makearist liidri olemasolevate kaubam\u00e4rkide seas.<\/li>\n<\/ul>\n<p>________________________________________________________________________<\/p>\n<p><strong>Builder Base Clear Makear on m\u00f5eldud professionaalseks kasutamiseks.<\/strong><\/p>","protected":false},"featured_media":9382,"template":"","meta":[],"product_brand":[],"product_cat":[116,219,228,117,136,232],"product_tag":[157,156],"class_list":{"0":"post-9381","1":"product","2":"type-product","3":"status-publish","4":"has-post-thumbnail","6":"product_cat-makear","7":"product_cat-base-and-top-coat","8":"product_cat-clear-base-and-top-coat","9":"product_cat-base","10":"product_cat-base-clear","11":"product_cat-builder-base-coat","12":"product_tag-bulder-base","13":"product_tag-ehitusbaas","15":"first","16":"instock","17":"taxable","18":"shipping-taxable","19":"purchasable","20":"product-type-simple"},"jetpack_sharing_enabled":true,"_links":{"self":[{"href":"https:\/\/shop.bestudio.ee\/et\/wp-json\/wp\/v2\/product\/9381","targetHints":{"allow":["GET"]}}],"collection":[{"href":"https:\/\/shop.bestudio.ee\/et\/wp-json\/wp\/v2\/product"}],"about":[{"href":"https:\/\/shop.bestudio.ee\/et\/wp-json\/wp\/v2\/types\/product"}],"wp:featuredmedia":[{"embeddable":true,"href":"https:\/\/shop.bestudio.ee\/et\/wp-json\/wp\/v2\/media\/9382"}],"wp:attachment":[{"href":"https:\/\/shop.bestudio.ee\/et\/wp-json\/wp\/v2\/media?parent=9381"}],"wp:term":[{"taxonomy":"product_brand","embeddable":true,"href":"https:\/\/shop.bestudio.ee\/et\/wp-json\/wp\/v2\/product_brand?post=9381"},{"taxonomy":"product_cat","embeddable":true,"href":"https:\/\/shop.bestudio.ee\/et\/wp-json\/wp\/v2\/product_cat?post=9381"},{"taxonomy":"product_tag","embeddable":true,"href":"https:\/\/shop.bestudio.ee\/et\/wp-json\/wp\/v2\/product_tag?post=9381"}],"curies":[{"name":"t\u00f6\u00f6leht","href":"https:\/\/api.w.org\/{rel}","templated":true}]}}