{"id":9383,"date":"2023-04-05T18:19:08","date_gmt":"2023-04-05T18:19:08","guid":{"rendered":"https:\/\/shop.bestudio.ee\/?post_type=product&#038;p=9383"},"modified":"2025-12-01T00:42:00","modified_gmt":"2025-11-30T22:42:00","slug":"builder-base-cover","status":"publish","type":"product","link":"https:\/\/shop.bestudio.ee\/et\/toode\/builder-base-cover\/","title":{"rendered":"Builder Base Cover, 8ml"},"content":{"rendered":"<p>8 ml,<\/p>\n<p>NGRIETID: Akr\u00fclaadid kopol\u00fcmeerid, HEMA, isoborn\u00fc\u00fclmetakr\u00fclaat, h\u00fcdroks\u00fcts\u00fckloheks\u00fc\u00fclfen\u00fc\u00fclketooni, trimet\u00fc\u00fclbenso\u00fc\u00fcldifosfiinoksiid, +\/-: CI 45410, CI 15850, CI 19140, CI 77742, Ci 77510.<\/p>","protected":false},"excerpt":{"rendered":"<p><strong>Ehitaja aluskate <\/strong><\/p>\n<p>Universaalse sooja bee\u017ei varjundiga alus 100% katvusega. Kasutage seda v\u00e4rvi alusena v\u00f5i j\u00e4tke loomulik v\u00e4limus. Toode sobib suurep\u00e4raselt prantsuse v\u00f5i beebibuumi jaoks. Selle meeldiv tekstuur ei ole probleem isegi algajatele stilistidele.<\/p>\n<ul>\n<li>V\u00e4rv: soe alasti varjund,<\/li>\n<li>L\u00e4bipaistmatus: 100%,<\/li>\n<li>Ideaalne puuduste varjamiseks,<\/li>\n<li>Ideaalne prantsuse stiili aluskreemiks,<\/li>\n<li>Selle tootega saate h\u00f5lpsalt t\u00e4iendada geeli taaskasvamist,<\/li>\n<li>Aluspinda saab \u00f5rnalt pikendada. Max kuni 1 plaat,<\/li>\n<li>Omadused: k\u00f5va ehitusalus,<\/li>\n<li>Sobib ideaalselt naturaalsete plaatide k\u00f5vendamiseks ja mehaaniliste kahjustuste eest kaitsva kaare ehitamiseks,<\/li>\n<li>Konsistents: keskmise tihedusega \/ isetasanduv,<\/li>\n<li>Mahutavus: 8 ml,<\/li>\n<li>M\u00e4rgistus: BB kate,<\/li>\n<\/ul>\n<p>LED lamp min. 48W \u2013 1min. 36W UV lamp \u2013 2min.<\/p>\n<ul>\n<li><strong>Kuidas kasutada: <\/strong>soovitame kasutada eelnevalt karastatud klassikalisel alusel \u201cBase\u201d. Kuumendame v\u00e4hemalt 60 sekundit led-\/kahelampi valguses. Enne v\u00e4rvi pealekandmist ei pea p\u00fchkima,<\/li>\n<\/ul>\n<p>________________________________________________________________________<\/p>\n<ul>\n<li><strong>MAKEAR\u2122 <\/strong>on br\u00e4nd, mis \u00fcllatab pidevalt oma kliente, t\u00e4nu millele on ta t\u00f5usnud innovatsiooni liidriks.<\/li>\n<li><strong>MAKEAR\u2122 <\/strong>h\u00fcbriid k\u00fc\u00fcnelakid on valmistatud k\u00f5rgeima kvaliteediga komponentidest, et vastata k\u00f5ige n\u00f5udlikumate klientide ootustele.<\/li>\n<li>S\u00fcgav v\u00e4rvik\u00fcllastus, laiad ja mitmekesised v\u00e4rvid ning vastupidavus tegid Makearist liidri olemasolevate kaubam\u00e4rkide seas.<\/li>\n<\/ul>\n<p>________________________________________________________________________<\/p>\n<p><strong>Builder Base Cover Makear on m\u00f5eldud professionaalseks kasutamiseks.<\/strong><\/p>","protected":false},"featured_media":9384,"template":"","meta":[],"product_brand":[],"product_cat":[116,219,117,130,232,220],"product_tag":[157,156],"class_list":{"0":"post-9383","1":"product","2":"type-product","3":"status-publish","4":"has-post-thumbnail","6":"product_cat-makear","7":"product_cat-base-and-top-coat","8":"product_cat-base","9":"product_cat-builder-base-nude","10":"product_cat-builder-base-coat","11":"product_cat-colourful-base-coat","12":"product_tag-bulder-base","13":"product_tag-ehitusbaas","15":"first","16":"instock","17":"taxable","18":"shipping-taxable","19":"purchasable","20":"product-type-simple"},"jetpack_sharing_enabled":true,"_links":{"self":[{"href":"https:\/\/shop.bestudio.ee\/et\/wp-json\/wp\/v2\/product\/9383","targetHints":{"allow":["GET"]}}],"collection":[{"href":"https:\/\/shop.bestudio.ee\/et\/wp-json\/wp\/v2\/product"}],"about":[{"href":"https:\/\/shop.bestudio.ee\/et\/wp-json\/wp\/v2\/types\/product"}],"wp:featuredmedia":[{"embeddable":true,"href":"https:\/\/shop.bestudio.ee\/et\/wp-json\/wp\/v2\/media\/9384"}],"wp:attachment":[{"href":"https:\/\/shop.bestudio.ee\/et\/wp-json\/wp\/v2\/media?parent=9383"}],"wp:term":[{"taxonomy":"product_brand","embeddable":true,"href":"https:\/\/shop.bestudio.ee\/et\/wp-json\/wp\/v2\/product_brand?post=9383"},{"taxonomy":"product_cat","embeddable":true,"href":"https:\/\/shop.bestudio.ee\/et\/wp-json\/wp\/v2\/product_cat?post=9383"},{"taxonomy":"product_tag","embeddable":true,"href":"https:\/\/shop.bestudio.ee\/et\/wp-json\/wp\/v2\/product_tag?post=9383"}],"curies":[{"name":"t\u00f6\u00f6leht","href":"https:\/\/api.w.org\/{rel}","templated":true}]}}