{"id":9568,"date":"2023-05-25T21:50:34","date_gmt":"2023-05-25T21:50:34","guid":{"rendered":"https:\/\/shop.bestudio.ee\/?post_type=product&#038;p=9568"},"modified":"2026-01-19T20:53:34","modified_gmt":"2026-01-19T18:53:34","slug":"404-uv-gel-polish-glossy-8ml","status":"publish","type":"product","link":"https:\/\/shop.bestudio.ee\/et\/toode\/404-uv-gel-polish-glossy-8ml\/","title":{"rendered":"404 UV geellakk \u2013 l\u00e4ikiv, 8ml"},"content":{"rendered":"<p>8 ml,<\/p>\n<p>Mine tagasi 90ndatesse ja n\u00e4ita seda oma k\u00fc\u00fcntel! Looge oma \u201cGLOSSY\u201d Nails \u2013 kaasaegne retroh\u00f5nguline manik\u00fc\u00fcr.<\/p>\n<p>Stiilitrendid naasevad ja ammutavad inspiratsiooni vanadest aegadest. MAKEAR on alati ajakohane. Selle tulemusena tutvustame uut geellakki, mis on inspireeritud ikoonilisest huulel\u00e4igest, mille sees on \u00f5rn s\u00e4ra. See v\u00e4releb 90ndate mitmev\u00e4rvilistest r\u00e4mpsudest!<\/p>\n<p>GLOSSY kollektsioon \u2013 4 erinevat sillerdava efektiga geellakki \u2013 v\u00e4rve muudetakse vastavalt valguse t\u00fc\u00fcbile. Geellakk on kergelt l\u00e4bipaistev. S\u00f5ltuvalt oma meeleolust saate luua palju k\u00fc\u00fcnte stilisatsioone ja pole vahet, milliseid aluseid v\u00f5i geele stilisatsioonide loomiseks kasutatakse.<\/p>\n<p>Geellakk by <strong>MAKEAR<\/strong> on vastupidavuse ja t\u00f6\u00f6kindluse tagatis. Kreemjas konsistents, k\u00f5rge pigmentatsioon ja t\u00e4iusliku kujuga pintsel muudavad teie t\u00f6\u00f6 lihtsamaks ja kiiremaks. Kuna meie pakkumises on \u00fcle 300 v\u00e4rvi, oleme kindlad, et suudame rahuldada paljusid kliente.<\/p>\n<ul>\n<li>Isetasanduv<\/li>\n<li>V\u00e4ga pigmenteerunud \u2013 100% katvus<\/li>\n<li>Kreemjas ja keskmise paksusega konsistents<\/li>\n<li>V\u00e4rvid ei j\u00e4ta triipe<\/li>\n<li>T\u00e4iusliku kujuga pintsel<\/li>\n<li>Korgi peal n\u00e4ha p\u00e4ris v\u00e4rvi<\/li>\n<li>Gel Polish on pakitud v\u00e4ikesesse pappkarpi, mis tagab geellaki ohutu transportimise<\/li>\n<li>Maht: 8 ml<\/li>\n<li>\u00a0LED-lamp min 48W \u2013 1min ; UV-lamp 36W \u2013 2min<\/li>\n<\/ul>\n<p>*V\u00e4rvitesteril kuvatavad v\u00e4rvid v\u00f5ivad tegelikkuses n\u00e4htavast veidi erineda.<\/p>","protected":false},"excerpt":{"rendered":"<p>Mine tagasi 90ndatesse ja n\u00e4ita seda oma k\u00fc\u00fcntel! Looge oma \u201cGLOSSY\u201d Nails \u2013 kaasaegne retroh\u00f5nguline manik\u00fc\u00fcr.<\/p>","protected":false},"featured_media":9569,"template":"","meta":[],"product_brand":[],"product_cat":[116,131,133,218,247],"product_tag":[152,153],"class_list":{"0":"post-9568","1":"product","2":"type-product","3":"status-publish","4":"has-post-thumbnail","6":"product_cat-makear","7":"product_cat-gel-polishes-makear","8":"product_cat-glossy","9":"product_cat-nail-gel-polishes","10":"product_cat-glossy-nail-gel-polishes","11":"product_tag-geellakk","12":"product_tag-gel-polish","14":"first","15":"instock","16":"taxable","17":"shipping-taxable","18":"purchasable","19":"product-type-simple"},"jetpack_sharing_enabled":true,"_links":{"self":[{"href":"https:\/\/shop.bestudio.ee\/et\/wp-json\/wp\/v2\/product\/9568","targetHints":{"allow":["GET"]}}],"collection":[{"href":"https:\/\/shop.bestudio.ee\/et\/wp-json\/wp\/v2\/product"}],"about":[{"href":"https:\/\/shop.bestudio.ee\/et\/wp-json\/wp\/v2\/types\/product"}],"wp:featuredmedia":[{"embeddable":true,"href":"https:\/\/shop.bestudio.ee\/et\/wp-json\/wp\/v2\/media\/9569"}],"wp:attachment":[{"href":"https:\/\/shop.bestudio.ee\/et\/wp-json\/wp\/v2\/media?parent=9568"}],"wp:term":[{"taxonomy":"product_brand","embeddable":true,"href":"https:\/\/shop.bestudio.ee\/et\/wp-json\/wp\/v2\/product_brand?post=9568"},{"taxonomy":"product_cat","embeddable":true,"href":"https:\/\/shop.bestudio.ee\/et\/wp-json\/wp\/v2\/product_cat?post=9568"},{"taxonomy":"product_tag","embeddable":true,"href":"https:\/\/shop.bestudio.ee\/et\/wp-json\/wp\/v2\/product_tag?post=9568"}],"curies":[{"name":"t\u00f6\u00f6leht","href":"https:\/\/api.w.org\/{rel}","templated":true}]}}