{"id":9576,"date":"2023-05-26T12:20:31","date_gmt":"2023-05-26T12:20:31","guid":{"rendered":"https:\/\/shop.bestudio.ee\/?post_type=product&#038;p=9576"},"modified":"2026-01-19T20:21:57","modified_gmt":"2026-01-19T18:21:57","slug":"cleaner-500ml","status":"publish","type":"product","link":"https:\/\/shop.bestudio.ee\/et\/toode\/cleaner-500ml\/","title":{"rendered":"Puhastusvahend, 500ml"},"content":{"rendered":"<p>Koristaja<\/p>\n<p>Professionaalne vedelik puhastamiseks ja rasvaeemalduseks Eemaldab t\u00f5husalt kogu rasva k\u00fc\u00fcnelt v\u00f5i otsaplaadilt<\/p>\n<p>Maht: 500ml<\/p>","protected":false},"excerpt":{"rendered":"<p>MAKEAR\u2122 on br\u00e4nd, mis \u00fcllatab pidevalt oma kliente ja on sellest tulenevalt t\u00f5usnud innovatsiooni liidriks.<br \/>\nMAKEAR\u2122 Gel Polish on valmistatud parimatest koostisosadest, et vastata meie klientide ootustele, isegi nendele, kes on t\u00f5eliselt n\u00f5udlikud.<br \/>\nS\u00fcgav v\u00e4rvik\u00fcllastus, lai v\u00e4rvivalik ja vastupidavus on teinud MAKEARist k\u00fc\u00fcnet\u00f6\u00f6stuse liidri.<\/p>\n<hr \/>\n<p>Puhastusvahend on m\u00f5eldud professionaalseks kasutamiseks.<\/p>","protected":false},"featured_media":9577,"template":"","meta":[],"product_brand":[],"product_cat":[116,134,227],"product_tag":[174,173],"class_list":{"0":"post-9576","1":"product","2":"type-product","3":"status-publish","4":"has-post-thumbnail","6":"product_cat-makear","7":"product_cat-professional-liquids","8":"product_cat-liquids-and-prep","9":"product_tag-cleaner","10":"product_tag-koristaja","12":"first","13":"instock","14":"taxable","15":"shipping-taxable","16":"purchasable","17":"product-type-simple"},"jetpack_sharing_enabled":true,"_links":{"self":[{"href":"https:\/\/shop.bestudio.ee\/et\/wp-json\/wp\/v2\/product\/9576","targetHints":{"allow":["GET"]}}],"collection":[{"href":"https:\/\/shop.bestudio.ee\/et\/wp-json\/wp\/v2\/product"}],"about":[{"href":"https:\/\/shop.bestudio.ee\/et\/wp-json\/wp\/v2\/types\/product"}],"wp:featuredmedia":[{"embeddable":true,"href":"https:\/\/shop.bestudio.ee\/et\/wp-json\/wp\/v2\/media\/9577"}],"wp:attachment":[{"href":"https:\/\/shop.bestudio.ee\/et\/wp-json\/wp\/v2\/media?parent=9576"}],"wp:term":[{"taxonomy":"product_brand","embeddable":true,"href":"https:\/\/shop.bestudio.ee\/et\/wp-json\/wp\/v2\/product_brand?post=9576"},{"taxonomy":"product_cat","embeddable":true,"href":"https:\/\/shop.bestudio.ee\/et\/wp-json\/wp\/v2\/product_cat?post=9576"},{"taxonomy":"product_tag","embeddable":true,"href":"https:\/\/shop.bestudio.ee\/et\/wp-json\/wp\/v2\/product_tag?post=9576"}],"curies":[{"name":"t\u00f6\u00f6leht","href":"https:\/\/api.w.org\/{rel}","templated":true}]}}