{"id":9602,"date":"2023-05-26T13:01:45","date_gmt":"2023-05-26T13:01:45","guid":{"rendered":"https:\/\/shop.bestudio.ee\/?post_type=product&#038;p=9602"},"modified":"2024-02-08T15:28:24","modified_gmt":"2024-02-08T15:28:24","slug":"makeart-gold-5ml","status":"publish","type":"product","link":"https:\/\/shop.bestudio.ee\/et\/toode\/makeart-gold-5ml\/","title":{"rendered":"Makeart Gold, 5 ml"},"content":{"rendered":"<p>5 ml,<\/p>\n<ul>\n<li>Super pigmenteeritud,<\/li>\n<li>Dispersioonikiht puudub, pole vaja Cleaneriga p\u00fchkida,<\/li>\n<li>M\u00e4rkus: toodet ei saa pigmentatsiooni t\u00f5ttu kasutada struktuursete ja k\u00f5rgendatud kaunistuste jaoks,<\/li>\n<li>Mahutavus: 5 ml,<\/li>\n<li>M\u00e4rgistus: Makeart Gold.<\/li>\n<\/ul>\n<p>LED lamp min. 48W \u2013 1min. UV 36W lamp \u2013 2min.<\/p>","protected":false},"excerpt":{"rendered":"<p><strong>Makeart<\/strong><\/p>\n<p>Uus Makeart sari sobib suurep\u00e4raselt \u00fcli\u00f5hukeste kaunistuste, geomeetria, \u00fche t\u00f5mbega, varjutamiseks (valge beebibuumi jaoks<\/p>\n<div>\u00a0vajab ainult \u00fchte kihti).<\/div>\n<div><strong>Makeart Makear on ainult professionaalseks kasutamiseks.<\/strong><\/div>","protected":false},"featured_media":9603,"template":"","meta":[],"product_brand":[],"product_cat":[116,135,229],"product_tag":[171,172],"class_list":{"0":"post-9602","1":"product","2":"type-product","3":"status-publish","4":"has-post-thumbnail","6":"product_cat-makear","7":"product_cat-makeart","8":"product_cat-nail-art","9":"product_tag-kuunte-geelikunst","10":"product_tag-nail-gel-art","12":"first","13":"outofstock","14":"taxable","15":"shipping-taxable","16":"purchasable","17":"product-type-simple"},"jetpack_sharing_enabled":true,"_links":{"self":[{"href":"https:\/\/shop.bestudio.ee\/et\/wp-json\/wp\/v2\/product\/9602","targetHints":{"allow":["GET"]}}],"collection":[{"href":"https:\/\/shop.bestudio.ee\/et\/wp-json\/wp\/v2\/product"}],"about":[{"href":"https:\/\/shop.bestudio.ee\/et\/wp-json\/wp\/v2\/types\/product"}],"wp:featuredmedia":[{"embeddable":true,"href":"https:\/\/shop.bestudio.ee\/et\/wp-json\/wp\/v2\/media\/9603"}],"wp:attachment":[{"href":"https:\/\/shop.bestudio.ee\/et\/wp-json\/wp\/v2\/media?parent=9602"}],"wp:term":[{"taxonomy":"product_brand","embeddable":true,"href":"https:\/\/shop.bestudio.ee\/et\/wp-json\/wp\/v2\/product_brand?post=9602"},{"taxonomy":"product_cat","embeddable":true,"href":"https:\/\/shop.bestudio.ee\/et\/wp-json\/wp\/v2\/product_cat?post=9602"},{"taxonomy":"product_tag","embeddable":true,"href":"https:\/\/shop.bestudio.ee\/et\/wp-json\/wp\/v2\/product_tag?post=9602"}],"curies":[{"name":"t\u00f6\u00f6leht","href":"https:\/\/api.w.org\/{rel}","templated":true}]}}