{"id":9609,"date":"2023-05-26T13:15:16","date_gmt":"2023-05-26T13:15:16","guid":{"rendered":"https:\/\/shop.bestudio.ee\/?post_type=product&#038;p=9609"},"modified":"2025-12-01T00:40:32","modified_gmt":"2025-11-30T22:40:32","slug":"916-midnight-magic-8ml","status":"publish","type":"product","link":"https:\/\/shop.bestudio.ee\/et\/toode\/916-midnight-magic-8ml\/","title":{"rendered":"916 Midnight Magic, 8ml"},"content":{"rendered":"<ul>\n<li>M\u00f5eldud professionaalseks kasutamiseks,<\/li>\n<li>Tugev pigmentatsioon, kreemjas, keskmise paksusega konsistents muudavad toote meeldivaks ja mugavaks t\u00f6\u00f6tamise,<\/li>\n<li>K\u00f5rgl\u00e4ike,<\/li>\n<li>Geeli vastupidavus \u2013 mitmen\u00e4dalane toime,<\/li>\n<li>V\u00e4rvid ei j\u00e4ta triipe,<\/li>\n<li>T\u00e4iusliku kontuuriga pintsel,<\/li>\n<li>Korgi tegelik v\u00e4rv v\u00f5imaldab teil v\u00e4rvi n\u00e4ha,<\/li>\n<li>Luksuslik pudel v\u00f5ib edukalt kaunistada paljusid elutubasid,<\/li>\n<li>Lakk on pakendatud pappkarpi, mis tagab ohutuse transportimisel ning on samas t\u00e4ielikult biolagunev *,<\/li>\n<li>Mahutavus: 8 ml,<\/li>\n<li>M\u00e4rgistus: 915-926.<\/li>\n<\/ul>\n<p>Lampa LED min. 48W \u2013 1min. Lampa UV 36W \u2013 2min.<\/p>","protected":false},"excerpt":{"rendered":"<div><strong>916 Midnight Magic<\/strong><\/div>\n<p>The\u00a0<strong>KUUVALGUSE DISKO<\/strong>\u00a0sari on erakordne kollektsioon, mis on inspireeritud populaarsete jookide nimedest ning 80ndate ja 90ndate ainulaadsest atmosf\u00e4\u00e4rist. Meie kollektsioon v\u00f5imaldab teil saada WOW-EFEKTI! Laki sisse paneme miljoneid maagilisi osakesi, valgusallika m\u00f5jul s\u00e4ravad need h\u00e4mmastava s\u00e4raga.<\/p>","protected":false},"featured_media":9610,"template":"","meta":[],"product_brand":[],"product_cat":[116,131,132,218,243],"product_tag":[165,166],"class_list":{"0":"post-9609","1":"product","2":"type-product","3":"status-publish","4":"has-post-thumbnail","6":"product_cat-makear","7":"product_cat-gel-polishes-makear","8":"product_cat-moonlight-disco","9":"product_cat-nail-gel-polishes","10":"product_cat-flashlight-collection","11":"product_tag-peegeldav-geellakk","12":"product_tag-reflective-gel-polish","14":"first","15":"instock","16":"taxable","17":"shipping-taxable","18":"purchasable","19":"product-type-simple"},"jetpack_sharing_enabled":true,"_links":{"self":[{"href":"https:\/\/shop.bestudio.ee\/et\/wp-json\/wp\/v2\/product\/9609","targetHints":{"allow":["GET"]}}],"collection":[{"href":"https:\/\/shop.bestudio.ee\/et\/wp-json\/wp\/v2\/product"}],"about":[{"href":"https:\/\/shop.bestudio.ee\/et\/wp-json\/wp\/v2\/types\/product"}],"wp:featuredmedia":[{"embeddable":true,"href":"https:\/\/shop.bestudio.ee\/et\/wp-json\/wp\/v2\/media\/9610"}],"wp:attachment":[{"href":"https:\/\/shop.bestudio.ee\/et\/wp-json\/wp\/v2\/media?parent=9609"}],"wp:term":[{"taxonomy":"product_brand","embeddable":true,"href":"https:\/\/shop.bestudio.ee\/et\/wp-json\/wp\/v2\/product_brand?post=9609"},{"taxonomy":"product_cat","embeddable":true,"href":"https:\/\/shop.bestudio.ee\/et\/wp-json\/wp\/v2\/product_cat?post=9609"},{"taxonomy":"product_tag","embeddable":true,"href":"https:\/\/shop.bestudio.ee\/et\/wp-json\/wp\/v2\/product_tag?post=9609"}],"curies":[{"name":"t\u00f6\u00f6leht","href":"https:\/\/api.w.org\/{rel}","templated":true}]}}