{"id":9656,"date":"2023-05-27T22:17:33","date_gmt":"2023-05-27T19:17:33","guid":{"rendered":"https:\/\/shop.bestudio.ee\/?post_type=product&#038;p=9656"},"modified":"2026-02-04T19:21:08","modified_gmt":"2026-02-04T17:21:08","slug":"french-pink-nude-rubber-base-nrb02-8ml","status":"publish","type":"product","link":"https:\/\/shop.bestudio.ee\/et\/toode\/french-pink-nude-rubber-base-nrb02-8ml\/","title":{"rendered":"French Pink \u2013 Nude Rubber Base NRB02, 8ml"},"content":{"rendered":"<p>Nude kummist aluse peamised eelised:<\/p>\n<p>&nbsp;<\/p>\n<ul>\n<li>See kiirendab t\u00f6\u00f6d \u2013 \u00fcks toode asendab kaks varem kasutatud toodet!<\/li>\n<li>8 v\u00e4rvi, mida saab h\u00f5lpsasti sobitada iga nahatooniga.<\/li>\n<li>See on painduv \u2013 t\u00f6\u00f6tab k\u00fc\u00fcnega, mis muudab selle vastupidavaks m\u00f5ranemisele v\u00f5i kahjustustele.<\/li>\n<li>T\u00e4nu oma paksule konsistentsile silub see suurep\u00e4raselt ebatasased v\u00f5i kahjustatud k\u00fc\u00fcneplaadid.<\/li>\n<li>T\u00e4iusliku kontuuriga pintsel tagab toote lihtsa pealekandmise ka probleemsetesse kohtadesse nagu k\u00fc\u00fcnevarre \u00fcmbrus.<\/li>\n<li>P\u00e4rast lambis k\u00f5venemist ei vaja see viilimist.<\/li>\n<li>Sobib suurep\u00e4raselt prantsuse stiili alusp\u00f5hjaks.<\/li>\n<\/ul>\n<p>&nbsp;<\/p>\n<ul>\n<li>M\u00e4rgistus: NRB02<\/li>\n<li>V\u00e4rv: piimjas roosa<\/li>\n<li>Konsistents: paks<\/li>\n<li>Mahutavus: 8 ml<\/li>\n<\/ul>","protected":false},"excerpt":{"rendered":"<h2 class=\"h3\">Prantsuse roosa \u2013 kummist alusakt<\/h2>\n<p>Universaalsed ja samas ihaldusv\u00e4\u00e4rseimad v\u00e4rvid, mida peab leiduma igast k\u00fc\u00fcnesalongist?<\/p>\n<p>Need on NUDE toonid!<\/p>\n<p>Prantsuse manik\u00fc\u00fcri alus, \u00f5rn stiil kontorisse, p\u00f6\u00f6rane stiil palja k\u00fc\u00fcnte efektiga? Saate seda k\u00f5ike teha meie kummist alustega.<\/p>\n<p>Nude Rubber Base on 8 h\u00e4mmastavas v\u00e4rvitoonis kummialuste kollektsioon, mis sobivad iga nahatooniga. Asenda alus- ja h\u00fcbriidlakk \u00fche tootega, mis vastab parimate stilistide ootustele.<\/p>\n<p>See on teie kliinikus kohustuslik toode!<\/p>\n<p><strong>MAKEAR\u2122<\/strong>\u00a0on br\u00e4nd, mis \u00fcllatab pidevalt oma kliente, tehes sellest innovatsiooni liidri.<\/p>\n<p>UV Poola GEL poolt\u00a0<strong>MAKEAR\u2122<\/strong>\u00a0on valmistatud k\u00f5rgeima kvaliteediga komponentidest, et vastata k\u00f5ige n\u00f5udlikumate klientide ootustele.<\/p>\n<p>S\u00fcgav v\u00e4rvik\u00fcllastus, laiad ja mitmekesised v\u00e4rvid ning vastupidavus tegid Makearist liidri olemasolevate kaubam\u00e4rkide seas.<\/p>","protected":false},"featured_media":9657,"template":"","meta":[],"product_brand":[],"product_cat":[116,219,117,128,231,220],"product_tag":[158,159],"class_list":{"0":"post-9656","1":"product","2":"type-product","3":"status-publish","4":"has-post-thumbnail","6":"product_cat-makear","7":"product_cat-base-and-top-coat","8":"product_cat-base","9":"product_cat-rubber-base-nude","10":"product_cat-rubber-base-coat","11":"product_cat-colourful-base-coat","12":"product_tag-kummist-alus","13":"product_tag-rubber-base","15":"first","16":"outofstock","17":"taxable","18":"shipping-taxable","19":"purchasable","20":"product-type-simple"},"jetpack_sharing_enabled":true,"_links":{"self":[{"href":"https:\/\/shop.bestudio.ee\/et\/wp-json\/wp\/v2\/product\/9656","targetHints":{"allow":["GET"]}}],"collection":[{"href":"https:\/\/shop.bestudio.ee\/et\/wp-json\/wp\/v2\/product"}],"about":[{"href":"https:\/\/shop.bestudio.ee\/et\/wp-json\/wp\/v2\/types\/product"}],"wp:featuredmedia":[{"embeddable":true,"href":"https:\/\/shop.bestudio.ee\/et\/wp-json\/wp\/v2\/media\/9657"}],"wp:attachment":[{"href":"https:\/\/shop.bestudio.ee\/et\/wp-json\/wp\/v2\/media?parent=9656"}],"wp:term":[{"taxonomy":"product_brand","embeddable":true,"href":"https:\/\/shop.bestudio.ee\/et\/wp-json\/wp\/v2\/product_brand?post=9656"},{"taxonomy":"product_cat","embeddable":true,"href":"https:\/\/shop.bestudio.ee\/et\/wp-json\/wp\/v2\/product_cat?post=9656"},{"taxonomy":"product_tag","embeddable":true,"href":"https:\/\/shop.bestudio.ee\/et\/wp-json\/wp\/v2\/product_tag?post=9656"}],"curies":[{"name":"t\u00f6\u00f6leht","href":"https:\/\/api.w.org\/{rel}","templated":true}]}}