{"id":9663,"date":"2023-05-27T21:49:25","date_gmt":"2023-05-27T21:49:25","guid":{"rendered":"https:\/\/shop.bestudio.ee\/?post_type=product&#038;p=9663"},"modified":"2026-01-19T20:12:27","modified_gmt":"2026-01-19T18:12:27","slug":"peach-color-rubber-base-crb06-8ml","status":"publish","type":"product","link":"https:\/\/shop.bestudio.ee\/et\/toode\/peach-color-rubber-base-crb06-8ml\/","title":{"rendered":"Virsik \u2013 Color Rubber Base CRB06, 8ml"},"content":{"rendered":"<p><strong>Omadused<\/strong>:<\/p>\n<ul>\n<li>Isetasanduv,<\/li>\n<li>raske,<\/li>\n<li>L\u00e4bipaistmatus: 100%,<\/li>\n<li>K\u00f5venemisaeg UV \/ kahe LED-iga 30 sek,<\/li>\n<li>Konsistents: paks,<\/li>\n<li>Ideaalne \u00f5hukese raami moodustamiseks ja pikendamiseks,<\/li>\n<li>Vastupidav ja kahjustustekindel,<\/li>\n<li>Mahutavus: 8 ml,<\/li>\n<li>Kaubam\u00e4rk: CRB01-CRB16,<\/li>\n<li>T\u00e4nu oma paksule konsistentsile silub see ideaalselt eba\u00fchtlase v\u00f5i kahjustatud k\u00fc\u00fcneplaadi,<\/li>\n<li>Ilusad pastelsed v\u00e4rvid,<\/li>\n<li>Looduslike k\u00fc\u00fcnte tugevdamine.<\/li>\n<\/ul>\n<p><strong>Toode sobib kokku k\u00f5igi manik\u00fc\u00fcritoodetega. LED lambid min. 48W \u2013 1min. 36W UV lamp \u2013 2min. <\/strong><\/p>","protected":false},"excerpt":{"rendered":"<p><strong>Virsik CRB06 <\/strong><\/p>\n<p><strong>Innovatsioon on tulnud \u2013 Toode 2in1 V\u00c4RVILINE KUMMI ALUS! <\/strong><\/p>\n<p>Teostuslihtsus, vastupidavus, t\u00e4iuslik katvus ja pastelsed v\u00e4rvid \u2013 mida veel tahta! Sellel suvel on k\u00fc\u00fcnte stiliseerimise suurim hitt meie V\u00c4RVILINE KUMMI ALUS. V\u00c4RVILISE KUMMI ALUSE peamised eelised?<\/p>\n<p><strong>See kiirendab teie t\u00f6\u00f6d \u2013 \u00fcks toode asendab kaks eelmist! <\/strong><\/p>\n<p><strong>Makeari ehitusgeel on m\u00f5eldud professionaalseks kasutamiseks. <\/strong><\/p>","protected":false},"featured_media":9664,"template":"","meta":[],"product_brand":[],"product_cat":[116,219,117,129,231,220],"product_tag":[158,159],"class_list":{"0":"post-9663","1":"product","2":"type-product","3":"status-publish","4":"has-post-thumbnail","6":"product_cat-makear","7":"product_cat-base-and-top-coat","8":"product_cat-base","9":"product_cat-rubber-base-colour","10":"product_cat-rubber-base-coat","11":"product_cat-colourful-base-coat","12":"product_tag-kummist-alus","13":"product_tag-rubber-base","15":"first","16":"instock","17":"taxable","18":"shipping-taxable","19":"purchasable","20":"product-type-simple"},"jetpack_sharing_enabled":true,"_links":{"self":[{"href":"https:\/\/shop.bestudio.ee\/et\/wp-json\/wp\/v2\/product\/9663","targetHints":{"allow":["GET"]}}],"collection":[{"href":"https:\/\/shop.bestudio.ee\/et\/wp-json\/wp\/v2\/product"}],"about":[{"href":"https:\/\/shop.bestudio.ee\/et\/wp-json\/wp\/v2\/types\/product"}],"wp:featuredmedia":[{"embeddable":true,"href":"https:\/\/shop.bestudio.ee\/et\/wp-json\/wp\/v2\/media\/9664"}],"wp:attachment":[{"href":"https:\/\/shop.bestudio.ee\/et\/wp-json\/wp\/v2\/media?parent=9663"}],"wp:term":[{"taxonomy":"product_brand","embeddable":true,"href":"https:\/\/shop.bestudio.ee\/et\/wp-json\/wp\/v2\/product_brand?post=9663"},{"taxonomy":"product_cat","embeddable":true,"href":"https:\/\/shop.bestudio.ee\/et\/wp-json\/wp\/v2\/product_cat?post=9663"},{"taxonomy":"product_tag","embeddable":true,"href":"https:\/\/shop.bestudio.ee\/et\/wp-json\/wp\/v2\/product_tag?post=9663"}],"curies":[{"name":"t\u00f6\u00f6leht","href":"https:\/\/api.w.org\/{rel}","templated":true}]}}