{"id":9668,"date":"2023-05-27T21:53:42","date_gmt":"2023-05-27T21:53:42","guid":{"rendered":"https:\/\/shop.bestudio.ee\/?post_type=product&#038;p=9668"},"modified":"2025-12-01T00:35:49","modified_gmt":"2025-11-30T22:35:49","slug":"rubber-base-clear-8ml","status":"publish","type":"product","link":"https:\/\/shop.bestudio.ee\/et\/toode\/rubber-base-clear-8ml\/","title":{"rendered":"L\u00e4bipaistev kummip\u00f5hi, 8ml"},"content":{"rendered":"<ul>\n<li>Omadused: sobib suurep\u00e4raselt pehme ja \u00f5hukese k\u00fc\u00fcneplaadiga t\u00f6\u00f6tamiseks, sellel on maksimaalselt suurenenud nake k\u00fc\u00fcneplaadiga,<\/li>\n<li>V\u00e4rv: v\u00e4rvitu, l\u00e4bipaistev,<\/li>\n<li>Tihedam kui Fibre Base, mis v\u00f5imaldab sujuvalt t\u00f6\u00f6d teha ja k\u00fc\u00fcneplaadi ebatasasusi tasandada.<\/li>\n<li>T\u00e4iusliku kontuuriga pintsel tagab toote lihtsa pealekandmise ka probleemsetesse kohtadesse nagu k\u00fc\u00fcnevarre \u00fcmbrus,<\/li>\n<li>P\u00e4rast lambis k\u00f5venemist pole viilimist vaja.,<\/li>\n<li>Konsistents: paks,<\/li>\n<li><strong>Kuidas kasutada: <\/strong>v\u00e4rvige h\u00fcbriidi alla \u00f5huke kiht, h\u00f5\u00f5ruge geelimassi all oleva pintsliga plaadile ja kuivatage 60 sekundit led- \/ duallampis,<\/li>\n<li>Paindlikum kui Fibre Base, t\u00e4nu millele t\u00f6\u00f6tab see paremini pehme ja \u00f5hukese k\u00fc\u00fcneplaadiga,<\/li>\n<li>Ei vaja pesemist enne teise toote pealekandmist,<\/li>\n<li>Mahutavus: 8 ml,<\/li>\n<li>M\u00e4rgistus: Kummist alus.<\/li>\n<\/ul>\n<p>LED lamp min. 48W \u2013 1min. 36W UV lamp \u2013 2min.<\/p>","protected":false},"excerpt":{"rendered":"<p><strong>Kummist alus L\u00e4bipaistev <\/strong><\/p>\n<p>Paindlik alus, paks konsistents ja t\u00e4iuslik nakkuvus k\u00fc\u00fcneplaadiga. See on h\u00fcbriidlakkide alus, mida iseloomustab paindlikkus \u2013 alus toimib koos k\u00fc\u00fcneplaadiga, neelab nii l\u00f6\u00f6ke, hoides \u00e4ra pragude ja m\u00f5ranemise. Tihe konsistents v\u00f5imaldab rahulikult ja p\u00f5hjalikult t\u00f6\u00f6tada ning paksem aluskiht \u00fchtlustab k\u00fc\u00fcneplaadi ebatasasusi ja lohke. Iga naine teab seda tunnet, kui tugevama l\u00f6\u00f6gi v\u00f5i k\u00fc\u00fcne pigistamise ajal h\u00fcbriidmanik\u00fc\u00fcr pritsib v\u00f5i puruneb. Kuidas seda probleemi v\u00e4ltida? Rubber Base Clear on lahendus.<\/p>\n<p><strong>Rubber Base Clear by Makear on m\u00f5eldud professionaalseks kasutamiseks. <\/strong><\/p>","protected":false},"featured_media":9669,"template":"","meta":[],"product_brand":[],"product_cat":[116,219,228,117,136,231],"product_tag":[158,159],"class_list":{"0":"post-9668","1":"product","2":"type-product","3":"status-publish","4":"has-post-thumbnail","6":"product_cat-makear","7":"product_cat-base-and-top-coat","8":"product_cat-clear-base-and-top-coat","9":"product_cat-base","10":"product_cat-base-clear","11":"product_cat-rubber-base-coat","12":"product_tag-kummist-alus","13":"product_tag-rubber-base","15":"first","16":"instock","17":"taxable","18":"shipping-taxable","19":"purchasable","20":"product-type-simple"},"jetpack_sharing_enabled":true,"_links":{"self":[{"href":"https:\/\/shop.bestudio.ee\/et\/wp-json\/wp\/v2\/product\/9668","targetHints":{"allow":["GET"]}}],"collection":[{"href":"https:\/\/shop.bestudio.ee\/et\/wp-json\/wp\/v2\/product"}],"about":[{"href":"https:\/\/shop.bestudio.ee\/et\/wp-json\/wp\/v2\/types\/product"}],"wp:featuredmedia":[{"embeddable":true,"href":"https:\/\/shop.bestudio.ee\/et\/wp-json\/wp\/v2\/media\/9669"}],"wp:attachment":[{"href":"https:\/\/shop.bestudio.ee\/et\/wp-json\/wp\/v2\/media?parent=9668"}],"wp:term":[{"taxonomy":"product_brand","embeddable":true,"href":"https:\/\/shop.bestudio.ee\/et\/wp-json\/wp\/v2\/product_brand?post=9668"},{"taxonomy":"product_cat","embeddable":true,"href":"https:\/\/shop.bestudio.ee\/et\/wp-json\/wp\/v2\/product_cat?post=9668"},{"taxonomy":"product_tag","embeddable":true,"href":"https:\/\/shop.bestudio.ee\/et\/wp-json\/wp\/v2\/product_tag?post=9668"}],"curies":[{"name":"t\u00f6\u00f6leht","href":"https:\/\/api.w.org\/{rel}","templated":true}]}}