{"id":9670,"date":"2023-05-27T21:59:19","date_gmt":"2023-05-27T21:59:19","guid":{"rendered":"https:\/\/shop.bestudio.ee\/?post_type=product&#038;p=9670"},"modified":"2026-01-19T20:54:18","modified_gmt":"2026-01-19T18:54:18","slug":"top-no-wipe-hard-glass-15ml","status":"publish","type":"product","link":"https:\/\/shop.bestudio.ee\/et\/toode\/top-no-wipe-hard-glass-15ml\/","title":{"rendered":"Top No Wipe \u2013 HARD GLASS, 15ml"},"content":{"rendered":"<ul>\n<li>Omadused: seda saab kasutada nagu aluslakki,<\/li>\n<li>\u00a0Sellel on uskumatu vastupidavus kahjustustele,<\/li>\n<li>ei ole pingete suhtes tundlik,<\/li>\n<li>T\u00f5husam,<\/li>\n<li>Vapustav l\u00e4ige,<\/li>\n<li>See ei tekita triipe ega muuda k\u00fc\u00fcneplaadi v\u00e4rvi,<\/li>\n<li>Kasutamine: kanna pinnale \u00f5huke kiht \u00f5rnade pintsli liigutustega. Kuumuta seda LED\/DUAL LED-lambis 60 sekundit,<\/li>\n<li>Maht: 15 ml,<\/li>\n<li>Kinnitus: TNW k\u00f5va klaas.<\/li>\n<\/ul>\n<p>LED lamp min. 48W \u2013 1min. 36W UV lamp \u2013 2min.<\/p>","protected":false},"excerpt":{"rendered":"<p><strong>Top No Wipe \u2013 k\u00f5va klaas 15ml <\/strong><\/p>\n<p>Top No Wipe \u2013 Hard GlassTop, millel on k\u00f5va klaasi omadused ja mis kaitseb manik\u00fc\u00fcri kahjustuste eest ning muudab manik\u00fc\u00fcri l\u00e4ikivamaks ja kauem vastupidavamaks! See on v\u00e4ga vastupidav ja kahjustustele vastupidav. See tekitab k\u00fc\u00fcntele h\u00f5\u00f5guva veekihi. \u00dclemine un-blue ei tekita tumedatele v\u00e4rvidele sinist l\u00e4iget. Laigu h\u00f5\u00f5rumiseks tuleks varem kasutada puhastusvahendit.<\/p>\n<p><strong>Top No Wipe \u2013 Hard Glass by Makear on m\u00f5eldud professionaalseks kasutamiseks. <\/strong><\/p>","protected":false},"featured_media":9671,"template":"","meta":[],"product_brand":[],"product_cat":[116,219,228,118],"product_tag":[163,162],"class_list":{"0":"post-9670","1":"product","2":"type-product","3":"status-publish","4":"has-post-thumbnail","6":"product_cat-makear","7":"product_cat-base-and-top-coat","8":"product_cat-clear-base-and-top-coat","9":"product_cat-top-cover","10":"product_tag-pealislakk","11":"product_tag-top-coat","13":"first","14":"instock","15":"taxable","16":"shipping-taxable","17":"purchasable","18":"product-type-simple"},"jetpack_sharing_enabled":true,"_links":{"self":[{"href":"https:\/\/shop.bestudio.ee\/et\/wp-json\/wp\/v2\/product\/9670","targetHints":{"allow":["GET"]}}],"collection":[{"href":"https:\/\/shop.bestudio.ee\/et\/wp-json\/wp\/v2\/product"}],"about":[{"href":"https:\/\/shop.bestudio.ee\/et\/wp-json\/wp\/v2\/types\/product"}],"wp:featuredmedia":[{"embeddable":true,"href":"https:\/\/shop.bestudio.ee\/et\/wp-json\/wp\/v2\/media\/9671"}],"wp:attachment":[{"href":"https:\/\/shop.bestudio.ee\/et\/wp-json\/wp\/v2\/media?parent=9670"}],"wp:term":[{"taxonomy":"product_brand","embeddable":true,"href":"https:\/\/shop.bestudio.ee\/et\/wp-json\/wp\/v2\/product_brand?post=9670"},{"taxonomy":"product_cat","embeddable":true,"href":"https:\/\/shop.bestudio.ee\/et\/wp-json\/wp\/v2\/product_cat?post=9670"},{"taxonomy":"product_tag","embeddable":true,"href":"https:\/\/shop.bestudio.ee\/et\/wp-json\/wp\/v2\/product_tag?post=9670"}],"curies":[{"name":"t\u00f6\u00f6leht","href":"https:\/\/api.w.org\/{rel}","templated":true}]}}