{"id":9677,"date":"2023-05-28T01:12:45","date_gmt":"2023-05-27T22:12:45","guid":{"rendered":"https:\/\/shop.bestudio.ee\/?post_type=product&#038;p=9677"},"modified":"2026-01-09T12:59:12","modified_gmt":"2026-01-09T10:59:12","slug":"top-no-wipe-15ml","status":"publish","type":"product","link":"https:\/\/shop.bestudio.ee\/et\/toode\/top-no-wipe-15ml\/","title":{"rendered":"Top No Wipe, 15ml"},"content":{"rendered":"<ul>\n<li>Flexible Top, mida kasutatakse pealiskihina, ilma dispersioonikihita, tagab t\u00e4iusliku l\u00e4ike ja vastupidavuse,<\/li>\n<li>See kaitseb v\u00e4rve kollasuse eest ega muuda v\u00e4rve \u2013 must p\u00e4rast katmist ei muuda oma v\u00e4rvi tumesiniseks,<\/li>\n<li>See on toode, mis on loodud h\u00f5\u00f5rduma mis tahes kroomi \u00f5ietolmu v\u00f5i peegliefektiga,<\/li>\n<li>Konsistents - vedel \/ isetasanduv,<\/li>\n<li><strong>Kasutusmeetod:<\/strong> Kanna keskmine kogus toodet \u00f5rnade liigutustega peaaegu \u00f5hus k\u00fc\u00fcneplaadile, k\u00f5vendada min. 60 sek. w lampie led \/ dualed. Soovitame p\u00e4rast lambist eemaldamist oodata umbes 15-20 sekundit, kuni Top jahtub, p\u00e4rast seda v\u00f5ite oliivi\u00f5li peale kanda ja nautida manik\u00fc\u00fcri maksimaalset kestvat m\u00f5ju,<\/li>\n<li>Maht: 15 ml,<\/li>\n<li>M\u00e4rgistus: TNW.<\/li>\n<\/ul>\n<p>LED lamp min. 48W \u2013 1min. UV 36W lamp \u2013 2min.<\/p>","protected":false},"excerpt":{"rendered":"<p><strong>\u00dclemine P\u00fchkimata<\/strong><\/p>\n<p>Kas soovite oma k\u00fc\u00fcntele k\u00f5ige vastupidavamat ja ilusamat s\u00e4ra? Esitleme Top No Wipe- Our Bestseller, mis j\u00f5udis edetabelitesse.<\/p>\n<p><strong>Makeari h\u00fcbriidk\u00fc\u00fcnelakid on m\u00f5eldud professionaalseks kasutamiseks.<\/strong><\/p>","protected":false},"featured_media":9678,"template":"","meta":[],"product_brand":[],"product_cat":[116,219,228,118],"product_tag":[163,162],"class_list":{"0":"post-9677","1":"product","2":"type-product","3":"status-publish","4":"has-post-thumbnail","6":"product_cat-makear","7":"product_cat-base-and-top-coat","8":"product_cat-clear-base-and-top-coat","9":"product_cat-top-cover","10":"product_tag-pealislakk","11":"product_tag-top-coat","13":"first","14":"outofstock","15":"taxable","16":"shipping-taxable","17":"purchasable","18":"product-type-simple"},"jetpack_sharing_enabled":true,"_links":{"self":[{"href":"https:\/\/shop.bestudio.ee\/et\/wp-json\/wp\/v2\/product\/9677","targetHints":{"allow":["GET"]}}],"collection":[{"href":"https:\/\/shop.bestudio.ee\/et\/wp-json\/wp\/v2\/product"}],"about":[{"href":"https:\/\/shop.bestudio.ee\/et\/wp-json\/wp\/v2\/types\/product"}],"wp:featuredmedia":[{"embeddable":true,"href":"https:\/\/shop.bestudio.ee\/et\/wp-json\/wp\/v2\/media\/9678"}],"wp:attachment":[{"href":"https:\/\/shop.bestudio.ee\/et\/wp-json\/wp\/v2\/media?parent=9677"}],"wp:term":[{"taxonomy":"product_brand","embeddable":true,"href":"https:\/\/shop.bestudio.ee\/et\/wp-json\/wp\/v2\/product_brand?post=9677"},{"taxonomy":"product_cat","embeddable":true,"href":"https:\/\/shop.bestudio.ee\/et\/wp-json\/wp\/v2\/product_cat?post=9677"},{"taxonomy":"product_tag","embeddable":true,"href":"https:\/\/shop.bestudio.ee\/et\/wp-json\/wp\/v2\/product_tag?post=9677"}],"curies":[{"name":"t\u00f6\u00f6leht","href":"https:\/\/api.w.org\/{rel}","templated":true}]}}