{"id":9679,"date":"2023-05-27T22:18:31","date_gmt":"2023-05-27T22:18:31","guid":{"rendered":"https:\/\/shop.bestudio.ee\/?post_type=product&#038;p=9679"},"modified":"2025-05-21T17:49:19","modified_gmt":"2025-05-21T14:49:19","slug":"top-no-wipe-velvet-matte-8ml","status":"publish","type":"product","link":"https:\/\/shop.bestudio.ee\/et\/toode\/top-no-wipe-velvet-matte-8ml\/","title":{"rendered":"Top No Wipe \u2013 VELVET MATTE, 8ml"},"content":{"rendered":"<p>Funktsioonid: <strong>seda saab kasutada nagu aluslakki.<\/strong><\/p>\n<ul>\n<li>See annab matt-veluurse efekti,<\/li>\n<li>See ei tekita triipe ega muuda k\u00fc\u00fcneplaadi v\u00e4rvi,<\/li>\n<li>See on ideaalne alus akvarellk\u00fc\u00fcnte kaunistamiseks,<\/li>\n<li>Konsistents: keskmiselt paks \/ isetasanduv,<\/li>\n<li>Maht: 8 ml,<\/li>\n<li>Kinnitus: TM sametmattLED.<\/li>\n<\/ul>\n<p>Kasutamine: kanna pinnale \u00f5huke kiht \u00f5rnade pintsli liigutustega. Kuivatage seda LED\/DUAL LED-lambis 60 sekundit.<\/p>\n<p>Lamp min 48W \u2013 1min\/UV-lamp 36W \u2013 2min\u00b7<\/p>","protected":false},"excerpt":{"rendered":"<p><strong>Top no Wipe Velvet Matt\u00a0<\/strong><\/p>\n<p>Suurejooneline matt-veluurviimistlus. Matt efekt p\u00fcsib kauem. See top r\u00f5hutab k\u00fc\u00fcnte stiliseerimist, andes sellele elegantse m\u00f5\u00f5tme.<\/p>\n<p><strong>Top No Wipe \u2013 Velvet Matte by Makear on m\u00f5eldud professionaalseks kasutamiseks.<\/strong><\/p>","protected":false},"featured_media":9680,"template":"","meta":[],"product_brand":[],"product_cat":[116,219,118,221],"product_tag":[163,162],"class_list":{"0":"post-9679","1":"product","2":"type-product","3":"status-publish","4":"has-post-thumbnail","6":"product_cat-makear","7":"product_cat-base-and-top-coat","8":"product_cat-top-cover","9":"product_cat-top-coat-with-effect","10":"product_tag-pealislakk","11":"product_tag-top-coat","13":"first","14":"outofstock","15":"taxable","16":"shipping-taxable","17":"purchasable","18":"product-type-simple"},"jetpack_sharing_enabled":true,"_links":{"self":[{"href":"https:\/\/shop.bestudio.ee\/et\/wp-json\/wp\/v2\/product\/9679","targetHints":{"allow":["GET"]}}],"collection":[{"href":"https:\/\/shop.bestudio.ee\/et\/wp-json\/wp\/v2\/product"}],"about":[{"href":"https:\/\/shop.bestudio.ee\/et\/wp-json\/wp\/v2\/types\/product"}],"wp:featuredmedia":[{"embeddable":true,"href":"https:\/\/shop.bestudio.ee\/et\/wp-json\/wp\/v2\/media\/9680"}],"wp:attachment":[{"href":"https:\/\/shop.bestudio.ee\/et\/wp-json\/wp\/v2\/media?parent=9679"}],"wp:term":[{"taxonomy":"product_brand","embeddable":true,"href":"https:\/\/shop.bestudio.ee\/et\/wp-json\/wp\/v2\/product_brand?post=9679"},{"taxonomy":"product_cat","embeddable":true,"href":"https:\/\/shop.bestudio.ee\/et\/wp-json\/wp\/v2\/product_cat?post=9679"},{"taxonomy":"product_tag","embeddable":true,"href":"https:\/\/shop.bestudio.ee\/et\/wp-json\/wp\/v2\/product_tag?post=9679"}],"curies":[{"name":"t\u00f6\u00f6leht","href":"https:\/\/api.w.org\/{rel}","templated":true}]}}