{"id":9681,"date":"2023-05-28T01:26:17","date_gmt":"2023-05-27T22:26:17","guid":{"rendered":"https:\/\/shop.bestudio.ee\/?post_type=product&#038;p=9681"},"modified":"2025-12-01T00:35:16","modified_gmt":"2025-11-30T22:35:16","slug":"top-dots-white-no-wipe-8ml","status":"publish","type":"product","link":"https:\/\/shop.bestudio.ee\/et\/toode\/top-dots-white-no-wipe-8ml\/","title":{"rendered":"Top Dots White (no wipe), 8ml"},"content":{"rendered":"<p><strong>Omadused<\/strong>:<\/p>\n<ul>\n<li>V\u00e4rv: l\u00e4bipaistev<\/li>\n<li>Isetasanduv,<\/li>\n<li>raske,<\/li>\n<li>L\u00e4bipaistmatus: l\u00e4bipaistev<\/li>\n<li>K\u00f5venemisaeg UV \/ kahe LED-iga 30 sek,<\/li>\n<li>Konsistents: keskmiselt paks \/ isetasanduv,<\/li>\n<li>Ideaalne \u00f5hukese raami moodustamiseks ja pikendamiseks,<\/li>\n<li>Vastupidav ja kahjustustekindel,<\/li>\n<li>Mahutavus: 8 ml,<\/li>\n<li>Kaubam\u00e4rk: TWD.<\/li>\n<\/ul>\n<p><strong>Kuidas kasutada: <\/strong><\/p>\n<ul>Kandke keskmine kiht \u00f5rnade liigutustega, kuivatage v\u00e4hemalt 60 sekundit led-\/kahevalguslampis. Me ei puuduta k\u00fc\u00fcnt kohe p\u00e4rast selle lambist v\u00e4ljav\u00f5tmist. Soovitame oodata umbes 15-20 sekundit, kuni pealmine osa jahtub, et v\u00e4ltida tuhmumist,<\/p>\n<li><strong>T\u00e4nu keskmise paksusega \/ isetasanduvale konsistentsile silub t\u00e4iuslikult ebatasased v\u00f5i kahjustatud k\u00fc\u00fcneplaadid. <\/strong><\/li>\n<li><strong>Looduslike k\u00fc\u00fcnte tugevdamine <\/strong><\/li>\n<li><strong>Toode sobib kokku k\u00f5igi manik\u00fc\u00fcritoodetega. LED lambid min. 48W \u2013 1min. 36W UV lamp \u2013 2min. <\/strong><\/li>\n<\/ul>","protected":false},"excerpt":{"rendered":"<p><strong>\u00dcLEMISED T\u00c4PPID VALGE <\/strong><\/p>\n<p><strong>Sissevajunud valgete osakestega TOP annab manik\u00fc\u00fcrile suurejoonelise muutuse. <\/strong><\/p>\n<p>T\u00e4itmise lihtsus, t\u00e4iuslik vastupidavus. Mida veel tahta!<\/p>\n<p><strong>Makeari TOP DOTS WHITE on m\u00f5eldud professionaalseks kasutamiseks. <\/strong><\/p>","protected":false},"featured_media":9682,"template":"","meta":[],"product_brand":[],"product_cat":[116,219,118,221],"product_tag":[163,162],"class_list":{"0":"post-9681","1":"product","2":"type-product","3":"status-publish","4":"has-post-thumbnail","6":"product_cat-makear","7":"product_cat-base-and-top-coat","8":"product_cat-top-cover","9":"product_cat-top-coat-with-effect","10":"product_tag-pealislakk","11":"product_tag-top-coat","13":"first","14":"instock","15":"taxable","16":"shipping-taxable","17":"purchasable","18":"product-type-simple"},"jetpack_sharing_enabled":true,"_links":{"self":[{"href":"https:\/\/shop.bestudio.ee\/et\/wp-json\/wp\/v2\/product\/9681","targetHints":{"allow":["GET"]}}],"collection":[{"href":"https:\/\/shop.bestudio.ee\/et\/wp-json\/wp\/v2\/product"}],"about":[{"href":"https:\/\/shop.bestudio.ee\/et\/wp-json\/wp\/v2\/types\/product"}],"wp:featuredmedia":[{"embeddable":true,"href":"https:\/\/shop.bestudio.ee\/et\/wp-json\/wp\/v2\/media\/9682"}],"wp:attachment":[{"href":"https:\/\/shop.bestudio.ee\/et\/wp-json\/wp\/v2\/media?parent=9681"}],"wp:term":[{"taxonomy":"product_brand","embeddable":true,"href":"https:\/\/shop.bestudio.ee\/et\/wp-json\/wp\/v2\/product_brand?post=9681"},{"taxonomy":"product_cat","embeddable":true,"href":"https:\/\/shop.bestudio.ee\/et\/wp-json\/wp\/v2\/product_cat?post=9681"},{"taxonomy":"product_tag","embeddable":true,"href":"https:\/\/shop.bestudio.ee\/et\/wp-json\/wp\/v2\/product_tag?post=9681"}],"curies":[{"name":"t\u00f6\u00f6leht","href":"https:\/\/api.w.org\/{rel}","templated":true}]}}