{"id":9725,"date":"2023-07-20T19:07:52","date_gmt":"2023-07-20T19:07:52","guid":{"rendered":"https:\/\/shop.bestudio.ee\/?post_type=product&#038;p=9725"},"modified":"2025-05-30T18:38:32","modified_gmt":"2025-05-30T15:38:32","slug":"dehydrator-15ml","status":"publish","type":"product","link":"https:\/\/shop.bestudio.ee\/et\/toode\/dehydrator-15ml\/","title":{"rendered":"Deh\u00fcdraator, 15 ml"},"content":{"rendered":"<p>Kasutamine: P\u00e4rast \u00f5hukese kihi pealekandmist oodake veidi, kuni toode kuivab, ja seej\u00e4rel kandke k\u00fc\u00fcneplaadile mistahes kate.<br \/>\nMahutavus: 15 ml.<\/p>","protected":false},"excerpt":{"rendered":"<p>Tee deh\u00fcdraator<\/p>\n<p>Professionaalne ettevalmistus k\u00fc\u00fcneplaadi puhastamiseks ja kuivatamiseks.<\/p>\n<p>See parandab nakkumist ega riku pH tasakaalu.<\/p>","protected":false},"featured_media":9726,"template":"","meta":[],"product_brand":[],"product_cat":[116,134,227],"product_tag":[169,170],"class_list":{"0":"post-9725","1":"product","2":"type-product","3":"status-publish","4":"has-post-thumbnail","6":"product_cat-makear","7":"product_cat-professional-liquids","8":"product_cat-liquids-and-prep","9":"product_tag-kuunte-dehudraator","10":"product_tag-nail-dehydrator","12":"first","13":"instock","14":"taxable","15":"shipping-taxable","16":"purchasable","17":"product-type-simple"},"jetpack_sharing_enabled":true,"_links":{"self":[{"href":"https:\/\/shop.bestudio.ee\/et\/wp-json\/wp\/v2\/product\/9725","targetHints":{"allow":["GET"]}}],"collection":[{"href":"https:\/\/shop.bestudio.ee\/et\/wp-json\/wp\/v2\/product"}],"about":[{"href":"https:\/\/shop.bestudio.ee\/et\/wp-json\/wp\/v2\/types\/product"}],"wp:featuredmedia":[{"embeddable":true,"href":"https:\/\/shop.bestudio.ee\/et\/wp-json\/wp\/v2\/media\/9726"}],"wp:attachment":[{"href":"https:\/\/shop.bestudio.ee\/et\/wp-json\/wp\/v2\/media?parent=9725"}],"wp:term":[{"taxonomy":"product_brand","embeddable":true,"href":"https:\/\/shop.bestudio.ee\/et\/wp-json\/wp\/v2\/product_brand?post=9725"},{"taxonomy":"product_cat","embeddable":true,"href":"https:\/\/shop.bestudio.ee\/et\/wp-json\/wp\/v2\/product_cat?post=9725"},{"taxonomy":"product_tag","embeddable":true,"href":"https:\/\/shop.bestudio.ee\/et\/wp-json\/wp\/v2\/product_tag?post=9725"}],"curies":[{"name":"t\u00f6\u00f6leht","href":"https:\/\/api.w.org\/{rel}","templated":true}]}}