{"id":9727,"date":"2023-07-20T19:14:06","date_gmt":"2023-07-20T19:14:06","guid":{"rendered":"https:\/\/shop.bestudio.ee\/?post_type=product&#038;p=9727"},"modified":"2025-12-01T00:34:28","modified_gmt":"2025-11-30T22:34:28","slug":"clear-fiber-base-8ml","status":"publish","type":"product","link":"https:\/\/shop.bestudio.ee\/et\/toode\/clear-fiber-base-8ml\/","title":{"rendered":"Clear Fiber Base, 8ml"},"content":{"rendered":"<p><strong>Kuidas kasutada: <\/strong>v\u00e4rvige h\u00fcbriidi alla \u00f5huke kiht, h\u00f5\u00f5ruge geelimassi all oleva pintsliga plaadile ja kuivatage 60 sekundit led- \/ duallampis,<\/p>\n<ul>\n<li>Sellel on klaaskiust (pol\u00fcesterklaasist) kiud, t\u00e4nu millele, vaatamata loomuliku k\u00fc\u00fcnte minimaalsele joondusele, tugevdab see selle struktuuri,<\/li>\n<li>T\u00e4iusliku kontuuriga pintsel tagab toote lihtsa pealekandmise ka probleemsetesse kohtadesse nagu k\u00fc\u00fcnevarre \u00fcmbrus,<\/li>\n<li>Mahutavus: 8 ml,<\/li>\n<li>M\u00e4rgistus: Fiber Base.<\/li>\n<\/ul>\n<p>LED lambid min. 48W \u2013 1min. 36W UV lamp \u2013 2min.<\/p>","protected":false},"excerpt":{"rendered":"<p><strong>L\u00e4bipaistev kiudalus <\/strong><\/p>\n<p>Kui loomulik k\u00fc\u00fcneplaat on n\u00f5rk ja vajab tugevdamist ja k\u00f5vemaks muutmist, on ainult \u00fcks lahendus! Kuidas seda probleemi v\u00e4ltida? Lahendus on Clear Fiber Base.<\/p>\n<ul>\n<li>T\u00e4iusliku kontuuriga pintsel tagab toote lihtsa pealekandmise ka probleemsetesse kohtadesse nagu k\u00fc\u00fcnevarre \u00fcmbrus,<\/li>\n<li>V\u00e4rv: v\u00e4rvitu, l\u00e4bipaistev<\/li>\n<li>Konsistents: keskmise paksusega<\/li>\n<li>Tugevam kui kummip\u00f5hi, paindlikum kui aluskiht<\/li>\n<li>Paksem kui elastne alus, vedelam kui kummip\u00f5hi,<\/li>\n<li>P\u00e4rast lambis k\u00f5venemist pole viilimist vaja,<\/li>\n<li>Konsistents: paks.<\/li>\n<\/ul>","protected":false},"featured_media":9728,"template":"","meta":[],"product_brand":[],"product_cat":[116,131,219,233,228,117,136],"product_tag":[168,167],"class_list":{"0":"post-9727","1":"product","2":"type-product","3":"status-publish","4":"has-post-thumbnail","6":"product_cat-makear","7":"product_cat-gel-polishes-makear","8":"product_cat-base-and-top-coat","9":"product_cat-fibre-base-coat","10":"product_cat-clear-base-and-top-coat","11":"product_cat-base","12":"product_cat-base-clear","13":"product_tag-fiber-base","14":"product_tag-kuidgeeli-alus","16":"first","17":"instock","18":"taxable","19":"shipping-taxable","20":"purchasable","21":"product-type-simple"},"jetpack_sharing_enabled":true,"_links":{"self":[{"href":"https:\/\/shop.bestudio.ee\/et\/wp-json\/wp\/v2\/product\/9727","targetHints":{"allow":["GET"]}}],"collection":[{"href":"https:\/\/shop.bestudio.ee\/et\/wp-json\/wp\/v2\/product"}],"about":[{"href":"https:\/\/shop.bestudio.ee\/et\/wp-json\/wp\/v2\/types\/product"}],"wp:featuredmedia":[{"embeddable":true,"href":"https:\/\/shop.bestudio.ee\/et\/wp-json\/wp\/v2\/media\/9728"}],"wp:attachment":[{"href":"https:\/\/shop.bestudio.ee\/et\/wp-json\/wp\/v2\/media?parent=9727"}],"wp:term":[{"taxonomy":"product_brand","embeddable":true,"href":"https:\/\/shop.bestudio.ee\/et\/wp-json\/wp\/v2\/product_brand?post=9727"},{"taxonomy":"product_cat","embeddable":true,"href":"https:\/\/shop.bestudio.ee\/et\/wp-json\/wp\/v2\/product_cat?post=9727"},{"taxonomy":"product_tag","embeddable":true,"href":"https:\/\/shop.bestudio.ee\/et\/wp-json\/wp\/v2\/product_tag?post=9727"}],"curies":[{"name":"t\u00f6\u00f6leht","href":"https:\/\/api.w.org\/{rel}","templated":true}]}}