{"id":9730,"date":"2023-07-20T19:27:41","date_gmt":"2023-07-20T19:27:41","guid":{"rendered":"https:\/\/shop.bestudio.ee\/?post_type=product&#038;p=9730"},"modified":"2026-01-19T20:42:09","modified_gmt":"2026-01-19T18:42:09","slug":"gg02-marshmallow-gelgo-15ml","status":"publish","type":"product","link":"https:\/\/shop.bestudio.ee\/et\/toode\/gg02-marshmallow-gelgo-15ml\/","title":{"rendered":"GG02 Marshmallow \u2013 Gel&amp;Go, 15ml"},"content":{"rendered":"<p><strong>Omadused <\/strong><\/p>\n<ul>:<\/p>\n<li>Keskmise paksusega konsistents,<\/li>\n<li>Isetasanduv,<\/li>\n<li>raske,<\/li>\n<li>L\u00f5hnatu,<\/li>\n<li>100% katvus, pehme viiliga,<\/li>\n<li>Vastupidav ja vastupidav kahjustustele,<\/li>\n<li>Mahutavus: 15 ml,<\/li>\n<li>M\u00e4rgistus: Gel&amp;Go<\/li>\n<\/ul>\n<p><strong>M\u00f5eldud: <\/strong><\/p>\n<ul>\n<li>Tehnikad ilma saagimiseta,<\/li>\n<li>K\u00fc\u00fcnte pikendused vormil,<\/li>\n<li>Lisad,<\/li>\n<li>Looduslike k\u00fc\u00fcnte tugevdamine<\/li>\n<\/ul>\n<p><strong>Juhised kasutamiseks: <\/strong><\/p>\n<ul>\n<li>1 \u2013 Valmistage k\u00fc\u00fcs ette nagu tavaliselt<\/li>\n<li>2 \u2013 Kandke alus v\u00f5i valmistage geel<\/li>\n<li>3 \u2013 Kandke geel peale ja saavutage soovitud kuju<\/li>\n<li>4 \u2013 Kandke k\u00fc\u00fcntele h\u00fcbriidlakk<\/li>\n<li>5 \u2013 Kandke pealmine osa h\u00fcbriidlakkide jaoks<\/li>\n<\/ul>\n<ul>\n<li><strong>Toode sobib kokku k\u00f5igi manik\u00fc\u00fcritoodetega. LED lambid min. 48W \u2013 1min. 36W UV lamp \u2013 2min. <\/strong><\/li>\n<\/ul>","protected":false},"excerpt":{"rendered":"<p><strong>Gel&amp;Go <\/strong><\/p>\n<p>On geel, mis on m\u00f5eldud kiireks salongit\u00f6\u00f6ks. Sobib ideaalselt t\u00f6\u00f6tamiseks tehnikaga ilma viilimiseta, k\u00fc\u00fcnte pikendamiseks vormil, taastamiseks ja looduslike k\u00fc\u00fcnte tugevdamiseks. See on k\u00f5va ja seet\u00f5ttu vastupidav ning vastupidav kahjustustele v\u00f5i v\u00e4listeguritele. Selle keskmise paksusega konsistents ja isetasandumine muudavad toote hajutamise lihtsaks, ilma et see valguks \u00fcle k\u00fc\u00fcnenaha, mis kiirendab t\u00f6\u00f6tempot.<\/p>\n<p>Gel&amp;Go on toode, mille abil saate h\u00f5lpsalt k\u00fc\u00fcntele soovitud kuju, mis peamine, see v\u00f5imaldab teil pingutada tunnelit, mis ei laiene. See on 100% l\u00e4bipaistmatu, mis muudab selle suurep\u00e4raseks alusena prantsuse manik\u00fc\u00fcri jaoks v\u00f5i v\u00f5imaldab j\u00e4tta k\u00fc\u00fcne geeliga kaetuks, ilma et oleks vaja h\u00fcbriidlakki kanda.<\/p>\n<p>T\u00e4nu oma multifunktsionaalsusele saab seda kasutada nii professionaalsetes ilusalongides kui ka algajatele, kes alles alustavad geelidega t\u00f6\u00f6d.<\/p>","protected":false},"featured_media":9731,"template":"","meta":[],"product_brand":[],"product_cat":[116,119,121,222,223],"product_tag":[164,149,151,150],"class_list":{"0":"post-9730","1":"product","2":"type-product","3":"status-publish","4":"has-post-thumbnail","6":"product_cat-makear","7":"product_cat-gel","8":"product_cat-gelgo","9":"product_cat-sculpting-gel-acrygel","10":"product_cat-gel-and-go","11":"product_tag-ehitugeel","12":"product_tag-gel","13":"product_tag-gel-nails","14":"product_tag-kuuntegeel","16":"first","17":"instock","18":"taxable","19":"shipping-taxable","20":"purchasable","21":"product-type-simple"},"jetpack_sharing_enabled":true,"_links":{"self":[{"href":"https:\/\/shop.bestudio.ee\/et\/wp-json\/wp\/v2\/product\/9730","targetHints":{"allow":["GET"]}}],"collection":[{"href":"https:\/\/shop.bestudio.ee\/et\/wp-json\/wp\/v2\/product"}],"about":[{"href":"https:\/\/shop.bestudio.ee\/et\/wp-json\/wp\/v2\/types\/product"}],"wp:featuredmedia":[{"embeddable":true,"href":"https:\/\/shop.bestudio.ee\/et\/wp-json\/wp\/v2\/media\/9731"}],"wp:attachment":[{"href":"https:\/\/shop.bestudio.ee\/et\/wp-json\/wp\/v2\/media?parent=9730"}],"wp:term":[{"taxonomy":"product_brand","embeddable":true,"href":"https:\/\/shop.bestudio.ee\/et\/wp-json\/wp\/v2\/product_brand?post=9730"},{"taxonomy":"product_cat","embeddable":true,"href":"https:\/\/shop.bestudio.ee\/et\/wp-json\/wp\/v2\/product_cat?post=9730"},{"taxonomy":"product_tag","embeddable":true,"href":"https:\/\/shop.bestudio.ee\/et\/wp-json\/wp\/v2\/product_tag?post=9730"}],"curies":[{"name":"t\u00f6\u00f6leht","href":"https:\/\/api.w.org\/{rel}","templated":true}]}}