{"id":9752,"date":"2023-07-22T19:26:00","date_gmt":"2023-07-22T19:26:00","guid":{"rendered":"https:\/\/shop.bestudio.ee\/?post_type=product&#038;p=9752"},"modified":"2025-09-03T23:49:18","modified_gmt":"2025-09-03T20:49:18","slug":"501-uv-gel-polish-makear-8ml","status":"publish","type":"product","link":"https:\/\/shop.bestudio.ee\/et\/toode\/501-uv-gel-polish-makear-8ml\/","title":{"rendered":"501 UV-geelpoleerimisvahend, 8ml"},"content":{"rendered":"<ul>\n<li>M\u00f5eldud professionaalseks kasutamiseks,<\/li>\n<li>Tugev pigmentatsioon, kreemjas, keskmise paksusega konsistents muudavad toote meeldivaks ja mugavaks t\u00f6\u00f6tamise,<\/li>\n<li>K\u00f5rgl\u00e4ike,<\/li>\n<li>Geeli vastupidavus \u2013 mitmen\u00e4dalane toime,<\/li>\n<li>V\u00e4rvid ei j\u00e4ta triipe,<\/li>\n<li>3-vaba toode \u2013 vaba formaldeh\u00fc\u00fcdist, tolueenist ja DBP-st,<\/li>\n<li>T\u00e4iusliku kujuga pintsel,<\/li>\n<li>Korgi t\u00f5eline v\u00e4rv ja luksuslik pudel muudavad toote ainulaadseks,<\/li>\n<li>Lakk on pakendatud pappkarpi, mis tagab ohutuse transportimisel ning on samas t\u00e4ielikult biolagunev *,<\/li>\n<li>Mahutavus: 8 ml,<\/li>\n<\/ul>\n<p>LED lamp min. 48W \u2013 1min. 36W UV lamp \u2013 2min.<\/p>\n<p>&nbsp;<\/p>\n<p><strong>Makeari h\u00fcbriidk\u00fc\u00fcnelakid on m\u00f5eldud professionaalidele<\/strong> <strong>kasutada.<\/strong><\/p>\n<p>KOOSTISOSAD: AKR\u00dcLAADIDE KOPOL\u00dcMEER, HEMA, TRIMET\u00dc\u00dcLBENSO\u00dc\u00dcLDIFEN\u00dc\u00dcLFOSFIOKSIID, H\u00dcDROKS\u00dcTS\u00dcKLOHEKS\u00dc\u00dcLFEN\u00dc\u00dcLKETOON, R\u00e4nidioksiid, +\/-: CI 45410, CI 15850, CI 191,7470, CI 191,7470 7499, CI 77891, CI 77288.<\/p>","protected":false},"excerpt":{"rendered":"<p><strong>Makear \u2122 UV \/ LED h\u00fcbriidk\u00fc\u00fcnelakk <\/strong><\/p>\n<p><strong>Tavaline sari <\/strong><\/p>\n<p>Laske end Makeari naiselike, puudriliste ja \u00f5rnade v\u00e4rvide t\u00f5elisel plahvatusel kaasa haarata. Meie kevad-suvisest kollektsioonist leiate nii veetlevaid kauneid pastelltoone kui ka mahlaseid v\u00e4rve, mis v\u00f5imaldavad teil luua h\u00e4mmastava stilisatsiooni.<\/p>","protected":false},"featured_media":9753,"template":"","meta":[],"product_brand":[],"product_cat":[116,131,142,218,263],"product_tag":[152,153],"class_list":{"0":"post-9752","1":"product","2":"type-product","3":"status-publish","4":"has-post-thumbnail","6":"product_cat-makear","7":"product_cat-gel-polishes-makear","8":"product_cat-colours","9":"product_cat-nail-gel-polishes","10":"product_cat-colours-nail-gel-polishes","11":"product_tag-geellakk","12":"product_tag-gel-polish","14":"first","15":"instock","16":"taxable","17":"shipping-taxable","18":"purchasable","19":"product-type-simple"},"jetpack_sharing_enabled":true,"_links":{"self":[{"href":"https:\/\/shop.bestudio.ee\/et\/wp-json\/wp\/v2\/product\/9752","targetHints":{"allow":["GET"]}}],"collection":[{"href":"https:\/\/shop.bestudio.ee\/et\/wp-json\/wp\/v2\/product"}],"about":[{"href":"https:\/\/shop.bestudio.ee\/et\/wp-json\/wp\/v2\/types\/product"}],"wp:featuredmedia":[{"embeddable":true,"href":"https:\/\/shop.bestudio.ee\/et\/wp-json\/wp\/v2\/media\/9753"}],"wp:attachment":[{"href":"https:\/\/shop.bestudio.ee\/et\/wp-json\/wp\/v2\/media?parent=9752"}],"wp:term":[{"taxonomy":"product_brand","embeddable":true,"href":"https:\/\/shop.bestudio.ee\/et\/wp-json\/wp\/v2\/product_brand?post=9752"},{"taxonomy":"product_cat","embeddable":true,"href":"https:\/\/shop.bestudio.ee\/et\/wp-json\/wp\/v2\/product_cat?post=9752"},{"taxonomy":"product_tag","embeddable":true,"href":"https:\/\/shop.bestudio.ee\/et\/wp-json\/wp\/v2\/product_tag?post=9752"}],"curies":[{"name":"t\u00f6\u00f6leht","href":"https:\/\/api.w.org\/{rel}","templated":true}]}}