{"id":9780,"date":"2023-07-22T23:05:28","date_gmt":"2023-07-22T20:05:28","guid":{"rendered":"https:\/\/shop.bestudio.ee\/?post_type=product&#038;p=9780"},"modified":"2025-12-01T00:32:55","modified_gmt":"2025-11-30T22:32:55","slug":"crb17-matrix-green-juicy-rubber-base-8ml","status":"publish","type":"product","link":"https:\/\/shop.bestudio.ee\/et\/toode\/crb17-matrix-green-juicy-rubber-base-8ml\/","title":{"rendered":"CRB17 Matrix Green \u2013 Juicy Rubber Base, 8ml"},"content":{"rendered":"<p><strong>Mahlase kummist aluse peamised eelised:<\/strong><\/p>\n<ul>\n<li>See kiirendab t\u00f6\u00f6d \u2013 \u00fcks toode asendab kaks varem kasutatud toodet!<\/li>\n<li>6 v\u00e4rvi, mis r\u00f5hutavad teie p\u00e4evitust ja annavad teile enesekindlust.<\/li>\n<li>See on painduv \u2013 t\u00f6\u00f6tab k\u00fc\u00fcnega, mis muudab selle vastupidavaks m\u00f5ranemisele v\u00f5i kahjustustele.<\/li>\n<li>T\u00e4nu oma paksule konsistentsile silub see ideaalselt eba\u00fchtlase v\u00f5i kahjustatud k\u00fc\u00fcneplaadi.<\/li>\n<li>T\u00e4iusliku kontuuriga pintsel tagab toote lihtsa pealekandmise ka probleemsetesse kohtadesse nagu k\u00fc\u00fcnevarre \u00fcmbrus.<\/li>\n<li>P\u00e4rast lambis k\u00f5venemist ei vaja viilimist.<\/li>\n<li>M\u00e4rgistus: CRB13-CRB18<\/li>\n<li>V\u00e4rv: Neoon<\/li>\n<li>Konsistents: paks<\/li>\n<li>Maht: 8 ml<\/li>\n<\/ul>\n<p>LED lamp min. 48W \u2013 1min. UV 36W lamp \u2013 2min.<\/p>","protected":false},"excerpt":{"rendered":"<p><strong>Mahlane kummip\u00f5hi<\/strong><\/p>\n<p><strong>\u2026 ja teie k\u00fc\u00fcned muutuvad lopsakaks!<\/strong><\/p>\n<p>Kummist aluste kollektsioon 6 elavas toonis, mis loovad suvise \u00f5hkkonna!<br \/>\nSuvi on aeg, mil tahad end v\u00e4lja n\u00e4idata ja n\u00e4htav olla, seega vali mahlane kummip\u00f5hi, vali julge v\u00e4rv ja naudi ilma!<br \/>\nEkspressiivsed v\u00e4rvid r\u00f5hutavad t\u00e4iuslikult teie p\u00e4evitust ja annavad teile s\u00e4rava meeleolu, mis on h\u00e4rjasilm<\/p>","protected":false},"featured_media":9781,"template":"","meta":[],"product_brand":[],"product_cat":[116,219,117,139,231,220],"product_tag":[158,159],"class_list":{"0":"post-9780","1":"product","2":"type-product","3":"status-publish","4":"has-post-thumbnail","6":"product_cat-makear","7":"product_cat-base-and-top-coat","8":"product_cat-base","9":"product_cat-juicy-rubber-base","10":"product_cat-rubber-base-coat","11":"product_cat-colourful-base-coat","12":"product_tag-kummist-alus","13":"product_tag-rubber-base","15":"first","16":"instock","17":"taxable","18":"shipping-taxable","19":"purchasable","20":"product-type-simple"},"jetpack_sharing_enabled":true,"_links":{"self":[{"href":"https:\/\/shop.bestudio.ee\/et\/wp-json\/wp\/v2\/product\/9780","targetHints":{"allow":["GET"]}}],"collection":[{"href":"https:\/\/shop.bestudio.ee\/et\/wp-json\/wp\/v2\/product"}],"about":[{"href":"https:\/\/shop.bestudio.ee\/et\/wp-json\/wp\/v2\/types\/product"}],"wp:featuredmedia":[{"embeddable":true,"href":"https:\/\/shop.bestudio.ee\/et\/wp-json\/wp\/v2\/media\/9781"}],"wp:attachment":[{"href":"https:\/\/shop.bestudio.ee\/et\/wp-json\/wp\/v2\/media?parent=9780"}],"wp:term":[{"taxonomy":"product_brand","embeddable":true,"href":"https:\/\/shop.bestudio.ee\/et\/wp-json\/wp\/v2\/product_brand?post=9780"},{"taxonomy":"product_cat","embeddable":true,"href":"https:\/\/shop.bestudio.ee\/et\/wp-json\/wp\/v2\/product_cat?post=9780"},{"taxonomy":"product_tag","embeddable":true,"href":"https:\/\/shop.bestudio.ee\/et\/wp-json\/wp\/v2\/product_tag?post=9780"}],"curies":[{"name":"t\u00f6\u00f6leht","href":"https:\/\/api.w.org\/{rel}","templated":true}]}}