{"id":9817,"date":"2023-07-22T23:54:39","date_gmt":"2023-07-22T20:54:39","guid":{"rendered":"https:\/\/shop.bestudio.ee\/?post_type=product&#038;p=9817"},"modified":"2025-12-01T00:31:47","modified_gmt":"2025-11-30T22:31:47","slug":"srb06-serpens-sparkling-rubber-base-8ml","status":"publish","type":"product","link":"https:\/\/shop.bestudio.ee\/et\/toode\/srb06-serpens-sparkling-rubber-base-8ml\/","title":{"rendered":"SRB06 Serpens \u2013 s\u00e4delev kummip\u00f5hi, 8ml"},"content":{"rendered":"<p><strong>Sparkling kummist aluse peamised omadused:<\/strong><\/p>\n<ul>\n<li>See kiirendab t\u00f6\u00f6d \u2013 \u00fcks toode asendab kaks varem kasutatud toodet!<\/li>\n<li>6 v\u00e4rvi, mis lisavad h\u00e4mmastavat s\u00e4ra.<\/li>\n<li>See on painduv \u2013 t\u00f6\u00f6tab k\u00fc\u00fcnega, mis muudab selle vastupidavaks m\u00f5ranemisele v\u00f5i kahjustustele.<\/li>\n<li>T\u00e4nu oma paksule konsistentsile silub see ideaalselt eba\u00fchtlase v\u00f5i kahjustatud k\u00fc\u00fcneplaadi.<\/li>\n<li>T\u00e4iusliku kontuuriga pintsel tagab toote lihtsa pealekandmise ka probleemsetesse kohtadesse nagu k\u00fc\u00fcneplaadi \u00fcmbrus;<\/li>\n<li>P\u00e4rast lambis k\u00f5venemist ei vaja viilimist.<\/li>\n<\/ul>\n<p>&nbsp;<\/p>\n<p>&nbsp;<\/p>\n<ul>\n<li>M\u00e4rgistus: SRB01 \u2013 SRB06<\/li>\n<li>V\u00e4rv: Glitter<\/li>\n<li>Konsistents: paks<\/li>\n<li>Maht: 8 ml<\/li>\n<li>Tugevalt happeline toode<\/li>\n<li>LED lamp min. 48W \u2013 1min. UV 36W lamp \u2013 2min.<\/li>\n<\/ul>","protected":false},"excerpt":{"rendered":"<p><strong>S\u00e4delev kummist alus<\/strong> \u2013 Kummist alus l\u00f5igatud holograafilise fooliumi t\u00fckkidega<\/p>\n<p>Sa ei pea sirutama k\u00e4tt taeva poole, et t\u00e4hti puudutada... Haara lihtsalt s\u00e4delev kummialus!<\/p>\n<p>Liikuge MAKEAR galaktikasse, mille s\u00e4ra tagab teile suurejoonelise manik\u00fc\u00fcri.<br \/>\nSparkling Rubber Base kollektsioon koosneb 6 v\u00e4rvi kummist alustest, mis on rikastatud l\u00f5igatud holograafilise fooliumi osakestega, t\u00e4nu millele omandab tervik kosmilise iseloomu ja s\u00e4ra.<\/p>\n<p>\u00c4ra otsi taevast t\u00e4hti. Valige s\u00e4delev kummialus ja saage t\u00e4htkuju eredamaks vileks!<\/p>\n<hr \/>","protected":false},"featured_media":9818,"template":"","meta":[],"product_brand":[],"product_cat":[116,219,117,140,231,220],"product_tag":[158,159],"class_list":{"0":"post-9817","1":"product","2":"type-product","3":"status-publish","4":"has-post-thumbnail","6":"product_cat-makear","7":"product_cat-base-and-top-coat","8":"product_cat-base","9":"product_cat-sparkling-rubber-base","10":"product_cat-rubber-base-coat","11":"product_cat-colourful-base-coat","12":"product_tag-kummist-alus","13":"product_tag-rubber-base","15":"first","16":"instock","17":"taxable","18":"shipping-taxable","19":"purchasable","20":"product-type-simple"},"jetpack_sharing_enabled":true,"_links":{"self":[{"href":"https:\/\/shop.bestudio.ee\/et\/wp-json\/wp\/v2\/product\/9817","targetHints":{"allow":["GET"]}}],"collection":[{"href":"https:\/\/shop.bestudio.ee\/et\/wp-json\/wp\/v2\/product"}],"about":[{"href":"https:\/\/shop.bestudio.ee\/et\/wp-json\/wp\/v2\/types\/product"}],"wp:featuredmedia":[{"embeddable":true,"href":"https:\/\/shop.bestudio.ee\/et\/wp-json\/wp\/v2\/media\/9818"}],"wp:attachment":[{"href":"https:\/\/shop.bestudio.ee\/et\/wp-json\/wp\/v2\/media?parent=9817"}],"wp:term":[{"taxonomy":"product_brand","embeddable":true,"href":"https:\/\/shop.bestudio.ee\/et\/wp-json\/wp\/v2\/product_brand?post=9817"},{"taxonomy":"product_cat","embeddable":true,"href":"https:\/\/shop.bestudio.ee\/et\/wp-json\/wp\/v2\/product_cat?post=9817"},{"taxonomy":"product_tag","embeddable":true,"href":"https:\/\/shop.bestudio.ee\/et\/wp-json\/wp\/v2\/product_tag?post=9817"}],"curies":[{"name":"t\u00f6\u00f6leht","href":"https:\/\/api.w.org\/{rel}","templated":true}]}}