{"id":9820,"date":"2023-07-22T21:02:13","date_gmt":"2023-07-22T21:02:13","guid":{"rendered":"https:\/\/shop.bestudio.ee\/?post_type=product&#038;p=9820"},"modified":"2025-12-01T00:33:18","modified_gmt":"2025-11-30T22:33:18","slug":"top-no-wipe-gold-8ml","status":"publish","type":"product","link":"https:\/\/shop.bestudio.ee\/et\/toode\/top-no-wipe-gold-8ml\/","title":{"rendered":"Top No Wipe Gold, 8ml"},"content":{"rendered":"<ul>\n<li>Omadused: pealispind ilma dispersioonikihita,<\/li>\n<li>Konsistents: keskmiselt paks \/ isetasanduv,<\/li>\n<li><strong>Kuidas kasutada: <\/strong>Kanna keskmine kiht peale \u00f5rnade liigutustega, k\u00f5venda v\u00e4hemalt 60 sekundit led\/duallampis, \u00e4ra puuduta kohe p\u00e4rast lambist v\u00e4ljav\u00f5tmist, oota 15-20 sekundit, kuni see jahtub, me ei soovita oliivi kanda v\u00e4rskelt k\u00f5vastunud pealispinnale,<\/li>\n<li>Mahutavus: 8 ml,<\/li>\n<li>M\u00e4rgistus: TNW (h\u00f5be, kuld).<\/li>\n<\/ul>\n<p>LED lamp min. 48W \u2013 1min. 36W UV lamp \u2013 2min.<\/p>","protected":false},"excerpt":{"rendered":"<p><strong>Top No Wipe Gold <\/strong><\/p>\n<p>Dispersioonikihita pealispind, mis sisaldab l\u00f5igatud \u00fclekandefooliumi osakesi, t\u00e4nu millele annab see igale stiilile ainulaadse v\u00e4limuse.<\/p>","protected":false},"featured_media":9821,"template":"","meta":[],"product_brand":[],"product_cat":[116,219,118,221],"product_tag":[163,162],"class_list":{"0":"post-9820","1":"product","2":"type-product","3":"status-publish","4":"has-post-thumbnail","6":"product_cat-makear","7":"product_cat-base-and-top-coat","8":"product_cat-top-cover","9":"product_cat-top-coat-with-effect","10":"product_tag-pealislakk","11":"product_tag-top-coat","13":"first","14":"instock","15":"taxable","16":"shipping-taxable","17":"purchasable","18":"product-type-simple"},"jetpack_sharing_enabled":true,"_links":{"self":[{"href":"https:\/\/shop.bestudio.ee\/et\/wp-json\/wp\/v2\/product\/9820","targetHints":{"allow":["GET"]}}],"collection":[{"href":"https:\/\/shop.bestudio.ee\/et\/wp-json\/wp\/v2\/product"}],"about":[{"href":"https:\/\/shop.bestudio.ee\/et\/wp-json\/wp\/v2\/types\/product"}],"wp:featuredmedia":[{"embeddable":true,"href":"https:\/\/shop.bestudio.ee\/et\/wp-json\/wp\/v2\/media\/9821"}],"wp:attachment":[{"href":"https:\/\/shop.bestudio.ee\/et\/wp-json\/wp\/v2\/media?parent=9820"}],"wp:term":[{"taxonomy":"product_brand","embeddable":true,"href":"https:\/\/shop.bestudio.ee\/et\/wp-json\/wp\/v2\/product_brand?post=9820"},{"taxonomy":"product_cat","embeddable":true,"href":"https:\/\/shop.bestudio.ee\/et\/wp-json\/wp\/v2\/product_cat?post=9820"},{"taxonomy":"product_tag","embeddable":true,"href":"https:\/\/shop.bestudio.ee\/et\/wp-json\/wp\/v2\/product_tag?post=9820"}],"curies":[{"name":"t\u00f6\u00f6leht","href":"https:\/\/api.w.org\/{rel}","templated":true}]}}