{"id":9846,"date":"2023-09-12T13:36:23","date_gmt":"2023-09-12T13:36:23","guid":{"rendered":"https:\/\/shop.bestudio.ee\/?post_type=product&#038;p=9846"},"modified":"2025-02-13T23:37:11","modified_gmt":"2025-02-13T21:37:11","slug":"top-cherry-no-wipe-8ml","status":"publish","type":"product","link":"https:\/\/shop.bestudio.ee\/et\/toode\/top-cherry-no-wipe-8ml\/","title":{"rendered":"Top Cherry (ilma p\u00fchkita), 8 ml"},"content":{"rendered":"<p>Pealmine ilma salvr\u00e4tikuta, mis sisaldab Chameleon Effectiga \u00fclekandefooliumi t\u00e4ppe.<\/p>\n<p>Kuidas kasutada:<\/p>\n<ul>\n<li>Kandke \u00f5rnade liigutustega kiht Topi.<\/li>\n<li>Kuumuta seda Led\/Dual Led lambis 60s.<\/li>\n<li>\u00c4rge puudutage k\u00fc\u00fcsi p\u00e4rast k\u00e4e lambist v\u00e4ljav\u00f5tmist.<\/li>\n<\/ul>\n<p>Soovitame oodata 20-30 sekundit, kuni see jahtub \u2013 kui te ei soovi, et teie k\u00fc\u00fcned matiks muutuksid.<\/p>","protected":false},"excerpt":{"rendered":"<p><strong>TOP KIRSS (ei p\u00fchkida)<\/strong><\/p>\n<p>\u2013 see on ilma dispersioonikihita pealispind (ei ole puhastuslappi), mis sisaldab Chameleon Effectiga \u00fclekandefooliumi t\u00e4ppe. Selle tulemusena on igal stiliseeringul suurep\u00e4rane v\u00e4limus.<\/p>\n<p>Domineeriv v\u00e4rv: roosa<\/p>\n<p>Funktsioonid:<\/p>\n<ul>\n<li>V\u00e4rvus: foolium, roosad toonid,<\/li>\n<li>Isetasanduv,<\/li>\n<li>Pinnakiht v\u00e4rvilisel geellakil v\u00f5i geelil\/akr\u00fc\u00fclil,<\/li>\n<li>K\u00f5venemisaeg: 60 s UV\/kahe LED-lampis,<\/li>\n<li>Konsistents: keskmise paksusega, isetasanduv,<\/li>\n<li>Vastupidav kahjustustele,<\/li>\n<li>Maht: 8 ml.<\/li>\n<\/ul>","protected":false},"featured_media":9847,"template":"","meta":[],"product_brand":[],"product_cat":[116,131,219,118,221],"product_tag":[163,162],"class_list":{"0":"post-9846","1":"product","2":"type-product","3":"status-publish","4":"has-post-thumbnail","6":"product_cat-makear","7":"product_cat-gel-polishes-makear","8":"product_cat-base-and-top-coat","9":"product_cat-top-cover","10":"product_cat-top-coat-with-effect","11":"product_tag-pealislakk","12":"product_tag-top-coat","14":"first","15":"instock","16":"taxable","17":"shipping-taxable","18":"purchasable","19":"product-type-simple"},"jetpack_sharing_enabled":true,"_links":{"self":[{"href":"https:\/\/shop.bestudio.ee\/et\/wp-json\/wp\/v2\/product\/9846","targetHints":{"allow":["GET"]}}],"collection":[{"href":"https:\/\/shop.bestudio.ee\/et\/wp-json\/wp\/v2\/product"}],"about":[{"href":"https:\/\/shop.bestudio.ee\/et\/wp-json\/wp\/v2\/types\/product"}],"wp:featuredmedia":[{"embeddable":true,"href":"https:\/\/shop.bestudio.ee\/et\/wp-json\/wp\/v2\/media\/9847"}],"wp:attachment":[{"href":"https:\/\/shop.bestudio.ee\/et\/wp-json\/wp\/v2\/media?parent=9846"}],"wp:term":[{"taxonomy":"product_brand","embeddable":true,"href":"https:\/\/shop.bestudio.ee\/et\/wp-json\/wp\/v2\/product_brand?post=9846"},{"taxonomy":"product_cat","embeddable":true,"href":"https:\/\/shop.bestudio.ee\/et\/wp-json\/wp\/v2\/product_cat?post=9846"},{"taxonomy":"product_tag","embeddable":true,"href":"https:\/\/shop.bestudio.ee\/et\/wp-json\/wp\/v2\/product_tag?post=9846"}],"curies":[{"name":"t\u00f6\u00f6leht","href":"https:\/\/api.w.org\/{rel}","templated":true}]}}