{"id":9853,"date":"2023-09-26T16:33:45","date_gmt":"2023-09-26T16:33:45","guid":{"rendered":"https:\/\/shop.bestudio.ee\/?post_type=product&#038;p=9853"},"modified":"2025-12-01T00:31:29","modified_gmt":"2025-11-30T22:31:29","slug":"sfx-liquid-effect-dust-bp06-5ml","status":"publish","type":"product","link":"https:\/\/shop.bestudio.ee\/et\/toode\/sfx-liquid-effect-dust-bp06-5ml\/","title":{"rendered":"SFX Liquid efektiga tolm BP06, 5ml"},"content":{"rendered":"<p>5 ml,<\/p>\n<p>Kuidas seda kasutada:<\/p>\n<ol>\n<li>Kandke valitud v\u00e4rvile Top No Wipe. Seej\u00e4rel kuivatage seda 30 sekundit (soovitame h\u00f5\u00f5ruda sooja pealispinnaga)<\/li>\n<li>Kandke SFX pudelist aplikaatoriga.<\/li>\n<li>H\u00f5\u00f5ruge tolmu s\u00f5rme v\u00f5i k\u00fc\u00fcnte tolmuaplikaatoriga.<\/li>\n<li>Kandke Top ja kuivatage see.<\/li>\n<\/ol>\n<p>&nbsp;<\/p>\n<p>Koostis: HEXAFLUOROPPEEN TRIMER, R\u00e4nidioksiid, CI 77891<\/p>","protected":false},"excerpt":{"rendered":"<p><strong>SFX VEDELIK MAKEAR<\/strong><br \/>\nHele prisma<\/p>\n<p>Proovige manik\u00fc\u00fcri uut revolutsiooni! Meie uus uuenduslik toode \u2013 SFX Liquid (spetsiaalne vedel tolm), mis annab k\u00fc\u00fcntele sillerdava pinnaefekti.<\/p>\n<p>SFX Liquid on \u00e4\u00e4rmiselt uuenduslik toode, mis muutub plekkidega t\u00f6\u00f6tades t\u00e4ielikult. V\u00f5rreldes traditsioonilise tolmuga ei m\u00e4\u00e4rdu see ega haju laiali. T\u00e4nu sellele on toote pealekandmine lihtne ja selge. Saate nii aega varuda kui ka see annab teile v\u00e4ga meeldiva kogemuse.<br \/>\nSFX vedeliku \u00fcks peamisi eeliseid on selle uskumatu efektiivsus. T\u00e4nu selle sujuvale konsistentsile saate toodet t\u00e4pselt peale kanda, et mitte raisata. Iga SFX Liquidi pudel annab teile rohkem v\u00f5imalusi kui tavaline tolm.<\/p>\n<p>Kollektsioon Bright Prism koosneb 6 unikaalsest toonist, mis muutuvad erinevateks v\u00e4rvideks. Need annavad teie manik\u00fc\u00fcrile vapustava l\u00e4ike. Nad n\u00e4evad h\u00e4mmastavalt v\u00e4lja erksad v\u00e4rvid, kuna loovad erilisi kontraste ja v\u00e4lguefekte. Valmistage end revolutsiooniks manik\u00fc\u00fcris SFX Liquidiga!<\/p>\n<p>Avastage piiramatut loovust ja laske oma k\u00fc\u00fcntel saada ainulaadne sillerdav v\u00e4rviefekt.<\/p>\n<ul>\n<li>See ei j\u00e4ta tolmu<\/li>\n<li>See on keskmisest tolmust t\u00f5husam.<\/li>\n<li>See s\u00e4\u00e4stab teie aega<\/li>\n<li>See annab teile suurejoonelise sillerdava efekti.<\/li>\n<\/ul>","protected":false},"featured_media":9854,"template":"","meta":[],"product_brand":[],"product_cat":[116,135,229],"product_tag":[160,217,216,161],"class_list":{"0":"post-9853","1":"product","2":"type-product","3":"status-publish","4":"has-post-thumbnail","6":"product_cat-makear","7":"product_cat-makeart","8":"product_cat-nail-art","9":"product_tag-hoorudes","10":"product_tag-kuunte-kunsti","11":"product_tag-nail-art","12":"product_tag-nail-dust","14":"first","15":"instock","16":"taxable","17":"shipping-taxable","18":"purchasable","19":"product-type-simple"},"jetpack_sharing_enabled":true,"_links":{"self":[{"href":"https:\/\/shop.bestudio.ee\/et\/wp-json\/wp\/v2\/product\/9853","targetHints":{"allow":["GET"]}}],"collection":[{"href":"https:\/\/shop.bestudio.ee\/et\/wp-json\/wp\/v2\/product"}],"about":[{"href":"https:\/\/shop.bestudio.ee\/et\/wp-json\/wp\/v2\/types\/product"}],"wp:featuredmedia":[{"embeddable":true,"href":"https:\/\/shop.bestudio.ee\/et\/wp-json\/wp\/v2\/media\/9854"}],"wp:attachment":[{"href":"https:\/\/shop.bestudio.ee\/et\/wp-json\/wp\/v2\/media?parent=9853"}],"wp:term":[{"taxonomy":"product_brand","embeddable":true,"href":"https:\/\/shop.bestudio.ee\/et\/wp-json\/wp\/v2\/product_brand?post=9853"},{"taxonomy":"product_cat","embeddable":true,"href":"https:\/\/shop.bestudio.ee\/et\/wp-json\/wp\/v2\/product_cat?post=9853"},{"taxonomy":"product_tag","embeddable":true,"href":"https:\/\/shop.bestudio.ee\/et\/wp-json\/wp\/v2\/product_tag?post=9853"}],"curies":[{"name":"t\u00f6\u00f6leht","href":"https:\/\/api.w.org\/{rel}","templated":true}]}}