{"id":9877,"date":"2023-09-26T20:11:14","date_gmt":"2023-09-26T17:11:14","guid":{"rendered":"https:\/\/shop.bestudio.ee\/?post_type=product&#038;p=9877"},"modified":"2026-01-19T20:11:39","modified_gmt":"2026-01-19T18:11:39","slug":"nrb01-white-nude-rubber-base-8ml","status":"publish","type":"product","link":"https:\/\/shop.bestudio.ee\/et\/toode\/nrb01-white-nude-rubber-base-8ml\/","title":{"rendered":"NRB01 White \u2013 Nude Rubber Base, 8ml"},"content":{"rendered":"<div>\n<ul>\n<li>M\u00e4rgistus: NRB01<\/li>\n<li>V\u00e4rvus: piimjas valge<\/li>\n<li>Konsistents: paks<\/li>\n<li>Mahutavus: 8 ml<\/li>\n<\/ul>\n<div><\/div>\n<\/div>\n<div><\/div>\n<div><\/div>\n<div><\/div>\n<div>LED lamp min. 48W \u2013 1min. UV 36W lamp \u2013 2min.<\/div>","protected":false},"excerpt":{"rendered":"<h2 class=\"h3\">Valge \u2013 Nude kummist alus<\/h2>\n<p>Universaalsed ja samas ihaldusv\u00e4\u00e4rseimad v\u00e4rvid, mida peab leiduma igast k\u00fc\u00fcnesalongist?<br \/>\nNeed on NUDE toonid!<\/p>\n<div><\/div>\n<div>Prantsuse manik\u00fc\u00fcri alus, \u00f5rn stiil kontorisse, p\u00f6\u00f6rane stiil palja k\u00fc\u00fcnte efektiga? Saate seda k\u00f5ike teha meie kummist alustega.<\/div>\n<div><\/div>\n<div>Nude Rubber Base on 8 h\u00e4mmastavas v\u00e4rvitoonis kummialuste kollektsioon, mis sobivad iga nahatooniga. Asenda alus- ja h\u00fcbriidlakk \u00fche tootega, mis vastab parimate stilistide ootustele.<\/div>\n<div><\/div>\n<div>See on teie kliinikus kohustuslik toode!<\/div>\n<div><\/div>\n<div>Nude kummist aluse peamised eelised:<\/div>\n<div><\/div>\n<div>\n<ul>\n<li>See kiirendab t\u00f6\u00f6d \u2013 \u00fcks toode asendab kaks varem kasutatud toodet!<\/li>\n<li>8 v\u00e4rvi, mida saab h\u00f5lpsasti sobitada iga nahatooniga.<\/li>\n<li>See on painduv \u2013 t\u00f6\u00f6tab k\u00fc\u00fcnega, mis muudab selle vastupidavaks m\u00f5ranemisele v\u00f5i kahjustustele.<\/li>\n<li>T\u00e4nu oma paksule konsistentsile silub see suurep\u00e4raselt ebatasased v\u00f5i kahjustatud k\u00fc\u00fcneplaadid.<\/li>\n<li>T\u00e4iusliku kontuuriga pintsel tagab toote lihtsa pealekandmise ka probleemsetesse kohtadesse nagu k\u00fc\u00fcnevarre \u00fcmbrus.<\/li>\n<li>P\u00e4rast lambis k\u00f5venemist ei vaja see viilimist.<\/li>\n<li>Sobib suurep\u00e4raselt prantsuse stiili alusp\u00f5hjaks.<\/li>\n<\/ul>\n<\/div>","protected":false},"featured_media":9878,"template":"","meta":[],"product_brand":[],"product_cat":[116,131,219,117,128,231,220],"product_tag":[158,159],"class_list":{"0":"post-9877","1":"product","2":"type-product","3":"status-publish","4":"has-post-thumbnail","6":"product_cat-makear","7":"product_cat-gel-polishes-makear","8":"product_cat-base-and-top-coat","9":"product_cat-base","10":"product_cat-rubber-base-nude","11":"product_cat-rubber-base-coat","12":"product_cat-colourful-base-coat","13":"product_tag-kummist-alus","14":"product_tag-rubber-base","16":"first","17":"instock","18":"taxable","19":"shipping-taxable","20":"purchasable","21":"product-type-simple"},"jetpack_sharing_enabled":true,"_links":{"self":[{"href":"https:\/\/shop.bestudio.ee\/et\/wp-json\/wp\/v2\/product\/9877","targetHints":{"allow":["GET"]}}],"collection":[{"href":"https:\/\/shop.bestudio.ee\/et\/wp-json\/wp\/v2\/product"}],"about":[{"href":"https:\/\/shop.bestudio.ee\/et\/wp-json\/wp\/v2\/types\/product"}],"wp:featuredmedia":[{"embeddable":true,"href":"https:\/\/shop.bestudio.ee\/et\/wp-json\/wp\/v2\/media\/9878"}],"wp:attachment":[{"href":"https:\/\/shop.bestudio.ee\/et\/wp-json\/wp\/v2\/media?parent=9877"}],"wp:term":[{"taxonomy":"product_brand","embeddable":true,"href":"https:\/\/shop.bestudio.ee\/et\/wp-json\/wp\/v2\/product_brand?post=9877"},{"taxonomy":"product_cat","embeddable":true,"href":"https:\/\/shop.bestudio.ee\/et\/wp-json\/wp\/v2\/product_cat?post=9877"},{"taxonomy":"product_tag","embeddable":true,"href":"https:\/\/shop.bestudio.ee\/et\/wp-json\/wp\/v2\/product_tag?post=9877"}],"curies":[{"name":"t\u00f6\u00f6leht","href":"https:\/\/api.w.org\/{rel}","templated":true}]}}