{"id":9883,"date":"2023-09-26T20:24:40","date_gmt":"2023-09-26T17:24:40","guid":{"rendered":"https:\/\/shop.bestudio.ee\/?post_type=product&#038;p=9883"},"modified":"2025-12-01T00:28:34","modified_gmt":"2025-11-30T22:28:34","slug":"builder-base-pink-8ml","status":"publish","type":"product","link":"https:\/\/shop.bestudio.ee\/et\/toode\/builder-base-pink-8ml\/","title":{"rendered":"Builder Base Pink, 8ml"},"content":{"rendered":"<p><strong>Kuidas kasutada: <\/strong>soovitame kasutada eelnevalt karastatud klassikalisel alusel \u201cBase\u201d. Kuumendame v\u00e4hemalt 60 sekundit led-\/kahelampi valguses. Enne v\u00e4rvi pealekandmist ei pea seda p\u00fchkima.<\/p>\n<ul>\n<li>Mahutavus: 8 ml,<\/li>\n<li>M\u00e4rgistus: BB roosa.<\/li>\n<\/ul>\n<p>LED lamp min. 48W \u2013 1min. 36W UV lamp \u2013 2min.<\/p>\n<p>&nbsp;<\/p>\n<p>Koostis: akr\u00fc\u00fclaadid kopol\u00fcmeerid, HEMA, isoborn\u00fc\u00fclmetakr\u00fclaat, h\u00fcdroks\u00fcts\u00fckloheks\u00fc\u00fclfen\u00fc\u00fclketooni, trimet\u00fc\u00fclbenso\u00fc\u00fcldifosfiinoksiid, +\/-: CI 45410, CI 15850, CI 19140, CI 77742, CI 77510, CI 77510.<\/p>","protected":false},"excerpt":{"rendered":"<p><strong>Builder Base roosa <\/strong><\/p>\n<p>See on \u00f5rnroosa varjundiga v\u00e4ga k\u00f5va ehitusp\u00f5hi. Selle toote t\u00e4iuslik konsistents v\u00f5imaldab teil h\u00f5lpsasti luua k\u00fc\u00fcntele t\u00e4iusliku kumeruse.<\/p>\n<ul>\n<li>V\u00e4rv: pooll\u00e4bipaistev, soe roosa,<\/li>\n<li>Katvus: 40%,<\/li>\n<li>Selle tootega saate geeli taaskasvamise h\u00f5lpsalt l\u00f5pule viia,<\/li>\n<li>Omadused: k\u00f5va, ehitusalus,<\/li>\n<li>Ideaalne naturaalse k\u00fc\u00fcneplaadi k\u00f5vendamiseks ja mehaaniliste kahjustuste eest kaitsva kaare ehitamiseks,<\/li>\n<li>Konsistents: keskmise paksusega \/ isetasanduv.<\/li>\n<\/ul>","protected":false},"featured_media":9884,"template":"","meta":[],"product_brand":[],"product_cat":[116,219,117,130,232,220],"product_tag":[157,156],"class_list":{"0":"post-9883","1":"product","2":"type-product","3":"status-publish","4":"has-post-thumbnail","6":"product_cat-makear","7":"product_cat-base-and-top-coat","8":"product_cat-base","9":"product_cat-builder-base-nude","10":"product_cat-builder-base-coat","11":"product_cat-colourful-base-coat","12":"product_tag-bulder-base","13":"product_tag-ehitusbaas","15":"first","16":"instock","17":"taxable","18":"shipping-taxable","19":"purchasable","20":"product-type-simple"},"jetpack_sharing_enabled":true,"_links":{"self":[{"href":"https:\/\/shop.bestudio.ee\/et\/wp-json\/wp\/v2\/product\/9883","targetHints":{"allow":["GET"]}}],"collection":[{"href":"https:\/\/shop.bestudio.ee\/et\/wp-json\/wp\/v2\/product"}],"about":[{"href":"https:\/\/shop.bestudio.ee\/et\/wp-json\/wp\/v2\/types\/product"}],"wp:featuredmedia":[{"embeddable":true,"href":"https:\/\/shop.bestudio.ee\/et\/wp-json\/wp\/v2\/media\/9884"}],"wp:attachment":[{"href":"https:\/\/shop.bestudio.ee\/et\/wp-json\/wp\/v2\/media?parent=9883"}],"wp:term":[{"taxonomy":"product_brand","embeddable":true,"href":"https:\/\/shop.bestudio.ee\/et\/wp-json\/wp\/v2\/product_brand?post=9883"},{"taxonomy":"product_cat","embeddable":true,"href":"https:\/\/shop.bestudio.ee\/et\/wp-json\/wp\/v2\/product_cat?post=9883"},{"taxonomy":"product_tag","embeddable":true,"href":"https:\/\/shop.bestudio.ee\/et\/wp-json\/wp\/v2\/product_tag?post=9883"}],"curies":[{"name":"t\u00f6\u00f6leht","href":"https:\/\/api.w.org\/{rel}","templated":true}]}}