{"id":9903,"date":"2023-09-26T17:57:37","date_gmt":"2023-09-26T17:57:37","guid":{"rendered":"https:\/\/shop.bestudio.ee\/?post_type=product&#038;p=9903"},"modified":"2025-12-01T00:29:09","modified_gmt":"2025-11-30T22:29:09","slug":"c23-cat-eye-23-8ml","status":"publish","type":"product","link":"https:\/\/shop.bestudio.ee\/et\/toode\/c23-cat-eye-23-8ml\/","title":{"rendered":"Geellakk C23 Cat Eye 23, 8ml"},"content":{"rendered":"<p><strong>M\u00c4RGE:<\/strong>\u00a0enne pealekandmist loksutage pudelit korralikult (osakesed settivad p\u00f5hja),<\/p>\n<ul>\n<li>Mahutavus: 8 ml,<\/li>\n<li>M\u00e4rgistus: C20-C26.<\/li>\n<\/ul>\n<p>LED lamp min. 48W \u2013 1min. 36W UV lamp \u2013 2min.<\/p>\n<p>&nbsp;<\/p>\n<p>KOOSTISOSAD: AKR\u00dcLAADIDE KOPOL\u00dcMEER, HEMA, TRIMET\u00dc\u00dcBENSO\u00dc\u00dcLDIFEN\u00dcLFOSFIOKSIID, H\u00dcDROKS\u00dcTS\u00dcKLOHEKS\u00dc\u00dcLFEN\u00dc\u00dcLKETOON, R\u00e4nidioksiid, Vilgukivi, +\/-: CI 45410, CI 15810, CI 15810, 407,7191,407,41910 CI 77499, CI 77891, CI 77288.<\/p>","protected":false},"excerpt":{"rendered":"<p><strong>Kassisilm 23<\/strong><\/p>\n<p><strong>Makear \u2122 UV \/ LED h\u00fcbriidlakk<\/strong><\/p>\n<p><strong>Kassi silmade seeria<\/strong><\/p>\n<p>Kollektsioon enimm\u00fc\u00fcdud kassisilma efektiga lakkidest. Seitsmes kaunis v\u00e4rvitoonis magnetlakid r\u00f5\u00f5mustavad teid juba esimesest kasutuskorrast.<\/p>\n<ul>\n<li>M\u00f5eldud professionaalseks kasutamiseks,<\/li>\n<li>K\u00f5rgl\u00e4ike,<\/li>\n<li>Geeli vastupidavus \u2013 mitmen\u00e4dalane toime,<\/li>\n<li>3-vaba toode \u2013 vaba formaldeh\u00fc\u00fcdist, tolueenist ja DBP-st,<\/li>\n<li>T\u00e4iusliku kontuuriga pintsel,<\/li>\n<li>Korgi tegelik v\u00e4rv ja luksuslik pudel muudavad toote ainulaadseks,<\/li>\n<li>Lakk on pakendatud pappkarpi, mis tagab ohutuse transportimisel ning on samas t\u00e4ielikult biolagunev *,<\/li>\n<li>Magnetiline h\u00fcbriidlakk kassisilma efektiga,<\/li>\n<li>Efekt saavutatakse spetsiaalse magnetiga.<\/li>\n<\/ul>","protected":false},"featured_media":9904,"template":"","meta":[],"product_brand":[],"product_cat":[116,131,141,218,242],"product_tag":[154,152,153,155],"class_list":{"0":"post-9903","1":"product","2":"type-product","3":"status-publish","4":"has-post-thumbnail","6":"product_cat-makear","7":"product_cat-gel-polishes-makear","8":"product_cat-cat-eye-series","9":"product_cat-nail-gel-polishes","10":"product_cat-cat-eye-collection","11":"product_tag-cat-eye","12":"product_tag-geellakk","13":"product_tag-gel-polish","14":"product_tag-kassi-silm","16":"first","17":"instock","18":"taxable","19":"shipping-taxable","20":"purchasable","21":"product-type-simple"},"jetpack_sharing_enabled":true,"_links":{"self":[{"href":"https:\/\/shop.bestudio.ee\/et\/wp-json\/wp\/v2\/product\/9903","targetHints":{"allow":["GET"]}}],"collection":[{"href":"https:\/\/shop.bestudio.ee\/et\/wp-json\/wp\/v2\/product"}],"about":[{"href":"https:\/\/shop.bestudio.ee\/et\/wp-json\/wp\/v2\/types\/product"}],"wp:featuredmedia":[{"embeddable":true,"href":"https:\/\/shop.bestudio.ee\/et\/wp-json\/wp\/v2\/media\/9904"}],"wp:attachment":[{"href":"https:\/\/shop.bestudio.ee\/et\/wp-json\/wp\/v2\/media?parent=9903"}],"wp:term":[{"taxonomy":"product_brand","embeddable":true,"href":"https:\/\/shop.bestudio.ee\/et\/wp-json\/wp\/v2\/product_brand?post=9903"},{"taxonomy":"product_cat","embeddable":true,"href":"https:\/\/shop.bestudio.ee\/et\/wp-json\/wp\/v2\/product_cat?post=9903"},{"taxonomy":"product_tag","embeddable":true,"href":"https:\/\/shop.bestudio.ee\/et\/wp-json\/wp\/v2\/product_tag?post=9903"}],"curies":[{"name":"t\u00f6\u00f6leht","href":"https:\/\/api.w.org\/{rel}","templated":true}]}}