{"id":9923,"date":"2023-09-28T16:21:53","date_gmt":"2023-09-28T16:21:53","guid":{"rendered":"https:\/\/shop.bestudio.ee\/?post_type=product&#038;p=9923"},"modified":"2025-12-01T00:27:47","modified_gmt":"2025-11-30T22:27:47","slug":"gc02-galaxy-cat-eye-02-8ml","status":"publish","type":"product","link":"https:\/\/shop.bestudio.ee\/et\/toode\/gc02-galaxy-cat-eye-02-8ml\/","title":{"rendered":"Geellakk GC02 Galaxy Cat Eye 02, 8ml"},"content":{"rendered":"<ul>\n<li>Ettevaatust: enne pealekandmist tuleb pudelit loksutada (t\u00e4pid j\u00e4\u00e4vad p\u00f5hja)<\/li>\n<li>Maht: 8 ml<\/li>\n<li>Kinnitus: CG01-CG06<\/li>\n<\/ul>\n<p>LED lamp min 48W \u2013 1 minut. UV-lamp 36W \u2013 2 minutit<\/p>\n<p>Kasutusviis: Kandke \u00f5huke kiht aluslakki \u2013 k\u00f5vendage UV\/LED lambis. Kandke esimene kiht oma lemmik Cat Eye v\u00e4rvi \u2013 t\u00f5mmake Magnetic Stick k\u00fc\u00fcne poole 5 sekundiks (mitte seda puudutades) \u2013 kuivatage UV\/LED lambis. Kandke teine kiht Cat Eye v\u00e4rvi ja t\u00f5mmake Magnetic Stick 5 sekundit k\u00fc\u00fcne poole (mitte puudutades). Kui teil on rahuldav m\u00f5ju, kuivatage see UV\/LED-lambis.<\/p>\n<p>KOOSTISOSAD: AKR\u00dcLAADIDE KOPOL\u00dcMEER, HEMA, TRIMET\u00dc\u00dcBENSO\u00dc\u00dcLDIFEN\u00dcLFOSFIOKSIID, H\u00dcDROKS\u00dcTS\u00dcKLOHEKS\u00dc\u00dcLFEN\u00dc\u00dcLKETOON, R\u00e4nidioksiid, Vilgukivi, +\/-: CI 45410, CI 15810, CI 15810, 407,7191,407,41910 CI 77499, CI 77891, CI 77288.<\/p>","protected":false},"excerpt":{"rendered":"<p>Geellakk MAKEAR\u2122 UV\/LED<br \/>\nGalaxy Cat Eye kollektsioon<\/p>\n<p>Meie Illusioni ja Cat Eye kollektsioonide segu? Miks mitte? Selge, p\u00f5nev ja kahe v\u00e4rvi segu, mis r\u00f5\u00f5mustab k\u00f5iki. Dioptrilised metallit\u00e4pid, mida leiate Galaxy kollektsioonist, loovad h\u00e4mmastava galaktika.<br \/>\nEfekti saavutamiseks peaks teil olema Magnetic Stick.<\/p>\n<ul>\n<li>K\u00f5rgl\u00e4ikega<\/li>\n<li>Vastupidavus: paar n\u00e4dalat<\/li>\n<li>3-vabad tooted: ilma formaldeh\u00fc\u00fcdi, tolueeni ja DBPta<\/li>\n<li>Ideaalse kujuga pintsel<\/li>\n<li>T\u00f5eline v\u00e4rv korgil ja luksuslik pudel muudavad selle toote ainulaadseks<\/li>\n<li>Geellakk on pakendatud papppakendisse, mis tagab ohutuse transportimisel ja on ka t\u00e4ielikult biolagunev*<\/li>\n<li>Efekt saavutatakse Magnetic Sticki abil<\/li>\n<\/ul>","protected":false},"featured_media":9924,"template":"","meta":[],"product_brand":[],"product_cat":[116,131,141,218,242],"product_tag":[154,152,153,155],"class_list":{"0":"post-9923","1":"product","2":"type-product","3":"status-publish","4":"has-post-thumbnail","6":"product_cat-makear","7":"product_cat-gel-polishes-makear","8":"product_cat-cat-eye-series","9":"product_cat-nail-gel-polishes","10":"product_cat-cat-eye-collection","11":"product_tag-cat-eye","12":"product_tag-geellakk","13":"product_tag-gel-polish","14":"product_tag-kassi-silm","16":"first","17":"instock","18":"taxable","19":"shipping-taxable","20":"purchasable","21":"product-type-simple"},"jetpack_sharing_enabled":true,"_links":{"self":[{"href":"https:\/\/shop.bestudio.ee\/et\/wp-json\/wp\/v2\/product\/9923","targetHints":{"allow":["GET"]}}],"collection":[{"href":"https:\/\/shop.bestudio.ee\/et\/wp-json\/wp\/v2\/product"}],"about":[{"href":"https:\/\/shop.bestudio.ee\/et\/wp-json\/wp\/v2\/types\/product"}],"wp:featuredmedia":[{"embeddable":true,"href":"https:\/\/shop.bestudio.ee\/et\/wp-json\/wp\/v2\/media\/9924"}],"wp:attachment":[{"href":"https:\/\/shop.bestudio.ee\/et\/wp-json\/wp\/v2\/media?parent=9923"}],"wp:term":[{"taxonomy":"product_brand","embeddable":true,"href":"https:\/\/shop.bestudio.ee\/et\/wp-json\/wp\/v2\/product_brand?post=9923"},{"taxonomy":"product_cat","embeddable":true,"href":"https:\/\/shop.bestudio.ee\/et\/wp-json\/wp\/v2\/product_cat?post=9923"},{"taxonomy":"product_tag","embeddable":true,"href":"https:\/\/shop.bestudio.ee\/et\/wp-json\/wp\/v2\/product_tag?post=9923"}],"curies":[{"name":"t\u00f6\u00f6leht","href":"https:\/\/api.w.org\/{rel}","templated":true}]}}