{"id":9972,"date":"2023-09-28T18:47:33","date_gmt":"2023-09-28T18:47:33","guid":{"rendered":"https:\/\/shop.bestudio.ee\/?post_type=product&#038;p=9972"},"modified":"2025-12-01T00:26:42","modified_gmt":"2025-11-30T22:26:42","slug":"ag03-milky-pink-30g","status":"publish","type":"product","link":"https:\/\/shop.bestudio.ee\/et\/toode\/ag03-milky-pink-30g\/","title":{"rendered":"Akr\u00fcgel AG03 piimjas roosa, 30g"},"content":{"rendered":"<p><strong>Kuidas kasutada k\u00fc\u00fcnepikendusvorme ja \u017eelakr\u00fc\u00fcli?<\/strong><\/p>\n<p>1. Valmistage looduslik k\u00fc\u00fcneplaat korralikult ette, matistades, puhastades ja rasvatustades.<br \/>\n2. Kandke aluskiht peale ja kuivatage LED\/UV-lambi all.<br \/>\n3. L\u00f5ika ja reguleeri vorm nii, et see sobiks naela servaga. Kasutage toote k\u00fclgedele hajutamiseks puhastusvahendisse kastetud pintslit.<br \/>\n4. Kui olete tulemusega rahul, kuivatage lambis 60 sekundit.<br \/>\n5. Puhastage puhastusvahendiga ja viilige soovitud kuju saavutamiseks.<\/p>\n<p><strong>Kuidas kasutada kahevormilisi pikendusi ja \u017eelakr\u00fc\u00fcli:<\/strong><\/p>\n<p>1. Valmistage ette naturaalne k\u00fc\u00fcneplaat matistamise, puhastamise ja rasvatustamise teel.<br \/>\n2. Kandke aluskiht peale ja kuivatage LED\/UV-lambi all.<br \/>\n3. M\u00e4\u00e4ri akr\u00fc\u00fclgeel kahekordsesse vormi, p\u00f6\u00f6rates t\u00e4helepanu soovitud pikkusele.<br \/>\n4. Asetage topeltvorm k\u00fc\u00fcnele ja vajutage alla.<br \/>\n5. Puhasta \u00fcleliigne ja kasuta kuju korrigeerimiseks viili.<br \/>\n6. L\u00f5peta stiliseerimine<\/p>\n<p><strong>Toode sobib kokku k\u00f5igi manik\u00fc\u00fcritoodetega. <\/strong><\/p>\n<p><strong>LED lambid min. 48W \u2013 1min. 36W UV lamp \u2013 2min.<\/strong><\/p>","protected":false},"excerpt":{"rendered":"<p><strong>Gelacryl<\/strong><\/p>\n<p><strong>Akr\u00fc\u00fclgeel \u00fchendab \u00fches tootes nii akr\u00fc\u00fcli kui ka geeli parimad omadused, saavutades akr\u00fc\u00fcli vastupidavuse ja t\u00f6\u00f6kindluse koos geeli paindlikkusega. Gelacryl on v\u00e4lja t\u00f6\u00f6tatud nii, et see sobiks nii traditsiooniliste k\u00fc\u00fcnepikendusvormidega kui ka kahekordsete vormidega. <\/strong><\/p>\n<p>&nbsp;<\/p>\n<p><strong>See t\u00f6\u00f6tab erakordselt h\u00e4sti:<\/strong><\/p>\n<ul>\n<li>\u00dcleehitus<\/li>\n<li>Naturaalsete k\u00fc\u00fcneplaatide k\u00f5venemine<\/li>\n<li>Laiendused<\/li>\n<li>Rekonstrueerimine<\/li>\n<li>Allapoole kasvavate k\u00fc\u00fcnte korrigeerimine<\/li>\n<\/ul>\n<p><strong>Eelised<\/strong>:<\/p>\n<ul>\n<li>Paks konsistents, mis takistab k\u00fc\u00fcnenahale sattumist, pakkudes t\u00e4ielikku kontrolli toote \u00fcle.<\/li>\n<li>EI P\u00d5HJUSTA P\u00d5LEMIST LAMPI ALL.<\/li>\n<li>L\u00f5hnatu<\/li>\n<li>V\u00f5imaldab \u00fcheaegselt teha kuni 5 k\u00fc\u00fcnepikendust<\/li>\n<li>Tagab kauakestva stiili; k\u00fc\u00fcned muutuvad kahjustuste suhtes v\u00e4ga vastupidavaks.<\/li>\n<\/ul>","protected":false},"featured_media":9973,"template":"","meta":[],"product_brand":[],"product_cat":[116,143,222,224],"product_tag":[147,146],"class_list":{"0":"post-9972","1":"product","2":"type-product","3":"status-publish","4":"has-post-thumbnail","6":"product_cat-makear","7":"product_cat-acrylogel-gelacryl","8":"product_cat-sculpting-gel-acrygel","9":"product_cat-acrygel","10":"product_tag-acrygel","11":"product_tag-akrugeel","13":"first","14":"instock","15":"taxable","16":"shipping-taxable","17":"purchasable","18":"product-type-simple"},"jetpack_sharing_enabled":true,"_links":{"self":[{"href":"https:\/\/shop.bestudio.ee\/et\/wp-json\/wp\/v2\/product\/9972","targetHints":{"allow":["GET"]}}],"collection":[{"href":"https:\/\/shop.bestudio.ee\/et\/wp-json\/wp\/v2\/product"}],"about":[{"href":"https:\/\/shop.bestudio.ee\/et\/wp-json\/wp\/v2\/types\/product"}],"wp:featuredmedia":[{"embeddable":true,"href":"https:\/\/shop.bestudio.ee\/et\/wp-json\/wp\/v2\/media\/9973"}],"wp:attachment":[{"href":"https:\/\/shop.bestudio.ee\/et\/wp-json\/wp\/v2\/media?parent=9972"}],"wp:term":[{"taxonomy":"product_brand","embeddable":true,"href":"https:\/\/shop.bestudio.ee\/et\/wp-json\/wp\/v2\/product_brand?post=9972"},{"taxonomy":"product_cat","embeddable":true,"href":"https:\/\/shop.bestudio.ee\/et\/wp-json\/wp\/v2\/product_cat?post=9972"},{"taxonomy":"product_tag","embeddable":true,"href":"https:\/\/shop.bestudio.ee\/et\/wp-json\/wp\/v2\/product_tag?post=9972"}],"curies":[{"name":"t\u00f6\u00f6leht","href":"https:\/\/api.w.org\/{rel}","templated":true}]}}