{"id":9990,"date":"2023-09-28T22:26:17","date_gmt":"2023-09-28T19:26:17","guid":{"rendered":"https:\/\/shop.bestudio.ee\/?post_type=product&#038;p=9990"},"modified":"2025-12-01T00:25:00","modified_gmt":"2025-11-30T22:25:00","slug":"dual-forms-square-120pcs","status":"publish","type":"product","link":"https:\/\/shop.bestudio.ee\/et\/toode\/dual-forms-square-120pcs\/","title":{"rendered":"Dual Forms Square, 120tk"},"content":{"rendered":"<p>Karbis on 12 suurust, igas suuruses on 10 vormi.<\/p>\n<p>Pakendis on 120 blanketti.<\/p>","protected":false},"excerpt":{"rendered":"<p><strong>Kahekordne silikoonvorm naturaalsete k\u00fc\u00fcnte pikendamiseks ja k\u00f5vendamiseks akr\u00fc\u00fclgeeli, akr\u00fc\u00fcli ja geelide kasutamisel.<\/strong><\/p>\n<p>Eelised:<\/p>\n<ul>\n<li>Korduvkasutatavus - p\u00e4rast kujundamise ja lambi all k\u00f5venemise l\u00f5petamist saate vorme uuesti kasutada<\/li>\n<li>Need sobivad h\u00e4sti, ehitades k\u00fc\u00fcneraami, luues tunneli ja C-kuju<\/li>\n<li>Vorm on vastupidav ja painduv.<\/li>\n<li>Kahekordsete vormidega t\u00f6\u00f6tamine kiirendab stilisti t\u00f6\u00f6d.<\/li>\n<li>T\u00e4iendavad, \u00fchtlaselt paigutatud jooned v\u00f5imaldavad valida laienduse pikkuse.<\/li>\n<\/ul>","protected":false},"featured_media":9991,"template":"","meta":[],"product_brand":[],"product_cat":[116,143,226,230],"product_tag":[144,145],"class_list":{"0":"post-9990","1":"product","2":"type-product","3":"status-publish","4":"has-post-thumbnail","6":"product_cat-makear","7":"product_cat-acrylogel-gelacryl","8":"product_cat-accessories","9":"product_cat-nail-accessories","10":"product_tag-kuunte-vormid","11":"product_tag-nail-forms","13":"first","14":"outofstock","15":"taxable","16":"shipping-taxable","17":"purchasable","18":"product-type-simple"},"jetpack_sharing_enabled":true,"_links":{"self":[{"href":"https:\/\/shop.bestudio.ee\/et\/wp-json\/wp\/v2\/product\/9990","targetHints":{"allow":["GET"]}}],"collection":[{"href":"https:\/\/shop.bestudio.ee\/et\/wp-json\/wp\/v2\/product"}],"about":[{"href":"https:\/\/shop.bestudio.ee\/et\/wp-json\/wp\/v2\/types\/product"}],"wp:featuredmedia":[{"embeddable":true,"href":"https:\/\/shop.bestudio.ee\/et\/wp-json\/wp\/v2\/media\/9991"}],"wp:attachment":[{"href":"https:\/\/shop.bestudio.ee\/et\/wp-json\/wp\/v2\/media?parent=9990"}],"wp:term":[{"taxonomy":"product_brand","embeddable":true,"href":"https:\/\/shop.bestudio.ee\/et\/wp-json\/wp\/v2\/product_brand?post=9990"},{"taxonomy":"product_cat","embeddable":true,"href":"https:\/\/shop.bestudio.ee\/et\/wp-json\/wp\/v2\/product_cat?post=9990"},{"taxonomy":"product_tag","embeddable":true,"href":"https:\/\/shop.bestudio.ee\/et\/wp-json\/wp\/v2\/product_tag?post=9990"}],"curies":[{"name":"t\u00f6\u00f6leht","href":"https:\/\/api.w.org\/{rel}","templated":true}]}}