{"id":182,"date":"2022-10-22T11:01:58","date_gmt":"2022-10-22T11:01:58","guid":{"rendered":"https:\/\/shop.bestudio.ee\/?page_id=182"},"modified":"2022-11-21T08:48:12","modified_gmt":"2022-11-21T08:48:12","slug":"privacy-policy-and-terms","status":"publish","type":"page","link":"https:\/\/shop.bestudio.ee\/fi\/privacy-policy-and-terms\/","title":{"rendered":"K\u00e4ytt\u00f6ehdot"},"content":{"rendered":"<h2 class=\"wp-block-heading\">K\u00e4ytt\u00f6ehdot<\/h2>\n\n\n\n<p>Verkkokaupan shop.bestudio.ee omistaja on De Sol Beauty O\u00dc, joka sijaitsee osoitteessa J. Vilmsi 53b, 10147 Tallinna, Viro.<\/p>\n\n\n\n<hr class=\"wp-block-separator has-alpha-channel-opacity\"\/>\n\n\n\n<p><strong>Myyntisopimuksen voimassaolo, tuote- ja hintatiedot<\/strong><\/p>\n\n\n\n<p>Verkkokaupassa myyt\u00e4vien tuotteiden hinnat on ilmoitettu tuotteiden vieress\u00e4. Hinta sis\u00e4lt\u00e4\u00e4 tavaran toimitusmaksun. Tavaran toimitusmaksu riippuu ostajan sijainnista ja toimitustavasta. Toimituskulut n\u00e4kyv\u00e4t ostajalle tilausta tehdess\u00e4\u00e4n.<br>Tuotteen tiedot l\u00f6ytyv\u00e4t Verkkokaupassa suoraan tuotteen vierest\u00e4.<br>Tavaran osto- ja myyntisopimus katsotaan tehdyksi, kun Ostaja on tehnyt tilauksen ja myyj\u00e4 on vahvistanut tilauksen. Tilausvahvistus l\u00e4hetet\u00e4\u00e4n s\u00e4hk\u00f6postitse.<\/p>\n\n\n\n<hr class=\"wp-block-separator has-alpha-channel-opacity\"\/>\n\n\n\n<p><strong>Tilauksen muodostaminen<\/strong><\/p>\n\n\n\n<p>Tavaran tilaamiseksi sinun tulee lis\u00e4t\u00e4 haluamasi tuotteet ostoskoriin. Suorittaaksesi tilauksen, sinun tulee t\u00e4ytt\u00e4\u00e4 vaaditut tietokent\u00e4t ja valita sopiva tuotteen toimitustapa. T\u00e4m\u00e4n j\u00e4lkeen n\u00e4yt\u00f6ll\u00e4 n\u00e4kyy maksun suuruus, jonka voi maksaa pankkilinkin tai muun maksutavan kautta. Pankkilinkill\u00e4 maksaessasi muista painaa &quot;Takaisin kauppiaalle&quot; -painiketta pankin sivulla.<\/p>\n\n\n\n<p>Maksaminen tapahtuu shop.bestudio.ee ulkopuolella suojatussa ymp\u00e4rist\u00f6ss\u00e4 \u2013 pankkilinkill\u00e4 maksettaessa, kunkin pankin suojatussa ymp\u00e4rist\u00f6ss\u00e4 ja luottokortilla maksettaessa Maksekeskus AS:n suojatussa ymp\u00e4rist\u00f6ss\u00e4. Myyj\u00e4ll\u00e4 ei ole p\u00e4\u00e4sy\u00e4 asiakkaan pankki- ja luottokorttitietoihin.<\/p>\n\n\n\n<p>Sopimus tulee voimaan, kun maksettava summa on saapunut Verkkokaupan k\u00e4ytt\u00f6tilille. Mik\u00e4li tilattua tavaraa ei voida toimittaa tavaran loppumisen vuoksi tai jostain muusta syyst\u00e4, siit\u00e4 ilmoitetaan ostajalle mahdollisimman pian ja maksetut rahat (mukaan lukien tavaran toimituskulut) palautetaan viipym\u00e4tt\u00e4, mutta viimeist\u00e4\u00e4n 14 p\u00e4iv\u00e4n kuluessa ilmoituksen l\u00e4hett\u00e4misest\u00e4.<\/p>\n\n\n\n<hr class=\"wp-block-separator has-alpha-channel-opacity\"\/>\n\n\n\n<p><strong>Toimitus<\/strong><\/p>\n\n\n\n<p>Tavarat l\u00e4hetet\u00e4\u00e4n seuraaviin maihin: Viro, Suomi, Latvia.<br>Tavaran toimituskulut maksaa ostaja ja vastaavat hintatiedot n\u00e4kyv\u00e4t toimitustavan vieress\u00e4. Viron sis\u00e4iset l\u00e4hetykset saapuvat yleens\u00e4 ostajan ilmoittamaan m\u00e4\u00e4r\u00e4np\u00e4\u00e4h\u00e4n 1-7 ty\u00f6p\u00e4iv\u00e4n kuluessa myyntisopimuksen voimaantulosta. Kansainv\u00e4liset l\u00e4hetykset saapuvat perille p\u00e4\u00e4s\u00e4\u00e4nt\u00f6isesti 2-7 arkip\u00e4iv\u00e4n kuluessa.<br>Poikkeustapauksissa meill\u00e4 on oikeus toimittaa tavarat 45 kalenterip\u00e4iv\u00e4n kuluessa.<\/p>\n\n\n\n<p>Toimituskumppaneitamme ovat: Omniva, SmartPost\/Itella, DPD<\/p>\n\n\n\n<p>L\u00e4hetys toimitetaan pakettiautomaattiin.<\/p>\n\n\n\n<hr class=\"wp-block-separator has-alpha-channel-opacity\"\/>\n\n\n\n<p><strong>Maksut<\/strong><\/p>\n\n\n\n<p>De Sol Beauty O\u00dc on henkil\u00f6tietojen vastuullinen k\u00e4sittelij\u00e4, De Sol Beauty O\u00dc siirt\u00e4\u00e4 maksujen suorittamiseen tarvittavat henkil\u00f6tiedot valtuutetulle k\u00e4sittelij\u00e4lle Maksekeskus AS. Maksut hoidetaan Maksekeskus AS gatewayn (pankkilinkkien), PayPalin, suoran pankkisiirron tai k\u00e4teisen kautta BE Studio -salongissa. Maksut k\u00e4sitell\u00e4\u00e4n euroissa (EUR).<\/p>\n\n\n\n<p>Pankkilinkit (valtuutettu k\u00e4sittelij\u00e4 Maksekeskus AS): Swedbank, SEB, LHV, Luminor, Coop Pank, Citadele, Pocopay, Indivy, Liisi ID, Aktia, \u00c5landsbanken, Danske, Handelsbanken, Nordea, Oma S\u00e4\u00e4st\u00f6pankki, OP, POP Pankki, S-Pankki ja S\u00e4\u00e4stopankki.<\/p>\n\n\n\n<p><\/p>\n\n\n\n<p>Suora pankkisiirto:<\/p>\n\n\n\n<p>De Sol Beauty O\u00dc<br>Osoite: Paasiku 22-204 13916 Tallinn, Viro<br>Pankkitilinumero: EE751010220218399221<br>SWIFT-koodi: EEUHEE2x<br>Pankin nimi: SEB Pankki<\/p>\n\n\n\n<hr class=\"wp-block-separator has-alpha-channel-opacity\"\/>\n\n\n\n<p><strong>Peruuttamisoikeus<\/strong><\/p>\n\n\n\n<p>Tilauksen vastaanottamisen j\u00e4lkeen ostajalla on oikeus perua verkkokaupassa solmittu sopimus 14 p\u00e4iv\u00e4n kuluessa. Kosmetiikka- ja hajuvesituotteita, joiden pakkaus on auki, ei voi palauttaa. Tuotteet, joiden k\u00e4ytt\u00f6\u00e4 (tai k\u00e4ytt\u00e4m\u00e4tt\u00e4 j\u00e4tt\u00e4mist\u00e4) ei voida valvoa, eiv\u00e4t my\u00f6sk\u00e4\u00e4n ole oikeutettuja palautukseen. Esimerkiksi meikkituotteet, joiden s\u00e4ilyvyys on suhteellisen lyhyt ja riippuu suoraan tuotteen avaamisajasta. Peruuttamisoikeus ei koske, jos ostaja on oikeushenkil\u00f6. 14 p\u00e4iv\u00e4n palautusoikeuden k\u00e4ytt\u00e4miseksi tilattua tuotetta ei saa k\u00e4ytt\u00e4\u00e4 muulla tavalla kuin on tarpeen tavaran luonteen, ominaisuuksien ja toiminnan todentamiseksi tavalla, joka on mahdollista tavaroiden fyysisess\u00e4 testauksessa. tallentaa. Jos tavaroita on k\u00e4ytetty muuhun tarkoitukseen kuin on tarpeen tavaran luonteen, ominaisuuksien ja toiminnan tarkastamiseksi tai jos niiss\u00e4 on k\u00e4yt\u00f6n tai kulumisen merkkej\u00e4, Verkkokaupalla on oikeus alentaa palautettavaa maksua alennuksen mukaisesti. tavaroiden arvossa. Tavaran palauttamiseksi sinun tulee tehd\u00e4 vapaamuotoinen peruuttamishakemus ja l\u00e4hetett\u00e4v\u00e4 se s\u00e4hk\u00f6postitse osoitteeseen info@bestudio.ee viimeist\u00e4\u00e4n 14 p\u00e4iv\u00e4n kuluessa tavaran vastaanottamisesta. Tavaran palautuskulut maksaa ostaja, ellei palautuksen syyn\u00e4 ole se, ett\u00e4 palautettava tuote ei vastaa tilattua (esim. v\u00e4\u00e4r\u00e4 tai viallinen tuote). Ostajan on palautettava tavara 14 p\u00e4iv\u00e4n kuluessa hakemuksen j\u00e4tt\u00e4misest\u00e4 tai todistettava, ett\u00e4 h\u00e4n on luovuttanut tavaran tavaran kuljettajalle edell\u00e4 mainitun ajan kuluessa. Palautetun tavaran saatuaan verkkokauppa palauttaa ostajalle v\u00e4litt\u00f6m\u00e4sti, mutta viimeist\u00e4\u00e4n 14 p\u00e4iv\u00e4n kuluessa peruuttamisilmoituksen vastaanottamisesta, kaikki ostajalta sopimuksen mukaiset maksut. Verkkokauppa voi kielt\u00e4yty\u00e4 hyvitt\u00e4m\u00e4st\u00e4, kunnes se on vastaanottanut sopimuksen kohteena olevan tuotteen tai kunnes ostaja on esitt\u00e4nyt todisteita palauttaneensa tuotteen sen mukaan, kumpi tapahtuu ensin. Mik\u00e4li ostaja on nimenomaisesti valinnut muun toimitustavan kuin Verkkokaupan tarjoaman halvimman tavanomaisen toimitustavan, Verkkokaupan ei tarvitse palauttaa kuluttajalle tavanomaiseen toimitustapaan liittyv\u00e4\u00e4 hintaa ylitt\u00e4v\u00e4\u00e4 hintaa. Verkkokaupalla on oikeus vet\u00e4yty\u00e4 myynnist\u00e4 ja vaatia ostajalta tavaran palautus, jos tuotteen hinta verkkokaupassa on virheen vuoksi merkitty huomattavasti alle tavaran markkinahinnan.<\/p>\n\n\n\n<hr class=\"wp-block-separator has-alpha-channel-opacity\"\/>\n\n\n\n<p><strong>Suoramarkkinointi ja henkil\u00f6tietojen k\u00e4sittely<\/strong><\/p>\n\n\n\n<p>Verkkokauppa k\u00e4ytt\u00e4\u00e4 ostajan antamia henkil\u00f6tietoja (mukaan lukien nimi, puhelinnumero, osoite, s\u00e4hk\u00f6postiosoite, pankkitiedot) vain tilauksen k\u00e4sittelyyn ja tavaran l\u00e4hett\u00e4miseen ostajalle.<br>Verkkokauppa v\u00e4litt\u00e4\u00e4 henkil\u00f6tietoja kuljetuspalveluita tarjoaville yrityksille tavaroiden toimittamista varten.<br>Verkkokauppa l\u00e4hett\u00e4\u00e4 ostajalle uutiskirjeit\u00e4 ja tarjouksia ostajan s\u00e4hk\u00f6postiosoitteeseen vain, jos ostaja on ilmoittanut niin halutessaan sy\u00f6tt\u00e4m\u00e4ll\u00e4 s\u00e4hk\u00f6postiosoitteen verkkosivuille ja ilmoittanut haluavansa vastaanottaa suoramainoksia. Ostaja voi milloin tahansa kielt\u00e4yty\u00e4 s\u00e4hk\u00f6postiin l\u00e4hetett\u00e4vist\u00e4 tarjouksista ja uutiskirjeist\u00e4 ilmoittamalla siit\u00e4 meille s\u00e4hk\u00f6postitse osoitteeseen info@bestudio.ee tai noudattamalla tarjoukset sis\u00e4lt\u00e4v\u00e4ss\u00e4 s\u00e4hk\u00f6postissa olevia ohjeita.<\/p>\n\n\n\n<p>Verkkokauppa siirt\u00e4\u00e4 henkil\u00f6tietoja valtuutetuille k\u00e4sittelij\u00f6ille:<\/p>\n\n\n\n<p>Itella<br>Omniva<br>DPD<br>Swedbank<br>SEB<br>Maksekeskus AS<\/p>\n\n\n\n<hr class=\"wp-block-separator has-alpha-channel-opacity\"\/>\n\n\n\n<p><strong>Ev\u00e4steiden k\u00e4ytt\u00f6<\/strong><\/p>\n\n\n\n<p>K\u00e4ytt\u00e4jien paremmin palvelemiseksi shop.bestudio.ee -sivusto k\u00e4ytt\u00e4\u00e4 ev\u00e4steit\u00e4.<\/p>\n\n\n\n<hr class=\"wp-block-separator has-alpha-channel-opacity\"\/>\n\n\n\n<p><strong>Ev\u00e4steiden kielt\u00e4minen<\/strong><\/p>\n\n\n\n<p>K\u00e4ytt\u00e4j\u00e4ll\u00e4 on oikeus kielt\u00e4yty\u00e4 ev\u00e4steiden tallentamisesta tietokoneelle. Halutessaan k\u00e4ytt\u00e4j\u00e4n tulee muuttaa verkkoselaimen asetuksia. Eri verkkoselaimet k\u00e4ytt\u00e4v\u00e4t erilaisia menetelmi\u00e4 ev\u00e4steiden poistamiseen. Tarkemmat tiedot ovat n\u00e4ht\u00e4vill\u00e4 verkkosivuilla http:\/\/www.aki.ee\/et\/kupsised. Ev\u00e4steit\u00e4 est\u00e4ess\u00e4\u00e4n k\u00e4ytt\u00e4j\u00e4n tulee ottaa huomioon, ett\u00e4 kaikki verkkosivuston toiminnot eiv\u00e4t v\u00e4ltt\u00e4m\u00e4tt\u00e4 ole en\u00e4\u00e4 k\u00e4ytt\u00e4j\u00e4n k\u00e4ytett\u00e4viss\u00e4 ev\u00e4steiden eston j\u00e4lkeen.<\/p>\n\n\n\n<hr class=\"wp-block-separator has-alpha-channel-opacity\"\/>\n\n\n\n<p><strong>Mik\u00e4 on ev\u00e4ste?<\/strong><\/p>\n\n\n\n<p>Ev\u00e4ste on tekstitiedosto, jonka k\u00e4ytt\u00e4j\u00e4n vierailemat verkkosivut l\u00e4hett\u00e4v\u00e4t ja tallentavat k\u00e4ytt\u00e4j\u00e4n tietokoneelle. Ev\u00e4ste tallennetaan k\u00e4ytt\u00e4j\u00e4n verkkoselaimen tiedostohakemistoon. Jos k\u00e4ytt\u00e4j\u00e4 on vieraillut verkkosivulla aiemmin, verkkoselain lukee ev\u00e4steen ja v\u00e4litt\u00e4\u00e4 tarvittavat tiedot verkkosivulle tai elementille, joka alun perin tallensi ev\u00e4steen. Lis\u00e4tietoja ev\u00e4steist\u00e4 on saatavilla verkkosivustolla http:\/\/www.aki.ee\/et\/kupsised. Ev\u00e4steiden avulla voidaan seurata verkkosivuston k\u00e4ytt\u00f6tilastoja, osioiden suosiota ja muita verkkosivustolla suoritettuja toimintoja. Ev\u00e4steest\u00e4 saatuja tietoja k\u00e4ytet\u00e4\u00e4n verkkosivuston k\u00e4ytett\u00e4vyyden ja sis\u00e4ll\u00f6n parantamiseen.<\/p>\n\n\n\n<hr class=\"wp-block-separator has-alpha-channel-opacity\"\/>\n\n\n\n<p><strong>Sivustolla k\u00e4ytetyt ev\u00e4stetyypit<\/strong><\/p>\n\n\n\n<p>Pysyv\u00e4t ev\u00e4steet ovat v\u00e4ltt\u00e4m\u00e4tt\u00f6mi\u00e4 verkkosivustolla liikkumisessa ja sen toimintojen k\u00e4ytt\u00e4misess\u00e4. Pysyvien ev\u00e4steiden puuttuessa k\u00e4ytt\u00e4j\u00e4 ei pystyisi k\u00e4ytt\u00e4m\u00e4\u00e4n kaikkia verkkosivuston toimintoja. Istuntoev\u00e4steiden avulla verkkosivusto muistaa k\u00e4ytt\u00e4j\u00e4n aikaisemmat valinnat (esim. k\u00e4ytt\u00e4j\u00e4tunnus, kielen valinta jne.) ja tarjoaa siten tehokkaampia ja yksil\u00f6llisempi\u00e4 toimintoja. Seurantaev\u00e4steet ker\u00e4\u00e4v\u00e4t tietoja k\u00e4ytt\u00e4j\u00e4n k\u00e4ytt\u00e4ytymisest\u00e4 verkkosivustolla. Seurantaev\u00e4steest\u00e4 saadut tiedot mahdollistavat verkkosivuston k\u00e4yt\u00f6n helpotuksen. Mainosev\u00e4steet ker\u00e4\u00e4v\u00e4t tietoja k\u00e4ytt\u00e4jien selaustottumuksista, mik\u00e4 puolestaan mahdollistaa verkkosivuston esitt\u00e4v\u00e4n mainossis\u00e4lt\u00f6\u00e4 k\u00e4ytt\u00e4j\u00e4n mieltymysten mukaisesti. Lis\u00e4ksi vastaava ev\u00e4stetyyppi mahdollistaa mainoskampanjan tehokkuuden mittaamisen.<\/p>\n\n\n\n<hr class=\"wp-block-separator has-alpha-channel-opacity\"\/>\n\n\n\n<p><strong>Oikeus tehd\u00e4 valitus<\/strong><\/p>\n\n\n\n<p>Verkkokauppa vastaa ostajalle myytyjen tuotteiden sopimusehtojen vastaisuudesta tai virheest\u00e4, joka oli olemassa jo tavaran luovutushetkell\u00e4 ja joka ilmenee kahden vuoden kuluessa tavaran luovuttamisesta ostaja. Ensimm\u00e4isen kuuden kuukauden kuluessa tavaran toimittamisesta ostajalle oletetaan, ett\u00e4 virhe oli olemassa jo tavaran toimitushetkell\u00e4. Verkkokaupan vastuulla on kumota vastaava olettamus. Ostajalla on oikeus ottaa virhetilanteessa yhteytt\u00e4 verkkokauppaan viimeist\u00e4\u00e4n kahden kuukauden kuluessa l\u00e4hett\u00e4m\u00e4ll\u00e4 s\u00e4hk\u00f6postia osoitteeseen info@bestudio.ee tai soittamalla numeroon +372 5555 4437. Verkkokauppa ei vastaa virheist\u00e4. jotka ovat tapahtuneet sen j\u00e4lkeen, kun tavara on luovutettu ostajalle. Mik\u00e4li Verkkokaupasta ostetuissa tuotteissa on virheit\u00e4, joista Verkkokauppa vastaa, Verkkokauppa korjaa tai vaihtaa viallisen tuotteen. Mik\u00e4li tuotetta ei ole mahdollista korjata tai vaihtaa, verkkokauppa palauttaa ostajalle kaikki kauppasopimukseen liittyv\u00e4t maksut. Verkkokauppa vastaa kuluttajan valitukseen kirjallisesti tai kirjallisen j\u00e4ljent\u00e4misen mahdollistavassa muodossa 15 p\u00e4iv\u00e4n kuluessa.<\/p>\n\n\n\n<hr class=\"wp-block-separator has-alpha-channel-opacity\"\/>\n\n\n\n<p><strong>Argumenttien ratkaiseminen<\/strong><\/p>\n\n\n\n<p>Mik\u00e4li ostajalla on verkkokaupasta valituksia, ne tulee l\u00e4hett\u00e4\u00e4 osoitteeseen info@bestudio.ee tai soittamalla numeroon +372 5555 4437. Jos ostaja ja Verkkokauppa eiv\u00e4t pysty ratkaisemaan riitaa sopimuksella, ostaja voi ottaa yhteytt\u00e4 kuluttajariitalautakuntaan. . Voit tutustua menettelyehtoihin ja j\u00e4tt\u00e4\u00e4 hakemuksen <a href=\"https:\/\/ttja.ee\/tarbijavaidluste-komisjon#esitaavaldus\" data-type=\"URL\" data-id=\"https:\/\/ttja.ee\/tarbijavaidluste-komisjon#esitaavaldus\" target=\"_blank\" rel=\"noreferrer noopener\">t\u00e4ss\u00e4<\/a>. Kuluttajariitalautakunnan toimivaltaan kuuluu ostajan ja Verkkokaupan v\u00e4lisest\u00e4 sopimuksesta aiheutuvien riitojen ratkaiseminen. Ostajan valituksen k\u00e4sittely komissiossa on maksuton. Ostaja voi k\u00e4\u00e4nty\u00e4 Euroopan unionin kuluttajariitojen ratkaisufoorumin puoleen.<\/p>\n\n\n\n<p><\/p>","protected":false},"excerpt":{"rendered":"<p>Ehdot Verkkokaupan shop.bestudio.ee omistaja on De Sol Beauty O\u00dc, joka sijaitsee osoitteessa J. Vilmsi 53b,\u2026<\/p>","protected":false},"author":1,"featured_media":0,"parent":0,"menu_order":0,"comment_status":"closed","ping_status":"closed","template":"","meta":{"footnotes":""},"class_list":["post-182","page","type-page","status-publish","hentry"],"jetpack_sharing_enabled":true,"_links":{"self":[{"href":"https:\/\/shop.bestudio.ee\/fi\/wp-json\/wp\/v2\/pages\/182","targetHints":{"allow":["GET"]}}],"collection":[{"href":"https:\/\/shop.bestudio.ee\/fi\/wp-json\/wp\/v2\/pages"}],"about":[{"href":"https:\/\/shop.bestudio.ee\/fi\/wp-json\/wp\/v2\/types\/page"}],"author":[{"embeddable":true,"href":"https:\/\/shop.bestudio.ee\/fi\/wp-json\/wp\/v2\/users\/1"}],"replies":[{"embeddable":true,"href":"https:\/\/shop.bestudio.ee\/fi\/wp-json\/wp\/v2\/comments?post=182"}],"version-history":[{"count":16,"href":"https:\/\/shop.bestudio.ee\/fi\/wp-json\/wp\/v2\/pages\/182\/revisions"}],"predecessor-version":[{"id":9466,"href":"https:\/\/shop.bestudio.ee\/fi\/wp-json\/wp\/v2\/pages\/182\/revisions\/9466"}],"wp:attachment":[{"href":"https:\/\/shop.bestudio.ee\/fi\/wp-json\/wp\/v2\/media?parent=182"}],"curies":[{"name":"wp","href":"https:\/\/api.w.org\/{rel}","templated":true}]}}